{"id":123115,"date":"2022-01-28T16:00:11","date_gmt":"2022-01-28T15:00:11","guid":{"rendered":"https:\/\/www.anneau-du-rhin.com\/moto\/?post_type=product&#038;p=123115"},"modified":"2024-02-02T16:07:43","modified_gmt":"2024-02-02T15:07:43","slug":"trackdays-non-membre","status":"publish","type":"product","link":"https:\/\/www.anneau-du-rhin.com\/moto\/produit\/trackdays-non-membre\/","title":{"rendered":"Trackdays &#8211; Tarif non membre"},"content":{"rendered":"<p style=\"text-align: left;\"><em><b>ATTENTION :<\/b><\/em><\/p>\n<div dir=\"auto\"><strong><em>Ainsi, en 2024, les inscriptions \u00e0 nos roulages se feront d\u00e9sormais, d\u00e8s aujourd&#8217;hui, directement sur la boutique en ligne de <a class=\"x1i10hfl xjbqb8w x1ejq31n xd10rxx x1sy0etr x17r0tee x972fbf xcfux6l x1qhh985 xm0m39n x9f619 x1ypdohk xt0psk2 xe8uvvx xdj266r x11i5rnm xat24cr x1mh8g0r xexx8yu x4uap5 x18d9i69 xkhd6sd x16tdsg8 x1hl2dhg xggy1nq x1a2a7pz xt0b8zv x1fey0fg xo1l8bm\" tabindex=\"0\" role=\"link\" href=\"https:\/\/www.facebook.com\/profile.php?id=100044743367817&amp;__cft__[0]=AZVD1YBceUd9KvgysWR0kIKZRSDTDZxAwB8Z2tPwRAIZScQR-Fl8uAYKAxmFRicrA0f3x_feG3hIv_flGMqELa1SUmX9GuU5a5FdL9OLZbkr5osv9HhoHGCqjgxYD4KWzT0&amp;__tn__=-]K-R\"><span class=\"xt0psk2\">Team-Performance-55 Tp55<\/span><\/a> qui assurera aussi le SAV pour r\u00e9pondre \u00e0 toutes vos questions. Enfin, nos adh\u00e9rents continueront bien s\u00fbr de b\u00e9n\u00e9ficier des remises &#8220;membre MC ADR&#8221;, comme en 2023.<\/em><\/strong><\/div>\n<div dir=\"auto\"><strong><em><span class=\"x3nfvp2 x1j61x8r x1fcty0u xdj266r xhhsvwb xat24cr xgzva0m xxymvpz xlup9mm x1kky2od\"><img decoding=\"async\" loading=\"lazy\" class=\"xz74otr\" src=\"https:\/\/static.xx.fbcdn.net\/images\/emoji.php\/v9\/t9e\/1\/16\/27a1.png\" alt=\"\u27a1\" width=\"16\" height=\"16\" \/><\/span> <a class=\"x1i10hfl xjbqb8w x1ejq31n xd10rxx x1sy0etr x17r0tee x972fbf xcfux6l x1qhh985 xm0m39n x9f619 x1ypdohk xt0psk2 xe8uvvx xdj266r x11i5rnm xat24cr x1mh8g0r xexx8yu x4uap5 x18d9i69 xkhd6sd x16tdsg8 x1hl2dhg xggy1nq x1a2a7pz xt0b8zv x1fey0fg\" tabindex=\"0\" role=\"link\" href=\"https:\/\/www.teamperformance55.com\/dates-tp55-c102x4196010?fbclid=IwAR1Ae3b1A3xVtwls3AQUYo5doYVKyCDNukI_te8emEIOcbziZIuOSy62Rpk\" target=\"_blank\" rel=\"nofollow noopener noreferrer\">https:\/\/www.teamperformance55.com\/dates-tp55-c102x4196010<\/a><\/em><\/strong><\/div>\n<p style=\"text-align: left;\"><em><strong>ATTENTION : Tarif membre MC ADR sera v\u00e9rifi\u00e9 par notre \u00e9quipe<\/strong><\/em><\/p>\n<p style=\"text-align: left;\">Nos journ\u00e9es Trackdays ont lieu certains jours f\u00e9ri\u00e9s, ou de weekends, et sont ouverts \u00e0 tous les motards, et toutes les motos, quelque soient leurs niveaux et leurs performances. R\u00e9partis en 3 groupes de niveaux, les participants \u00e9volueront dans un environnement s\u00e9curis\u00e9.<\/p>\n<p style=\"text-align: left;\">Niveau Novice<\/p>\n<p style=\"text-align: left;\">Niveau Medium<\/p>\n<p style=\"text-align: left;\">Niveau Expert<\/p>\n<p style=\"text-align: left;\"><em><strong>Roulage sur le circuit vitesse 3.7 km<\/strong><\/em><\/p>\n<p style=\"text-align: left;\"><strong>Les horaires\u00a0:<\/strong><\/p>\n<ul>\n<li style=\"text-align: left;\">Ouverture du site \u00e0 partir de 6h30 (ou 7h00 en fonction de la saison)<\/li>\n<li style=\"text-align: left;\">Accueil administratif et briefing des participants \u00e0 partir de 8h00<\/li>\n<li style=\"text-align: left;\">Contr\u00f4le de bruit des \u00e9chappements \u00e0 partir de 8h30<\/li>\n<li style=\"text-align: left;\">Ouverture de piste de 9h00 \u00e0 12 h 30<\/li>\n<li style=\"text-align: left;\">Pause d\u00e9jeuner de 12h30 \u00e0 13h30<\/li>\n<li style=\"text-align: left;\">R\u00e9ouverture de piste de 13h30 \u00e0 17h00<\/li>\n<li style=\"text-align: left;\">Fin de journ\u00e9e \u00e0 17h00<\/li>\n<\/ul>\n","protected":false},"excerpt":{"rendered":"<p><strong><span class=\"has-inline-color has-vivid-red-color\">Attention aux conditions d\u2019inscription\u00a0!<\/span><\/strong><\/p>\n<p><strong><span class=\"has-inline-color has-vivid-red-color\"><em>Session non remboursable en cas d\u2019annulation du conducteur, aucune prolongation ou report n\u2019est possible<\/em><\/span><\/strong><\/p>\n<p><strong>Pour participer, une fois votre inscription faite, vous devrez obligatoirement\u00a0:<\/strong><\/p>\n<ul>\n<li>Disposer d\u2019une moto \u00e9quip\u00e9e d\u2019un \u00e9chappement conforme (plus d\u2019informations sur le bruit maximal autoris\u00e9 dans l\u2019onglet \u00ab\u00a0INFOS\u00a0\u00bb)<\/li>\n<li>Disposer d\u2019une assurance circuit (une licence FFM, ou un Pass Circuit FFM pour les non licenci\u00e9s) pour la journ\u00e9e <a>(plus d\u2019informations sur les assurances FFM dans l\u2019onglet \u00ab\u00a0INFOS\u00a0\u00bb)<\/a><\/li>\n<li><strong>Disposer de l&#8217;\u00e9quipement complet (combinaison une pi\u00e8ce en cuir avec dorsale, gants, bottines et casque) une tol\u00e9rance est possible pour les \u00e9quipements deux pi\u00e8ces en cuir avec dorsale sous r\u00e9serve d&#8217;acceptation du chef de piste (v\u00e9rification des fermetures)<\/strong><\/li>\n<\/ul>\n<ul>\n<li>Remplir et pr\u00e9senter le document \u00e9lectronique \u00ab\u00a0Formulaire de d\u00e9charge\u00a0\u00bb de l\u2019Anneau du Rhin (plus d\u2019informations sur le \u00ab\u00a0Formulaire de d\u00e9charge\u00a0\u00bb dans l\u2019onglet \u00ab\u00a0INFOS\u00a0\u00bb)<\/li>\n<li><strong>ASSURANCE :<\/strong><\/li>\n<li>L&#8217;assurance doit \u00eatre souscrite dans les 7 jours qui suivent la r\u00e9servation de la journ\u00e9e.<\/li>\n<li>Cette assurance doit \u00eatre souscrite au moins 1 mois avant l\u2019\u00e9v\u00e8nement.<\/li>\n<\/ul>\n","protected":false},"featured_media":122682,"template":"","meta":[],"product_cat":[23],"product_tag":[],"acf":[],"yoast_head":"<!-- This site is optimized with the Yoast SEO plugin v20.2 - https:\/\/yoast.com\/wordpress\/plugins\/seo\/ -->\n<title>Trackdays - Tarif non membre &mdash; Moto Club de Biltzheim<\/title>\n<meta name=\"description\" content=\"Attention aux conditions d\u2019inscription\u00a0!  Session non remboursable en cas d\u2019annulation du conducteur, aucune prolongation ou report n\u2019est possible  Pour participer, une fois votre inscription faite, vous devrez obligatoirement\u00a0:   Disposer d\u2019une moto \u00e9quip\u00e9e d\u2019un \u00e9chappement conforme (plus d\u2019informations sur le bruit maximal autoris\u00e9 dans l\u2019onglet \u00ab\u00a0INFOS\u00a0\u00bb)  Disposer d\u2019une assurance circuit (une licence FFM, ou un Pass Circuit FFM pour les non licenci\u00e9s) pour la journ\u00e9e (plus d\u2019informations sur les assurances FFM dans l\u2019onglet \u00ab\u00a0INFOS\u00a0\u00bb)  Disposer de l&#039;\u00e9quipement complet (combinaison une pi\u00e8ce en cuir avec dorsale, gants, bottines et casque) une tol\u00e9rance est possible pour les \u00e9quipements deux pi\u00e8ces en cuir avec dorsale sous r\u00e9serve d&#039;acceptation du chef de piste (v\u00e9rification des fermetures)    Remplir et pr\u00e9senter le document \u00e9lectronique \u00ab\u00a0Formulaire de d\u00e9charge\u00a0\u00bb de l\u2019Anneau du Rhin (plus d\u2019informations sur le \u00ab\u00a0Formulaire de d\u00e9charge\u00a0\u00bb dans l\u2019onglet \u00ab\u00a0INFOS\u00a0\u00bb)  ASSURANCE :  L&#039;assurance doit \u00eatre souscrite dans les 7 jours qui suivent la r\u00e9servation de la journ\u00e9e.  Cette assurance doit \u00eatre souscrite au moins 1 mois avant l\u2019\u00e9v\u00e8nement.\" \/>\n<meta name=\"robots\" content=\"index, follow, max-snippet:-1, max-image-preview:large, max-video-preview:-1\" \/>\n<link rel=\"canonical\" href=\"https:\/\/www.anneau-du-rhin.com\/moto\/produit\/trackdays-non-membre\/\" \/>\n<meta property=\"og:locale\" content=\"fr_FR\" \/>\n<meta property=\"og:type\" content=\"article\" \/>\n<meta property=\"og:title\" content=\"Trackdays - Tarif non membre &mdash; Moto Club de Biltzheim\" \/>\n<meta property=\"og:description\" content=\"Attention aux conditions d\u2019inscription\u00a0!  Session non remboursable en cas d\u2019annulation du conducteur, aucune prolongation ou report n\u2019est possible  Pour participer, une fois votre inscription faite, vous devrez obligatoirement\u00a0:   Disposer d\u2019une moto \u00e9quip\u00e9e d\u2019un \u00e9chappement conforme (plus d\u2019informations sur le bruit maximal autoris\u00e9 dans l\u2019onglet \u00ab\u00a0INFOS\u00a0\u00bb)  Disposer d\u2019une assurance circuit (une licence FFM, ou un Pass Circuit FFM pour les non licenci\u00e9s) pour la journ\u00e9e (plus d\u2019informations sur les assurances FFM dans l\u2019onglet \u00ab\u00a0INFOS\u00a0\u00bb)  Disposer de l&#039;\u00e9quipement complet (combinaison une pi\u00e8ce en cuir avec dorsale, gants, bottines et casque) une tol\u00e9rance est possible pour les \u00e9quipements deux pi\u00e8ces en cuir avec dorsale sous r\u00e9serve d&#039;acceptation du chef de piste (v\u00e9rification des fermetures)    Remplir et pr\u00e9senter le document \u00e9lectronique \u00ab\u00a0Formulaire de d\u00e9charge\u00a0\u00bb de l\u2019Anneau du Rhin (plus d\u2019informations sur le \u00ab\u00a0Formulaire de d\u00e9charge\u00a0\u00bb dans l\u2019onglet \u00ab\u00a0INFOS\u00a0\u00bb)  ASSURANCE :  L&#039;assurance doit \u00eatre souscrite dans les 7 jours qui suivent la r\u00e9servation de la journ\u00e9e.  Cette assurance doit \u00eatre souscrite au moins 1 mois avant l\u2019\u00e9v\u00e8nement.\" \/>\n<meta property=\"og:url\" content=\"https:\/\/www.anneau-du-rhin.com\/moto\/produit\/trackdays-non-membre\/\" \/>\n<meta property=\"og:site_name\" content=\"Moto Club de Biltzheim\" \/>\n<meta property=\"article:modified_time\" content=\"2024-02-02T15:07:43+00:00\" \/>\n<meta property=\"og:image\" content=\"https:\/\/www.anneau-du-rhin.com\/moto\/wp-content\/uploads\/2021\/12\/anneau-du-Rhin-1312td-1-scaled.jpg\" \/>\n\t<meta property=\"og:image:width\" content=\"2560\" \/>\n\t<meta property=\"og:image:height\" content=\"1703\" \/>\n\t<meta property=\"og:image:type\" content=\"image\/jpeg\" \/>\n<meta name=\"twitter:card\" content=\"summary_large_image\" \/>\n<meta name=\"twitter:label1\" content=\"Dur\u00e9e de lecture estim\u00e9e\" \/>\n\t<meta name=\"twitter:data1\" content=\"2 minutes\" \/>\n<script type=\"application\/ld+json\" class=\"yoast-schema-graph\">{\"@context\":\"https:\/\/schema.org\",\"@graph\":[{\"@type\":\"WebPage\",\"@id\":\"https:\/\/www.anneau-du-rhin.com\/moto\/produit\/trackdays-non-membre\/\",\"url\":\"https:\/\/www.anneau-du-rhin.com\/moto\/produit\/trackdays-non-membre\/\",\"name\":\"Trackdays - Tarif non membre &mdash; Moto Club de Biltzheim\",\"isPartOf\":{\"@id\":\"https:\/\/www.anneau-du-rhin.com\/moto\/#website\"},\"datePublished\":\"2022-01-28T15:00:11+00:00\",\"dateModified\":\"2024-02-02T15:07:43+00:00\",\"description\":\"Attention aux conditions d\u2019inscription\u00a0! Session non remboursable en cas d\u2019annulation du conducteur, aucune prolongation ou report n\u2019est possible Pour participer, une fois votre inscription faite, vous devrez obligatoirement\u00a0: Disposer d\u2019une moto \u00e9quip\u00e9e d\u2019un \u00e9chappement conforme (plus d\u2019informations sur le bruit maximal autoris\u00e9 dans l\u2019onglet \u00ab\u00a0INFOS\u00a0\u00bb) Disposer d\u2019une assurance circuit (une licence FFM, ou un Pass Circuit FFM pour les non licenci\u00e9s) pour la journ\u00e9e (plus d\u2019informations sur les assurances FFM dans l\u2019onglet \u00ab\u00a0INFOS\u00a0\u00bb) Disposer de l'\u00e9quipement complet (combinaison une pi\u00e8ce en cuir avec dorsale, gants, bottines et casque) une tol\u00e9rance est possible pour les \u00e9quipements deux pi\u00e8ces en cuir avec dorsale sous r\u00e9serve d'acceptation du chef de piste (v\u00e9rification des fermetures) Remplir et pr\u00e9senter le document \u00e9lectronique \u00ab\u00a0Formulaire de d\u00e9charge\u00a0\u00bb de l\u2019Anneau du Rhin (plus d\u2019informations sur le \u00ab\u00a0Formulaire de d\u00e9charge\u00a0\u00bb dans l\u2019onglet \u00ab\u00a0INFOS\u00a0\u00bb) ASSURANCE : L'assurance doit \u00eatre souscrite dans les 7 jours qui suivent la r\u00e9servation de la journ\u00e9e. Cette assurance doit \u00eatre souscrite au moins 1 mois avant l\u2019\u00e9v\u00e8nement.\",\"breadcrumb\":{\"@id\":\"https:\/\/www.anneau-du-rhin.com\/moto\/produit\/trackdays-non-membre\/#breadcrumb\"},\"inLanguage\":\"fr-FR\",\"potentialAction\":[{\"@type\":\"ReadAction\",\"target\":[\"https:\/\/www.anneau-du-rhin.com\/moto\/produit\/trackdays-non-membre\/\"]}]},{\"@type\":\"BreadcrumbList\",\"@id\":\"https:\/\/www.anneau-du-rhin.com\/moto\/produit\/trackdays-non-membre\/#breadcrumb\",\"itemListElement\":[{\"@type\":\"ListItem\",\"position\":1,\"name\":\"Accueil\",\"item\":\"https:\/\/www.anneau-du-rhin.com\/moto\/\"},{\"@type\":\"ListItem\",\"position\":2,\"name\":\"Shop\",\"item\":\"https:\/\/www.anneau-du-rhin.com\/moto\/shop\/\"},{\"@type\":\"ListItem\",\"position\":3,\"name\":\"Trackdays &#8211; Tarif non membre\"}]},{\"@type\":\"WebSite\",\"@id\":\"https:\/\/www.anneau-du-rhin.com\/moto\/#website\",\"url\":\"https:\/\/www.anneau-du-rhin.com\/moto\/\",\"name\":\"Moto Club de Biltzheim\",\"description\":\"Moto Club de Biltzheim\",\"potentialAction\":[{\"@type\":\"SearchAction\",\"target\":{\"@type\":\"EntryPoint\",\"urlTemplate\":\"https:\/\/www.anneau-du-rhin.com\/moto\/?s={search_term_string}\"},\"query-input\":\"required name=search_term_string\"}],\"inLanguage\":\"fr-FR\"}]}<\/script>\n<!-- \/ Yoast SEO plugin. -->","yoast_head_json":{"title":"Trackdays - Tarif non membre &mdash; Moto Club de Biltzheim","description":"Attention aux conditions d\u2019inscription\u00a0!  Session non remboursable en cas d\u2019annulation du conducteur, aucune prolongation ou report n\u2019est possible  Pour participer, une fois votre inscription faite, vous devrez obligatoirement\u00a0:   Disposer d\u2019une moto \u00e9quip\u00e9e d\u2019un \u00e9chappement conforme (plus d\u2019informations sur le bruit maximal autoris\u00e9 dans l\u2019onglet \u00ab\u00a0INFOS\u00a0\u00bb)  Disposer d\u2019une assurance circuit (une licence FFM, ou un Pass Circuit FFM pour les non licenci\u00e9s) pour la journ\u00e9e (plus d\u2019informations sur les assurances FFM dans l\u2019onglet \u00ab\u00a0INFOS\u00a0\u00bb)  Disposer de l'\u00e9quipement complet (combinaison une pi\u00e8ce en cuir avec dorsale, gants, bottines et casque) une tol\u00e9rance est possible pour les \u00e9quipements deux pi\u00e8ces en cuir avec dorsale sous r\u00e9serve d'acceptation du chef de piste (v\u00e9rification des fermetures)    Remplir et pr\u00e9senter le document \u00e9lectronique \u00ab\u00a0Formulaire de d\u00e9charge\u00a0\u00bb de l\u2019Anneau du Rhin (plus d\u2019informations sur le \u00ab\u00a0Formulaire de d\u00e9charge\u00a0\u00bb dans l\u2019onglet \u00ab\u00a0INFOS\u00a0\u00bb)  ASSURANCE :  L'assurance doit \u00eatre souscrite dans les 7 jours qui suivent la r\u00e9servation de la journ\u00e9e.  Cette assurance doit \u00eatre souscrite au moins 1 mois avant l\u2019\u00e9v\u00e8nement.","robots":{"index":"index","follow":"follow","max-snippet":"max-snippet:-1","max-image-preview":"max-image-preview:large","max-video-preview":"max-video-preview:-1"},"canonical":"https:\/\/www.anneau-du-rhin.com\/moto\/produit\/trackdays-non-membre\/","og_locale":"fr_FR","og_type":"article","og_title":"Trackdays - Tarif non membre &mdash; Moto Club de Biltzheim","og_description":"Attention aux conditions d\u2019inscription\u00a0!  Session non remboursable en cas d\u2019annulation du conducteur, aucune prolongation ou report n\u2019est possible  Pour participer, une fois votre inscription faite, vous devrez obligatoirement\u00a0:   Disposer d\u2019une moto \u00e9quip\u00e9e d\u2019un \u00e9chappement conforme (plus d\u2019informations sur le bruit maximal autoris\u00e9 dans l\u2019onglet \u00ab\u00a0INFOS\u00a0\u00bb)  Disposer d\u2019une assurance circuit (une licence FFM, ou un Pass Circuit FFM pour les non licenci\u00e9s) pour la journ\u00e9e (plus d\u2019informations sur les assurances FFM dans l\u2019onglet \u00ab\u00a0INFOS\u00a0\u00bb)  Disposer de l'\u00e9quipement complet (combinaison une pi\u00e8ce en cuir avec dorsale, gants, bottines et casque) une tol\u00e9rance est possible pour les \u00e9quipements deux pi\u00e8ces en cuir avec dorsale sous r\u00e9serve d'acceptation du chef de piste (v\u00e9rification des fermetures)    Remplir et pr\u00e9senter le document \u00e9lectronique \u00ab\u00a0Formulaire de d\u00e9charge\u00a0\u00bb de l\u2019Anneau du Rhin (plus d\u2019informations sur le \u00ab\u00a0Formulaire de d\u00e9charge\u00a0\u00bb dans l\u2019onglet \u00ab\u00a0INFOS\u00a0\u00bb)  ASSURANCE :  L'assurance doit \u00eatre souscrite dans les 7 jours qui suivent la r\u00e9servation de la journ\u00e9e.  Cette assurance doit \u00eatre souscrite au moins 1 mois avant l\u2019\u00e9v\u00e8nement.","og_url":"https:\/\/www.anneau-du-rhin.com\/moto\/produit\/trackdays-non-membre\/","og_site_name":"Moto Club de Biltzheim","article_modified_time":"2024-02-02T15:07:43+00:00","og_image":[{"width":2560,"height":1703,"url":"https:\/\/www.anneau-du-rhin.com\/moto\/wp-content\/uploads\/2021\/12\/anneau-du-Rhin-1312td-1-scaled.jpg","type":"image\/jpeg"}],"twitter_card":"summary_large_image","twitter_misc":{"Dur\u00e9e de lecture estim\u00e9e":"2 minutes"},"schema":{"@context":"https:\/\/schema.org","@graph":[{"@type":"WebPage","@id":"https:\/\/www.anneau-du-rhin.com\/moto\/produit\/trackdays-non-membre\/","url":"https:\/\/www.anneau-du-rhin.com\/moto\/produit\/trackdays-non-membre\/","name":"Trackdays - Tarif non membre &mdash; Moto Club de Biltzheim","isPartOf":{"@id":"https:\/\/www.anneau-du-rhin.com\/moto\/#website"},"datePublished":"2022-01-28T15:00:11+00:00","dateModified":"2024-02-02T15:07:43+00:00","description":"Attention aux conditions d\u2019inscription\u00a0! Session non remboursable en cas d\u2019annulation du conducteur, aucune prolongation ou report n\u2019est possible Pour participer, une fois votre inscription faite, vous devrez obligatoirement\u00a0: Disposer d\u2019une moto \u00e9quip\u00e9e d\u2019un \u00e9chappement conforme (plus d\u2019informations sur le bruit maximal autoris\u00e9 dans l\u2019onglet \u00ab\u00a0INFOS\u00a0\u00bb) Disposer d\u2019une assurance circuit (une licence FFM, ou un Pass Circuit FFM pour les non licenci\u00e9s) pour la journ\u00e9e (plus d\u2019informations sur les assurances FFM dans l\u2019onglet \u00ab\u00a0INFOS\u00a0\u00bb) Disposer de l'\u00e9quipement complet (combinaison une pi\u00e8ce en cuir avec dorsale, gants, bottines et casque) une tol\u00e9rance est possible pour les \u00e9quipements deux pi\u00e8ces en cuir avec dorsale sous r\u00e9serve d'acceptation du chef de piste (v\u00e9rification des fermetures) Remplir et pr\u00e9senter le document \u00e9lectronique \u00ab\u00a0Formulaire de d\u00e9charge\u00a0\u00bb de l\u2019Anneau du Rhin (plus d\u2019informations sur le \u00ab\u00a0Formulaire de d\u00e9charge\u00a0\u00bb dans l\u2019onglet \u00ab\u00a0INFOS\u00a0\u00bb) ASSURANCE : L'assurance doit \u00eatre souscrite dans les 7 jours qui suivent la r\u00e9servation de la journ\u00e9e. Cette assurance doit \u00eatre souscrite au moins 1 mois avant l\u2019\u00e9v\u00e8nement.","breadcrumb":{"@id":"https:\/\/www.anneau-du-rhin.com\/moto\/produit\/trackdays-non-membre\/#breadcrumb"},"inLanguage":"fr-FR","potentialAction":[{"@type":"ReadAction","target":["https:\/\/www.anneau-du-rhin.com\/moto\/produit\/trackdays-non-membre\/"]}]},{"@type":"BreadcrumbList","@id":"https:\/\/www.anneau-du-rhin.com\/moto\/produit\/trackdays-non-membre\/#breadcrumb","itemListElement":[{"@type":"ListItem","position":1,"name":"Accueil","item":"https:\/\/www.anneau-du-rhin.com\/moto\/"},{"@type":"ListItem","position":2,"name":"Shop","item":"https:\/\/www.anneau-du-rhin.com\/moto\/shop\/"},{"@type":"ListItem","position":3,"name":"Trackdays &#8211; Tarif non membre"}]},{"@type":"WebSite","@id":"https:\/\/www.anneau-du-rhin.com\/moto\/#website","url":"https:\/\/www.anneau-du-rhin.com\/moto\/","name":"Moto Club de Biltzheim","description":"Moto Club de Biltzheim","potentialAction":[{"@type":"SearchAction","target":{"@type":"EntryPoint","urlTemplate":"https:\/\/www.anneau-du-rhin.com\/moto\/?s={search_term_string}"},"query-input":"required name=search_term_string"}],"inLanguage":"fr-FR"}]}},"_links":{"self":[{"href":"https:\/\/www.anneau-du-rhin.com\/moto\/wp-json\/wp\/v2\/product\/123115"}],"collection":[{"href":"https:\/\/www.anneau-du-rhin.com\/moto\/wp-json\/wp\/v2\/product"}],"about":[{"href":"https:\/\/www.anneau-du-rhin.com\/moto\/wp-json\/wp\/v2\/types\/product"}],"wp:featuredmedia":[{"embeddable":true,"href":"https:\/\/www.anneau-du-rhin.com\/moto\/wp-json\/wp\/v2\/media\/122682"}],"wp:attachment":[{"href":"https:\/\/www.anneau-du-rhin.com\/moto\/wp-json\/wp\/v2\/media?parent=123115"}],"wp:term":[{"taxonomy":"product_cat","embeddable":true,"href":"https:\/\/www.anneau-du-rhin.com\/moto\/wp-json\/wp\/v2\/product_cat?post=123115"},{"taxonomy":"product_tag","embeddable":true,"href":"https:\/\/www.anneau-du-rhin.com\/moto\/wp-json\/wp\/v2\/product_tag?post=123115"}],"curies":[{"name":"wp","href":"https:\/\/api.w.org\/{rel}","templated":true}]}}