{"id":123113,"date":"2022-01-28T15:55:13","date_gmt":"2022-01-28T14:55:13","guid":{"rendered":"https:\/\/www.anneau-du-rhin.com\/moto\/?post_type=product&#038;p=123113"},"modified":"2024-12-22T13:26:39","modified_gmt":"2024-12-22T12:26:39","slug":"tackday-membre","status":"publish","type":"product","link":"https:\/\/www.anneau-du-rhin.com\/moto\/produit\/tackday-membre\/","title":{"rendered":"Trackdays Membre Moto Club ADR"},"content":{"rendered":"<p style=\"text-align: left;\"><em><b>ATTENTION :<\/b><\/em><\/p>\n<div dir=\"auto\"><strong><em>Ainsi, en 2025, les inscriptions \u00e0 nos roulages se feront d\u00e9sormais, d\u00e8s aujourd&#8217;hui, directement sur la boutique en ligne de <a class=\"x1i10hfl xjbqb8w x1ejq31n xd10rxx x1sy0etr x17r0tee x972fbf xcfux6l x1qhh985 xm0m39n x9f619 x1ypdohk xt0psk2 xe8uvvx xdj266r x11i5rnm xat24cr x1mh8g0r xexx8yu x4uap5 x18d9i69 xkhd6sd x16tdsg8 x1hl2dhg xggy1nq x1a2a7pz xt0b8zv x1fey0fg xo1l8bm\" tabindex=\"0\" role=\"link\" href=\"https:\/\/www.facebook.com\/profile.php?id=100044743367817&amp;__cft__[0]=AZVD1YBceUd9KvgysWR0kIKZRSDTDZxAwB8Z2tPwRAIZScQR-Fl8uAYKAxmFRicrA0f3x_feG3hIv_flGMqELa1SUmX9GuU5a5FdL9OLZbkr5osv9HhoHGCqjgxYD4KWzT0&amp;__tn__=-]K-R\"><span class=\"xt0psk2\">Team-Performance-55 Tp55<\/span><\/a> qui assurera aussi le SAV pour r\u00e9pondre \u00e0 toutes vos questions. Enfin, nos adh\u00e9rents continueront bien s\u00fbr de b\u00e9n\u00e9ficier des remises &#8220;membre MC ADR&#8221;, comme en 2024.<\/em><\/strong><\/div>\n<div dir=\"auto\"><strong><em><span class=\"x3nfvp2 x1j61x8r x1fcty0u xdj266r xhhsvwb xat24cr xgzva0m xxymvpz xlup9mm x1kky2od\"><img decoding=\"async\" loading=\"lazy\" class=\"xz74otr\" src=\"https:\/\/static.xx.fbcdn.net\/images\/emoji.php\/v9\/t9e\/1\/16\/27a1.png\" alt=\"\u27a1\" width=\"16\" height=\"16\" \/><\/span> <a class=\"x1i10hfl xjbqb8w x1ejq31n xd10rxx x1sy0etr x17r0tee x972fbf xcfux6l x1qhh985 xm0m39n x9f619 x1ypdohk xt0psk2 xe8uvvx xdj266r x11i5rnm xat24cr x1mh8g0r xexx8yu x4uap5 x18d9i69 xkhd6sd x16tdsg8 x1hl2dhg xggy1nq x1a2a7pz xt0b8zv x1fey0fg\" tabindex=\"0\" role=\"link\" href=\"https:\/\/www.teamperformance55.com\/anneau-du-rhin-c102x4355545\" target=\"_blank\" rel=\"nofollow noopener noreferrer\">DATES \/ INSCRIPTIONS<\/a><\/em><\/strong><\/div>\n<p style=\"text-align: left;\"><em><strong>ATTENTION : Tarif membre MC ADR sera v\u00e9rifi\u00e9 par notre \u00e9quipe<\/strong><\/em><\/p>\n<p style=\"text-align: left;\">Nos journ\u00e9es Trackdays ont lieu certains jours f\u00e9ri\u00e9s, ou de weekends, et sont ouverts \u00e0 tous les motards, et toutes les motos, quelque soient leurs niveaux et leurs performances. R\u00e9partis en 3 groupes de niveaux, les participants \u00e9volueront dans un environnement s\u00e9curis\u00e9.<\/p>\n<p style=\"text-align: left;\">Niveau Novice<\/p>\n<p style=\"text-align: left;\">Niveau Medium<\/p>\n<p style=\"text-align: left;\">Niveau Expert<\/p>\n<p style=\"text-align: left;\"><em><strong>Roulage sur le circuit vitesse 3.7 km<\/strong><\/em><\/p>\n<p>&nbsp;<\/p>\n","protected":false},"excerpt":{"rendered":"<p>ATTENTION : Ainsi, en 2025, les inscriptions \u00e0 nos roulages se feront d\u00e9sormais, d\u00e8s aujourd&#8217;hui, directement sur la boutique en ligne de Team-Performance-55 Tp55 qui assurera aussi le SAV pour r\u00e9pondre \u00e0 toutes vos questions. Enfin, nos adh\u00e9rents continueront bien s\u00fbr de b\u00e9n\u00e9ficier des remises &#8220;membre MC ADR&#8221;, comme en 2024. DATES \/ INSCRIPTIONS ATTENTION [&hellip;]<\/p>\n","protected":false},"featured_media":124470,"template":"","meta":[],"product_cat":[23],"product_tag":[],"acf":[],"yoast_head":"<!-- This site is optimized with the Yoast SEO plugin v20.2 - https:\/\/yoast.com\/wordpress\/plugins\/seo\/ -->\n<title>Trackdays Membre Moto Club ADR &mdash; Moto Club de Biltzheim<\/title>\n<meta name=\"description\" content=\"ATTENTION : Ainsi, en 2025, les inscriptions \u00e0 nos roulages se feront d\u00e9sormais, d\u00e8s aujourd&#039;hui, directement sur la boutique en ligne de\" \/>\n<meta name=\"robots\" content=\"index, follow, max-snippet:-1, max-image-preview:large, max-video-preview:-1\" \/>\n<link rel=\"canonical\" href=\"https:\/\/www.anneau-du-rhin.com\/moto\/produit\/tackday-membre\/\" \/>\n<meta property=\"og:locale\" content=\"fr_FR\" \/>\n<meta property=\"og:type\" content=\"article\" \/>\n<meta property=\"og:title\" content=\"Trackdays Membre Moto Club ADR &mdash; Moto Club de Biltzheim\" \/>\n<meta property=\"og:description\" content=\"ATTENTION : Ainsi, en 2025, les inscriptions \u00e0 nos roulages se feront d\u00e9sormais, d\u00e8s aujourd&#039;hui, directement sur la boutique en ligne de\" \/>\n<meta property=\"og:url\" content=\"https:\/\/www.anneau-du-rhin.com\/moto\/produit\/tackday-membre\/\" \/>\n<meta property=\"og:site_name\" content=\"Moto Club de Biltzheim\" \/>\n<meta property=\"article:modified_time\" content=\"2024-12-22T12:26:39+00:00\" \/>\n<meta property=\"og:image\" content=\"https:\/\/www.anneau-du-rhin.com\/moto\/wp-content\/uploads\/2022\/01\/anneau-du-Rhin-TD-1-1024x681.png\" \/>\n\t<meta property=\"og:image:width\" content=\"1024\" \/>\n\t<meta property=\"og:image:height\" content=\"681\" \/>\n\t<meta property=\"og:image:type\" content=\"image\/png\" \/>\n<meta name=\"twitter:card\" content=\"summary_large_image\" \/>\n<meta name=\"twitter:label1\" content=\"Dur\u00e9e de lecture estim\u00e9e\" \/>\n\t<meta name=\"twitter:data1\" content=\"1 minute\" \/>\n<script type=\"application\/ld+json\" class=\"yoast-schema-graph\">{\"@context\":\"https:\/\/schema.org\",\"@graph\":[{\"@type\":\"WebPage\",\"@id\":\"https:\/\/www.anneau-du-rhin.com\/moto\/produit\/tackday-membre\/\",\"url\":\"https:\/\/www.anneau-du-rhin.com\/moto\/produit\/tackday-membre\/\",\"name\":\"Trackdays Membre Moto Club ADR &mdash; Moto Club de Biltzheim\",\"isPartOf\":{\"@id\":\"https:\/\/www.anneau-du-rhin.com\/moto\/#website\"},\"datePublished\":\"2022-01-28T14:55:13+00:00\",\"dateModified\":\"2024-12-22T12:26:39+00:00\",\"description\":\"ATTENTION : Ainsi, en 2025, les inscriptions \u00e0 nos roulages se feront d\u00e9sormais, d\u00e8s aujourd'hui, directement sur la boutique en ligne de\",\"breadcrumb\":{\"@id\":\"https:\/\/www.anneau-du-rhin.com\/moto\/produit\/tackday-membre\/#breadcrumb\"},\"inLanguage\":\"fr-FR\",\"potentialAction\":[{\"@type\":\"ReadAction\",\"target\":[\"https:\/\/www.anneau-du-rhin.com\/moto\/produit\/tackday-membre\/\"]}]},{\"@type\":\"BreadcrumbList\",\"@id\":\"https:\/\/www.anneau-du-rhin.com\/moto\/produit\/tackday-membre\/#breadcrumb\",\"itemListElement\":[{\"@type\":\"ListItem\",\"position\":1,\"name\":\"Accueil\",\"item\":\"https:\/\/www.anneau-du-rhin.com\/moto\/\"},{\"@type\":\"ListItem\",\"position\":2,\"name\":\"Shop\",\"item\":\"https:\/\/www.anneau-du-rhin.com\/moto\/shop\/\"},{\"@type\":\"ListItem\",\"position\":3,\"name\":\"Trackdays Membre Moto Club ADR\"}]},{\"@type\":\"WebSite\",\"@id\":\"https:\/\/www.anneau-du-rhin.com\/moto\/#website\",\"url\":\"https:\/\/www.anneau-du-rhin.com\/moto\/\",\"name\":\"Moto Club de Biltzheim\",\"description\":\"Moto Club de Biltzheim\",\"potentialAction\":[{\"@type\":\"SearchAction\",\"target\":{\"@type\":\"EntryPoint\",\"urlTemplate\":\"https:\/\/www.anneau-du-rhin.com\/moto\/?s={search_term_string}\"},\"query-input\":\"required name=search_term_string\"}],\"inLanguage\":\"fr-FR\"}]}<\/script>\n<!-- \/ Yoast SEO plugin. -->","yoast_head_json":{"title":"Trackdays Membre Moto Club ADR &mdash; Moto Club de Biltzheim","description":"ATTENTION : Ainsi, en 2025, les inscriptions \u00e0 nos roulages se feront d\u00e9sormais, d\u00e8s aujourd'hui, directement sur la boutique en ligne de","robots":{"index":"index","follow":"follow","max-snippet":"max-snippet:-1","max-image-preview":"max-image-preview:large","max-video-preview":"max-video-preview:-1"},"canonical":"https:\/\/www.anneau-du-rhin.com\/moto\/produit\/tackday-membre\/","og_locale":"fr_FR","og_type":"article","og_title":"Trackdays Membre Moto Club ADR &mdash; Moto Club de Biltzheim","og_description":"ATTENTION : Ainsi, en 2025, les inscriptions \u00e0 nos roulages se feront d\u00e9sormais, d\u00e8s aujourd'hui, directement sur la boutique en ligne de","og_url":"https:\/\/www.anneau-du-rhin.com\/moto\/produit\/tackday-membre\/","og_site_name":"Moto Club de Biltzheim","article_modified_time":"2024-12-22T12:26:39+00:00","og_image":[{"width":1024,"height":681,"url":"https:\/\/www.anneau-du-rhin.com\/moto\/wp-content\/uploads\/2022\/01\/anneau-du-Rhin-TD-1-1024x681.png","type":"image\/png"}],"twitter_card":"summary_large_image","twitter_misc":{"Dur\u00e9e de lecture estim\u00e9e":"1 minute"},"schema":{"@context":"https:\/\/schema.org","@graph":[{"@type":"WebPage","@id":"https:\/\/www.anneau-du-rhin.com\/moto\/produit\/tackday-membre\/","url":"https:\/\/www.anneau-du-rhin.com\/moto\/produit\/tackday-membre\/","name":"Trackdays Membre Moto Club ADR &mdash; Moto Club de Biltzheim","isPartOf":{"@id":"https:\/\/www.anneau-du-rhin.com\/moto\/#website"},"datePublished":"2022-01-28T14:55:13+00:00","dateModified":"2024-12-22T12:26:39+00:00","description":"ATTENTION : Ainsi, en 2025, les inscriptions \u00e0 nos roulages se feront d\u00e9sormais, d\u00e8s aujourd'hui, directement sur la boutique en ligne de","breadcrumb":{"@id":"https:\/\/www.anneau-du-rhin.com\/moto\/produit\/tackday-membre\/#breadcrumb"},"inLanguage":"fr-FR","potentialAction":[{"@type":"ReadAction","target":["https:\/\/www.anneau-du-rhin.com\/moto\/produit\/tackday-membre\/"]}]},{"@type":"BreadcrumbList","@id":"https:\/\/www.anneau-du-rhin.com\/moto\/produit\/tackday-membre\/#breadcrumb","itemListElement":[{"@type":"ListItem","position":1,"name":"Accueil","item":"https:\/\/www.anneau-du-rhin.com\/moto\/"},{"@type":"ListItem","position":2,"name":"Shop","item":"https:\/\/www.anneau-du-rhin.com\/moto\/shop\/"},{"@type":"ListItem","position":3,"name":"Trackdays Membre Moto Club ADR"}]},{"@type":"WebSite","@id":"https:\/\/www.anneau-du-rhin.com\/moto\/#website","url":"https:\/\/www.anneau-du-rhin.com\/moto\/","name":"Moto Club de Biltzheim","description":"Moto Club de Biltzheim","potentialAction":[{"@type":"SearchAction","target":{"@type":"EntryPoint","urlTemplate":"https:\/\/www.anneau-du-rhin.com\/moto\/?s={search_term_string}"},"query-input":"required name=search_term_string"}],"inLanguage":"fr-FR"}]}},"_links":{"self":[{"href":"https:\/\/www.anneau-du-rhin.com\/moto\/wp-json\/wp\/v2\/product\/123113"}],"collection":[{"href":"https:\/\/www.anneau-du-rhin.com\/moto\/wp-json\/wp\/v2\/product"}],"about":[{"href":"https:\/\/www.anneau-du-rhin.com\/moto\/wp-json\/wp\/v2\/types\/product"}],"wp:featuredmedia":[{"embeddable":true,"href":"https:\/\/www.anneau-du-rhin.com\/moto\/wp-json\/wp\/v2\/media\/124470"}],"wp:attachment":[{"href":"https:\/\/www.anneau-du-rhin.com\/moto\/wp-json\/wp\/v2\/media?parent=123113"}],"wp:term":[{"taxonomy":"product_cat","embeddable":true,"href":"https:\/\/www.anneau-du-rhin.com\/moto\/wp-json\/wp\/v2\/product_cat?post=123113"},{"taxonomy":"product_tag","embeddable":true,"href":"https:\/\/www.anneau-du-rhin.com\/moto\/wp-json\/wp\/v2\/product_tag?post=123113"}],"curies":[{"name":"wp","href":"https:\/\/api.w.org\/{rel}","templated":true}]}}