{"id":123046,"date":"2022-04-05T16:15:50","date_gmt":"2022-04-05T14:15:50","guid":{"rendered":"https:\/\/www.anneau-du-rhin.com\/moto\/?post_type=product&#038;p=123046"},"modified":"2023-10-06T14:36:07","modified_gmt":"2023-10-06T12:36:07","slug":"yamaha-yzf-r3-coaching","status":"publish","type":"product","link":"https:\/\/www.anneau-du-rhin.com\/moto\/produit\/yamaha-yzf-r3-coaching\/","title":{"rendered":"YAMAHA YZF-R3 + COACHING"},"content":{"rendered":"<p>Toute la gamme Yamaha sportive mise \u00e0 disposition en location pour votre plaisir et votre choix by YTS.<br \/>\nLa moto est \u00e9quip\u00e9e pour la piste avec ces pi\u00e8ces Racing (Fourche, amortisseur, poly, moteur, \u00e9chappement\u2026)<br \/>\nVenez vous faire plaisir avec l\u2019option tout en 1 : Moto + coaching pour progresser en toute s\u00e9curit\u00e9 et s\u00e9r\u00e9nit\u00e9.<\/p>\n<p>&nbsp;<\/p>\n","protected":false},"excerpt":{"rendered":"<p><strong>YAMAHA YZF-R3<\/strong><\/p>\n<p><strong><span class=\"has-inline-color has-vivid-red-color\"><em>Tarif du Track Day ou AFTER WORK non compris<\/em><\/span><\/strong><\/p>\n<p>Prix :<strong> 639<\/strong>\u00a0<strong>\u20ac\u00a0<\/strong> \/ Journ\u00e9e TRACKDAY MC ADR<\/p>\n<p><strong>519 \u20ac<\/strong> \/ Soir\u00e9e AFTER WORK MC ADR<\/p>\n<p>&#8211; 321cm3 160kg<br \/>\n&#8211; Version Racing (42cv)<br \/>\n&#8211; Amortisseur fourche pr\u00e9par\u00e9<br \/>\n&#8211; Protection carbone<br \/>\n&#8211; Option pneus de pluie de r\u00e9serve<br \/>\n&#8211; B\u00e9quilles, couverture chauffantes<\/p>\n<p><strong><span class=\"has-inline-color has-vivid-red-color\">Attention aux conditions d\u2019inscription\u00a0!<\/span><\/strong><\/p>\n<p><strong>Pour participer, une fois votre inscription faite, vous devrez obligatoirement<\/strong>\u00a0:<\/p>\n<ul>\n<li>Achat de la session de\u00a0roulage obligatoirement en suppl\u00e9ment<\/li>\n<li><em><strong>Le participant s\u2019engage \u00e0 assumer la r\u00e9paration des dommages\u00a0occasionn\u00e9s au v\u00e9hicule mis \u00e0 sa disposition en cas de choc ou d\u2019accident, dans la limite de franchise d\u2019assurance<\/strong><\/em><\/li>\n<li>Disposer d\u2019une assurance circuit (une licence FFM, ou un Pass Circuit FFM pour les non licenci\u00e9s) pour la journ\u00e9e (plus d\u2019informations sur les assurances FFM dans l\u2019onglet \u00ab INFOS \u00bb)<\/li>\n<li><strong>Disposer de l&#8217;\u00e9quipement complet (combinaison une pi\u00e8ce en cuir avec dorsale, gants, bottines et casque) une tol\u00e9rance est possible pour les \u00e9quipements deux pi\u00e8ces en cuir avec dorsale sous r\u00e9serve d&#8217;acceptation du chef de piste (v\u00e9rification des fermetures)<\/strong><\/li>\n<li>Remplir et pr\u00e9senter le document \u00e9lectronique \u00ab\u00a0Formulaire de d\u00e9charge\u00a0\u00bb de l\u2019Anneau du Rhin (plus d\u2019informations sur le \u00ab\u00a0Formulaire de d\u00e9charge\u00a0\u00bb dans l\u2019onglet \u00ab\u00a0INFOS\u00a0\u00bb)<\/li>\n<\/ul>\n","protected":false},"featured_media":123505,"template":"","meta":[],"product_cat":[490],"product_tag":[],"acf":[],"yoast_head":"<!-- This site is optimized with the Yoast SEO plugin v20.2 - https:\/\/yoast.com\/wordpress\/plugins\/seo\/ -->\n<title>YAMAHA YZF-R3 + COACHING &mdash; Moto Club de Biltzheim<\/title>\n<meta name=\"description\" content=\"YAMAHA YZF-R3  Tarif du Track Day ou AFTER WORK non compris  Prix : 639\u00a0\u20ac\u00a0 \/ Journ\u00e9e TRACKDAY MC ADR  519 \u20ac \/ Soir\u00e9e AFTER WORK MC ADR  - 321cm3 160kg - Version Racing (42cv) - Amortisseur fourche pr\u00e9par\u00e9 - Protection carbone - Option pneus de pluie de r\u00e9serve - B\u00e9quilles, couverture chauffantes  Attention aux conditions d\u2019inscription\u00a0!  Pour participer, une fois votre inscription faite, vous devrez obligatoirement\u00a0:   Achat de la session de\u00a0roulage obligatoirement en suppl\u00e9ment  Le participant s\u2019engage \u00e0 assumer la r\u00e9paration des dommages\u00a0occasionn\u00e9s au v\u00e9hicule mis \u00e0 sa disposition en cas de choc ou d\u2019accident, dans la limite de franchise d\u2019assurance  Disposer d\u2019une assurance circuit (une licence FFM, ou un Pass Circuit FFM pour les non licenci\u00e9s) pour la journ\u00e9e (plus d\u2019informations sur les assurances FFM dans l\u2019onglet \u00ab INFOS \u00bb)  Disposer de l&#039;\u00e9quipement complet (combinaison une pi\u00e8ce en cuir avec dorsale, gants, bottines et casque) une tol\u00e9rance est possible pour les \u00e9quipements deux pi\u00e8ces en cuir avec dorsale sous r\u00e9serve d&#039;acceptation du chef de piste (v\u00e9rification des fermetures)  Remplir et pr\u00e9senter le document \u00e9lectronique \u00ab\u00a0Formulaire de d\u00e9charge\u00a0\u00bb de l\u2019Anneau du Rhin (plus d\u2019informations sur le \u00ab\u00a0Formulaire de d\u00e9charge\u00a0\u00bb dans l\u2019onglet \u00ab\u00a0INFOS\u00a0\u00bb)\" \/>\n<meta name=\"robots\" content=\"index, follow, max-snippet:-1, max-image-preview:large, max-video-preview:-1\" \/>\n<link rel=\"canonical\" href=\"https:\/\/www.anneau-du-rhin.com\/moto\/produit\/yamaha-yzf-r3-coaching\/\" \/>\n<meta property=\"og:locale\" content=\"fr_FR\" \/>\n<meta property=\"og:type\" content=\"article\" \/>\n<meta property=\"og:title\" content=\"YAMAHA YZF-R3 + COACHING &mdash; Moto Club de Biltzheim\" \/>\n<meta property=\"og:description\" content=\"YAMAHA YZF-R3  Tarif du Track Day ou AFTER WORK non compris  Prix : 639\u00a0\u20ac\u00a0 \/ Journ\u00e9e TRACKDAY MC ADR  519 \u20ac \/ Soir\u00e9e AFTER WORK MC ADR  - 321cm3 160kg - Version Racing (42cv) - Amortisseur fourche pr\u00e9par\u00e9 - Protection carbone - Option pneus de pluie de r\u00e9serve - B\u00e9quilles, couverture chauffantes  Attention aux conditions d\u2019inscription\u00a0!  Pour participer, une fois votre inscription faite, vous devrez obligatoirement\u00a0:   Achat de la session de\u00a0roulage obligatoirement en suppl\u00e9ment  Le participant s\u2019engage \u00e0 assumer la r\u00e9paration des dommages\u00a0occasionn\u00e9s au v\u00e9hicule mis \u00e0 sa disposition en cas de choc ou d\u2019accident, dans la limite de franchise d\u2019assurance  Disposer d\u2019une assurance circuit (une licence FFM, ou un Pass Circuit FFM pour les non licenci\u00e9s) pour la journ\u00e9e (plus d\u2019informations sur les assurances FFM dans l\u2019onglet \u00ab INFOS \u00bb)  Disposer de l&#039;\u00e9quipement complet (combinaison une pi\u00e8ce en cuir avec dorsale, gants, bottines et casque) une tol\u00e9rance est possible pour les \u00e9quipements deux pi\u00e8ces en cuir avec dorsale sous r\u00e9serve d&#039;acceptation du chef de piste (v\u00e9rification des fermetures)  Remplir et pr\u00e9senter le document \u00e9lectronique \u00ab\u00a0Formulaire de d\u00e9charge\u00a0\u00bb de l\u2019Anneau du Rhin (plus d\u2019informations sur le \u00ab\u00a0Formulaire de d\u00e9charge\u00a0\u00bb dans l\u2019onglet \u00ab\u00a0INFOS\u00a0\u00bb)\" \/>\n<meta property=\"og:url\" content=\"https:\/\/www.anneau-du-rhin.com\/moto\/produit\/yamaha-yzf-r3-coaching\/\" \/>\n<meta property=\"og:site_name\" content=\"Moto Club de Biltzheim\" \/>\n<meta property=\"article:modified_time\" content=\"2023-10-06T12:36:07+00:00\" \/>\n<meta property=\"og:image\" content=\"https:\/\/www.anneau-du-rhin.com\/moto\/wp-content\/uploads\/2022\/04\/yamaha-location-yzf-r3-yts-racing-1.png\" \/>\n\t<meta property=\"og:image:width\" content=\"1000\" \/>\n\t<meta property=\"og:image:height\" content=\"718\" \/>\n\t<meta property=\"og:image:type\" content=\"image\/png\" \/>\n<meta name=\"twitter:card\" content=\"summary_large_image\" \/>\n<meta name=\"twitter:label1\" content=\"Dur\u00e9e de lecture estim\u00e9e\" \/>\n\t<meta name=\"twitter:data1\" content=\"1 minute\" \/>\n<script type=\"application\/ld+json\" class=\"yoast-schema-graph\">{\"@context\":\"https:\/\/schema.org\",\"@graph\":[{\"@type\":\"WebPage\",\"@id\":\"https:\/\/www.anneau-du-rhin.com\/moto\/produit\/yamaha-yzf-r3-coaching\/\",\"url\":\"https:\/\/www.anneau-du-rhin.com\/moto\/produit\/yamaha-yzf-r3-coaching\/\",\"name\":\"YAMAHA YZF-R3 + COACHING &mdash; Moto Club de Biltzheim\",\"isPartOf\":{\"@id\":\"https:\/\/www.anneau-du-rhin.com\/moto\/#website\"},\"datePublished\":\"2022-04-05T14:15:50+00:00\",\"dateModified\":\"2023-10-06T12:36:07+00:00\",\"description\":\"YAMAHA YZF-R3 Tarif du Track Day ou AFTER WORK non compris Prix : 639\u00a0\u20ac\u00a0 \/ Journ\u00e9e TRACKDAY MC ADR 519 \u20ac \/ Soir\u00e9e AFTER WORK MC ADR - 321cm3 160kg - Version Racing (42cv) - Amortisseur fourche pr\u00e9par\u00e9 - Protection carbone - Option pneus de pluie de r\u00e9serve - B\u00e9quilles, couverture chauffantes Attention aux conditions d\u2019inscription\u00a0! Pour participer, une fois votre inscription faite, vous devrez obligatoirement\u00a0: Achat de la session de\u00a0roulage obligatoirement en suppl\u00e9ment Le participant s\u2019engage \u00e0 assumer la r\u00e9paration des dommages\u00a0occasionn\u00e9s au v\u00e9hicule mis \u00e0 sa disposition en cas de choc ou d\u2019accident, dans la limite de franchise d\u2019assurance Disposer d\u2019une assurance circuit (une licence FFM, ou un Pass Circuit FFM pour les non licenci\u00e9s) pour la journ\u00e9e (plus d\u2019informations sur les assurances FFM dans l\u2019onglet \u00ab INFOS \u00bb) Disposer de l'\u00e9quipement complet (combinaison une pi\u00e8ce en cuir avec dorsale, gants, bottines et casque) une tol\u00e9rance est possible pour les \u00e9quipements deux pi\u00e8ces en cuir avec dorsale sous r\u00e9serve d'acceptation du chef de piste (v\u00e9rification des fermetures) Remplir et pr\u00e9senter le document \u00e9lectronique \u00ab\u00a0Formulaire de d\u00e9charge\u00a0\u00bb de l\u2019Anneau du Rhin (plus d\u2019informations sur le \u00ab\u00a0Formulaire de d\u00e9charge\u00a0\u00bb dans l\u2019onglet \u00ab\u00a0INFOS\u00a0\u00bb)\",\"breadcrumb\":{\"@id\":\"https:\/\/www.anneau-du-rhin.com\/moto\/produit\/yamaha-yzf-r3-coaching\/#breadcrumb\"},\"inLanguage\":\"fr-FR\",\"potentialAction\":[{\"@type\":\"ReadAction\",\"target\":[\"https:\/\/www.anneau-du-rhin.com\/moto\/produit\/yamaha-yzf-r3-coaching\/\"]}]},{\"@type\":\"BreadcrumbList\",\"@id\":\"https:\/\/www.anneau-du-rhin.com\/moto\/produit\/yamaha-yzf-r3-coaching\/#breadcrumb\",\"itemListElement\":[{\"@type\":\"ListItem\",\"position\":1,\"name\":\"Accueil\",\"item\":\"https:\/\/www.anneau-du-rhin.com\/moto\/\"},{\"@type\":\"ListItem\",\"position\":2,\"name\":\"Shop\",\"item\":\"https:\/\/www.anneau-du-rhin.com\/moto\/shop\/\"},{\"@type\":\"ListItem\",\"position\":3,\"name\":\"YAMAHA YZF-R3 + COACHING\"}]},{\"@type\":\"WebSite\",\"@id\":\"https:\/\/www.anneau-du-rhin.com\/moto\/#website\",\"url\":\"https:\/\/www.anneau-du-rhin.com\/moto\/\",\"name\":\"Moto Club de Biltzheim\",\"description\":\"Moto Club de Biltzheim\",\"potentialAction\":[{\"@type\":\"SearchAction\",\"target\":{\"@type\":\"EntryPoint\",\"urlTemplate\":\"https:\/\/www.anneau-du-rhin.com\/moto\/?s={search_term_string}\"},\"query-input\":\"required name=search_term_string\"}],\"inLanguage\":\"fr-FR\"}]}<\/script>\n<!-- \/ Yoast SEO plugin. -->","yoast_head_json":{"title":"YAMAHA YZF-R3 + COACHING &mdash; Moto Club de Biltzheim","description":"YAMAHA YZF-R3  Tarif du Track Day ou AFTER WORK non compris  Prix : 639\u00a0\u20ac\u00a0 \/ Journ\u00e9e TRACKDAY MC ADR  519 \u20ac \/ Soir\u00e9e AFTER WORK MC ADR  - 321cm3 160kg - Version Racing (42cv) - Amortisseur fourche pr\u00e9par\u00e9 - Protection carbone - Option pneus de pluie de r\u00e9serve - B\u00e9quilles, couverture chauffantes  Attention aux conditions d\u2019inscription\u00a0!  Pour participer, une fois votre inscription faite, vous devrez obligatoirement\u00a0:   Achat de la session de\u00a0roulage obligatoirement en suppl\u00e9ment  Le participant s\u2019engage \u00e0 assumer la r\u00e9paration des dommages\u00a0occasionn\u00e9s au v\u00e9hicule mis \u00e0 sa disposition en cas de choc ou d\u2019accident, dans la limite de franchise d\u2019assurance  Disposer d\u2019une assurance circuit (une licence FFM, ou un Pass Circuit FFM pour les non licenci\u00e9s) pour la journ\u00e9e (plus d\u2019informations sur les assurances FFM dans l\u2019onglet \u00ab INFOS \u00bb)  Disposer de l'\u00e9quipement complet (combinaison une pi\u00e8ce en cuir avec dorsale, gants, bottines et casque) une tol\u00e9rance est possible pour les \u00e9quipements deux pi\u00e8ces en cuir avec dorsale sous r\u00e9serve d'acceptation du chef de piste (v\u00e9rification des fermetures)  Remplir et pr\u00e9senter le document \u00e9lectronique \u00ab\u00a0Formulaire de d\u00e9charge\u00a0\u00bb de l\u2019Anneau du Rhin (plus d\u2019informations sur le \u00ab\u00a0Formulaire de d\u00e9charge\u00a0\u00bb dans l\u2019onglet \u00ab\u00a0INFOS\u00a0\u00bb)","robots":{"index":"index","follow":"follow","max-snippet":"max-snippet:-1","max-image-preview":"max-image-preview:large","max-video-preview":"max-video-preview:-1"},"canonical":"https:\/\/www.anneau-du-rhin.com\/moto\/produit\/yamaha-yzf-r3-coaching\/","og_locale":"fr_FR","og_type":"article","og_title":"YAMAHA YZF-R3 + COACHING &mdash; Moto Club de Biltzheim","og_description":"YAMAHA YZF-R3  Tarif du Track Day ou AFTER WORK non compris  Prix : 639\u00a0\u20ac\u00a0 \/ Journ\u00e9e TRACKDAY MC ADR  519 \u20ac \/ Soir\u00e9e AFTER WORK MC ADR  - 321cm3 160kg - Version Racing (42cv) - Amortisseur fourche pr\u00e9par\u00e9 - Protection carbone - Option pneus de pluie de r\u00e9serve - B\u00e9quilles, couverture chauffantes  Attention aux conditions d\u2019inscription\u00a0!  Pour participer, une fois votre inscription faite, vous devrez obligatoirement\u00a0:   Achat de la session de\u00a0roulage obligatoirement en suppl\u00e9ment  Le participant s\u2019engage \u00e0 assumer la r\u00e9paration des dommages\u00a0occasionn\u00e9s au v\u00e9hicule mis \u00e0 sa disposition en cas de choc ou d\u2019accident, dans la limite de franchise d\u2019assurance  Disposer d\u2019une assurance circuit (une licence FFM, ou un Pass Circuit FFM pour les non licenci\u00e9s) pour la journ\u00e9e (plus d\u2019informations sur les assurances FFM dans l\u2019onglet \u00ab INFOS \u00bb)  Disposer de l'\u00e9quipement complet (combinaison une pi\u00e8ce en cuir avec dorsale, gants, bottines et casque) une tol\u00e9rance est possible pour les \u00e9quipements deux pi\u00e8ces en cuir avec dorsale sous r\u00e9serve d'acceptation du chef de piste (v\u00e9rification des fermetures)  Remplir et pr\u00e9senter le document \u00e9lectronique \u00ab\u00a0Formulaire de d\u00e9charge\u00a0\u00bb de l\u2019Anneau du Rhin (plus d\u2019informations sur le \u00ab\u00a0Formulaire de d\u00e9charge\u00a0\u00bb dans l\u2019onglet \u00ab\u00a0INFOS\u00a0\u00bb)","og_url":"https:\/\/www.anneau-du-rhin.com\/moto\/produit\/yamaha-yzf-r3-coaching\/","og_site_name":"Moto Club de Biltzheim","article_modified_time":"2023-10-06T12:36:07+00:00","og_image":[{"width":1000,"height":718,"url":"https:\/\/www.anneau-du-rhin.com\/moto\/wp-content\/uploads\/2022\/04\/yamaha-location-yzf-r3-yts-racing-1.png","type":"image\/png"}],"twitter_card":"summary_large_image","twitter_misc":{"Dur\u00e9e de lecture estim\u00e9e":"1 minute"},"schema":{"@context":"https:\/\/schema.org","@graph":[{"@type":"WebPage","@id":"https:\/\/www.anneau-du-rhin.com\/moto\/produit\/yamaha-yzf-r3-coaching\/","url":"https:\/\/www.anneau-du-rhin.com\/moto\/produit\/yamaha-yzf-r3-coaching\/","name":"YAMAHA YZF-R3 + COACHING &mdash; Moto Club de Biltzheim","isPartOf":{"@id":"https:\/\/www.anneau-du-rhin.com\/moto\/#website"},"datePublished":"2022-04-05T14:15:50+00:00","dateModified":"2023-10-06T12:36:07+00:00","description":"YAMAHA YZF-R3 Tarif du Track Day ou AFTER WORK non compris Prix : 639\u00a0\u20ac\u00a0 \/ Journ\u00e9e TRACKDAY MC ADR 519 \u20ac \/ Soir\u00e9e AFTER WORK MC ADR - 321cm3 160kg - Version Racing (42cv) - Amortisseur fourche pr\u00e9par\u00e9 - Protection carbone - Option pneus de pluie de r\u00e9serve - B\u00e9quilles, couverture chauffantes Attention aux conditions d\u2019inscription\u00a0! Pour participer, une fois votre inscription faite, vous devrez obligatoirement\u00a0: Achat de la session de\u00a0roulage obligatoirement en suppl\u00e9ment Le participant s\u2019engage \u00e0 assumer la r\u00e9paration des dommages\u00a0occasionn\u00e9s au v\u00e9hicule mis \u00e0 sa disposition en cas de choc ou d\u2019accident, dans la limite de franchise d\u2019assurance Disposer d\u2019une assurance circuit (une licence FFM, ou un Pass Circuit FFM pour les non licenci\u00e9s) pour la journ\u00e9e (plus d\u2019informations sur les assurances FFM dans l\u2019onglet \u00ab INFOS \u00bb) Disposer de l'\u00e9quipement complet (combinaison une pi\u00e8ce en cuir avec dorsale, gants, bottines et casque) une tol\u00e9rance est possible pour les \u00e9quipements deux pi\u00e8ces en cuir avec dorsale sous r\u00e9serve d'acceptation du chef de piste (v\u00e9rification des fermetures) Remplir et pr\u00e9senter le document \u00e9lectronique \u00ab\u00a0Formulaire de d\u00e9charge\u00a0\u00bb de l\u2019Anneau du Rhin (plus d\u2019informations sur le \u00ab\u00a0Formulaire de d\u00e9charge\u00a0\u00bb dans l\u2019onglet \u00ab\u00a0INFOS\u00a0\u00bb)","breadcrumb":{"@id":"https:\/\/www.anneau-du-rhin.com\/moto\/produit\/yamaha-yzf-r3-coaching\/#breadcrumb"},"inLanguage":"fr-FR","potentialAction":[{"@type":"ReadAction","target":["https:\/\/www.anneau-du-rhin.com\/moto\/produit\/yamaha-yzf-r3-coaching\/"]}]},{"@type":"BreadcrumbList","@id":"https:\/\/www.anneau-du-rhin.com\/moto\/produit\/yamaha-yzf-r3-coaching\/#breadcrumb","itemListElement":[{"@type":"ListItem","position":1,"name":"Accueil","item":"https:\/\/www.anneau-du-rhin.com\/moto\/"},{"@type":"ListItem","position":2,"name":"Shop","item":"https:\/\/www.anneau-du-rhin.com\/moto\/shop\/"},{"@type":"ListItem","position":3,"name":"YAMAHA YZF-R3 + COACHING"}]},{"@type":"WebSite","@id":"https:\/\/www.anneau-du-rhin.com\/moto\/#website","url":"https:\/\/www.anneau-du-rhin.com\/moto\/","name":"Moto Club de Biltzheim","description":"Moto Club de Biltzheim","potentialAction":[{"@type":"SearchAction","target":{"@type":"EntryPoint","urlTemplate":"https:\/\/www.anneau-du-rhin.com\/moto\/?s={search_term_string}"},"query-input":"required name=search_term_string"}],"inLanguage":"fr-FR"}]}},"_links":{"self":[{"href":"https:\/\/www.anneau-du-rhin.com\/moto\/wp-json\/wp\/v2\/product\/123046"}],"collection":[{"href":"https:\/\/www.anneau-du-rhin.com\/moto\/wp-json\/wp\/v2\/product"}],"about":[{"href":"https:\/\/www.anneau-du-rhin.com\/moto\/wp-json\/wp\/v2\/types\/product"}],"wp:featuredmedia":[{"embeddable":true,"href":"https:\/\/www.anneau-du-rhin.com\/moto\/wp-json\/wp\/v2\/media\/123505"}],"wp:attachment":[{"href":"https:\/\/www.anneau-du-rhin.com\/moto\/wp-json\/wp\/v2\/media?parent=123046"}],"wp:term":[{"taxonomy":"product_cat","embeddable":true,"href":"https:\/\/www.anneau-du-rhin.com\/moto\/wp-json\/wp\/v2\/product_cat?post=123046"},{"taxonomy":"product_tag","embeddable":true,"href":"https:\/\/www.anneau-du-rhin.com\/moto\/wp-json\/wp\/v2\/product_tag?post=123046"}],"curies":[{"name":"wp","href":"https:\/\/api.w.org\/{rel}","templated":true}]}}