{"id":122312,"date":"2021-11-25T16:59:42","date_gmt":"2021-11-25T15:59:42","guid":{"rendered":"https:\/\/www.anneau-du-rhin.com\/moto\/?post_type=product&#038;p=122312"},"modified":"2023-11-23T16:47:37","modified_gmt":"2023-11-23T15:47:37","slug":"bon-cadeau","status":"publish","type":"product","link":"https:\/\/www.anneau-du-rhin.com\/moto\/produit\/bon-cadeau\/","title":{"rendered":"Bon cadeau"},"content":{"rendered":"<div class=\"mb-5\">\n<p>Vous souhaitez faire plaisir \u00e0 un proche, mais vous ne savez pas quelle prestation lui offrir ? Offrez-lui un bon cadeau ! Ce bon cadeau lui permettra de choisir sur quelle formule il souhaitera \u00e9voluer .<\/p>\n<div>Vous pouvez visualiser l\u2019ensemble des v\u00e9hicules qui s\u2019offrent \u00e0 vous, via le lien ci-dessous, ou directement en cliquant sur chaque v\u00e9hicule de notre page d&#8217;accueil.<\/div>\n<\/div>\n","protected":false},"excerpt":{"rendered":"<p>&nbsp;<\/p>\n<ul>\n<li><em><strong>ATTENTION deux tarifs disponibles : Tarif membre (\u00e0 justifier) et non membre<\/strong><\/em><\/li>\n<li><em><b>ATTENTION : R\u00e9serv\u00e9 aux possesseurs d&#8217;une moto et de l&#8217;\u00e9quipement complet<\/b><\/em><\/li>\n<li><em><strong>La pr\u00e9sentation d\u2019une assurance FFM est obligatoire<\/strong><\/em><\/li>\n<li><strong>Disposer de l&#8217;\u00e9quipement complet (combinaison une pi\u00e8ce en cuir avec dorsale, gants, bottines et casque) une tol\u00e9rance est possible pour les \u00e9quipements deux pi\u00e8ces en cuir avec dorsale sous r\u00e9serve d&#8217;acceptation du chef de piste (v\u00e9rification des fermetures)<\/strong><\/li>\n<li><em>Bon cadeau \u00e0 convertir sur le circuit de vitesse de l\u2019Anneau du Rhin.<\/em><\/li>\n<li><em><strong>Validit\u00e9 1 an \u00e0 compter de la date d\u2019achat<\/strong><\/em><\/li>\n<li><em>Valable pour 1 personne<\/em><\/li>\n<li><em><strong>A partir de 18 ans<\/strong><\/em><\/li>\n<\/ul>\n<p>&nbsp;<\/p>\n","protected":false},"featured_media":122688,"template":"","meta":[],"product_cat":[23],"product_tag":[],"acf":[],"yoast_head":"<!-- This site is optimized with the Yoast SEO plugin v20.2 - https:\/\/yoast.com\/wordpress\/plugins\/seo\/ -->\n<title>Bon cadeau &mdash; Moto Club de Biltzheim<\/title>\n<meta name=\"description\" content=\"&nbsp;   ATTENTION deux tarifs disponibles : Tarif membre (\u00e0 justifier) et non membre  ATTENTION : R\u00e9serv\u00e9 aux possesseurs d&#039;une moto et de l&#039;\u00e9quipement complet  La pr\u00e9sentation d\u2019une assurance FFM est obligatoire  Disposer de l&#039;\u00e9quipement complet (combinaison une pi\u00e8ce en cuir avec dorsale, gants, bottines et casque) une tol\u00e9rance est possible pour les \u00e9quipements deux pi\u00e8ces en cuir avec dorsale sous r\u00e9serve d&#039;acceptation du chef de piste (v\u00e9rification des fermetures)  Bon cadeau \u00e0 convertir sur le circuit de vitesse de l\u2019Anneau du Rhin.  Validit\u00e9 1 an \u00e0 compter de la date d\u2019achat  Valable pour 1 personne  A partir de 18 ans  &nbsp;\" \/>\n<meta name=\"robots\" content=\"index, follow, max-snippet:-1, max-image-preview:large, max-video-preview:-1\" \/>\n<link rel=\"canonical\" href=\"https:\/\/www.anneau-du-rhin.com\/moto\/produit\/bon-cadeau\/\" \/>\n<meta property=\"og:locale\" content=\"fr_FR\" \/>\n<meta property=\"og:type\" content=\"article\" \/>\n<meta property=\"og:title\" content=\"Bon cadeau &mdash; Moto Club de Biltzheim\" \/>\n<meta property=\"og:description\" content=\"&nbsp;   ATTENTION deux tarifs disponibles : Tarif membre (\u00e0 justifier) et non membre  ATTENTION : R\u00e9serv\u00e9 aux possesseurs d&#039;une moto et de l&#039;\u00e9quipement complet  La pr\u00e9sentation d\u2019une assurance FFM est obligatoire  Disposer de l&#039;\u00e9quipement complet (combinaison une pi\u00e8ce en cuir avec dorsale, gants, bottines et casque) une tol\u00e9rance est possible pour les \u00e9quipements deux pi\u00e8ces en cuir avec dorsale sous r\u00e9serve d&#039;acceptation du chef de piste (v\u00e9rification des fermetures)  Bon cadeau \u00e0 convertir sur le circuit de vitesse de l\u2019Anneau du Rhin.  Validit\u00e9 1 an \u00e0 compter de la date d\u2019achat  Valable pour 1 personne  A partir de 18 ans  &nbsp;\" \/>\n<meta property=\"og:url\" content=\"https:\/\/www.anneau-du-rhin.com\/moto\/produit\/bon-cadeau\/\" \/>\n<meta property=\"og:site_name\" content=\"Moto Club de Biltzheim\" \/>\n<meta property=\"article:modified_time\" content=\"2023-11-23T15:47:37+00:00\" \/>\n<meta property=\"og:image\" content=\"https:\/\/www.anneau-du-rhin.com\/moto\/wp-content\/uploads\/2021\/11\/cadeaux-moto.jpg\" \/>\n\t<meta property=\"og:image:width\" content=\"1000\" \/>\n\t<meta property=\"og:image:height\" content=\"637\" \/>\n\t<meta property=\"og:image:type\" content=\"image\/jpeg\" \/>\n<meta name=\"twitter:card\" content=\"summary_large_image\" \/>\n<meta name=\"twitter:label1\" content=\"Dur\u00e9e de lecture estim\u00e9e\" \/>\n\t<meta name=\"twitter:data1\" content=\"1 minute\" \/>\n<script type=\"application\/ld+json\" class=\"yoast-schema-graph\">{\"@context\":\"https:\/\/schema.org\",\"@graph\":[{\"@type\":\"WebPage\",\"@id\":\"https:\/\/www.anneau-du-rhin.com\/moto\/produit\/bon-cadeau\/\",\"url\":\"https:\/\/www.anneau-du-rhin.com\/moto\/produit\/bon-cadeau\/\",\"name\":\"Bon cadeau &mdash; Moto Club de Biltzheim\",\"isPartOf\":{\"@id\":\"https:\/\/www.anneau-du-rhin.com\/moto\/#website\"},\"datePublished\":\"2021-11-25T15:59:42+00:00\",\"dateModified\":\"2023-11-23T15:47:37+00:00\",\"description\":\"&nbsp; ATTENTION deux tarifs disponibles : Tarif membre (\u00e0 justifier) et non membre ATTENTION : R\u00e9serv\u00e9 aux possesseurs d'une moto et de l'\u00e9quipement complet La pr\u00e9sentation d\u2019une assurance FFM est obligatoire Disposer de l'\u00e9quipement complet (combinaison une pi\u00e8ce en cuir avec dorsale, gants, bottines et casque) une tol\u00e9rance est possible pour les \u00e9quipements deux pi\u00e8ces en cuir avec dorsale sous r\u00e9serve d'acceptation du chef de piste (v\u00e9rification des fermetures) Bon cadeau \u00e0 convertir sur le circuit de vitesse de l\u2019Anneau du Rhin. Validit\u00e9 1 an \u00e0 compter de la date d\u2019achat Valable pour 1 personne A partir de 18 ans &nbsp;\",\"breadcrumb\":{\"@id\":\"https:\/\/www.anneau-du-rhin.com\/moto\/produit\/bon-cadeau\/#breadcrumb\"},\"inLanguage\":\"fr-FR\",\"potentialAction\":[{\"@type\":\"ReadAction\",\"target\":[\"https:\/\/www.anneau-du-rhin.com\/moto\/produit\/bon-cadeau\/\"]}]},{\"@type\":\"BreadcrumbList\",\"@id\":\"https:\/\/www.anneau-du-rhin.com\/moto\/produit\/bon-cadeau\/#breadcrumb\",\"itemListElement\":[{\"@type\":\"ListItem\",\"position\":1,\"name\":\"Accueil\",\"item\":\"https:\/\/www.anneau-du-rhin.com\/moto\/\"},{\"@type\":\"ListItem\",\"position\":2,\"name\":\"Shop\",\"item\":\"https:\/\/www.anneau-du-rhin.com\/moto\/shop\/\"},{\"@type\":\"ListItem\",\"position\":3,\"name\":\"Bon cadeau\"}]},{\"@type\":\"WebSite\",\"@id\":\"https:\/\/www.anneau-du-rhin.com\/moto\/#website\",\"url\":\"https:\/\/www.anneau-du-rhin.com\/moto\/\",\"name\":\"Moto Club de Biltzheim\",\"description\":\"Moto Club de Biltzheim\",\"potentialAction\":[{\"@type\":\"SearchAction\",\"target\":{\"@type\":\"EntryPoint\",\"urlTemplate\":\"https:\/\/www.anneau-du-rhin.com\/moto\/?s={search_term_string}\"},\"query-input\":\"required name=search_term_string\"}],\"inLanguage\":\"fr-FR\"}]}<\/script>\n<!-- \/ Yoast SEO plugin. -->","yoast_head_json":{"title":"Bon cadeau &mdash; Moto Club de Biltzheim","description":"&nbsp;   ATTENTION deux tarifs disponibles : Tarif membre (\u00e0 justifier) et non membre  ATTENTION : R\u00e9serv\u00e9 aux possesseurs d'une moto et de l'\u00e9quipement complet  La pr\u00e9sentation d\u2019une assurance FFM est obligatoire  Disposer de l'\u00e9quipement complet (combinaison une pi\u00e8ce en cuir avec dorsale, gants, bottines et casque) une tol\u00e9rance est possible pour les \u00e9quipements deux pi\u00e8ces en cuir avec dorsale sous r\u00e9serve d'acceptation du chef de piste (v\u00e9rification des fermetures)  Bon cadeau \u00e0 convertir sur le circuit de vitesse de l\u2019Anneau du Rhin.  Validit\u00e9 1 an \u00e0 compter de la date d\u2019achat  Valable pour 1 personne  A partir de 18 ans  &nbsp;","robots":{"index":"index","follow":"follow","max-snippet":"max-snippet:-1","max-image-preview":"max-image-preview:large","max-video-preview":"max-video-preview:-1"},"canonical":"https:\/\/www.anneau-du-rhin.com\/moto\/produit\/bon-cadeau\/","og_locale":"fr_FR","og_type":"article","og_title":"Bon cadeau &mdash; Moto Club de Biltzheim","og_description":"&nbsp;   ATTENTION deux tarifs disponibles : Tarif membre (\u00e0 justifier) et non membre  ATTENTION : R\u00e9serv\u00e9 aux possesseurs d'une moto et de l'\u00e9quipement complet  La pr\u00e9sentation d\u2019une assurance FFM est obligatoire  Disposer de l'\u00e9quipement complet (combinaison une pi\u00e8ce en cuir avec dorsale, gants, bottines et casque) une tol\u00e9rance est possible pour les \u00e9quipements deux pi\u00e8ces en cuir avec dorsale sous r\u00e9serve d'acceptation du chef de piste (v\u00e9rification des fermetures)  Bon cadeau \u00e0 convertir sur le circuit de vitesse de l\u2019Anneau du Rhin.  Validit\u00e9 1 an \u00e0 compter de la date d\u2019achat  Valable pour 1 personne  A partir de 18 ans  &nbsp;","og_url":"https:\/\/www.anneau-du-rhin.com\/moto\/produit\/bon-cadeau\/","og_site_name":"Moto Club de Biltzheim","article_modified_time":"2023-11-23T15:47:37+00:00","og_image":[{"width":1000,"height":637,"url":"https:\/\/www.anneau-du-rhin.com\/moto\/wp-content\/uploads\/2021\/11\/cadeaux-moto.jpg","type":"image\/jpeg"}],"twitter_card":"summary_large_image","twitter_misc":{"Dur\u00e9e de lecture estim\u00e9e":"1 minute"},"schema":{"@context":"https:\/\/schema.org","@graph":[{"@type":"WebPage","@id":"https:\/\/www.anneau-du-rhin.com\/moto\/produit\/bon-cadeau\/","url":"https:\/\/www.anneau-du-rhin.com\/moto\/produit\/bon-cadeau\/","name":"Bon cadeau &mdash; Moto Club de Biltzheim","isPartOf":{"@id":"https:\/\/www.anneau-du-rhin.com\/moto\/#website"},"datePublished":"2021-11-25T15:59:42+00:00","dateModified":"2023-11-23T15:47:37+00:00","description":"&nbsp; ATTENTION deux tarifs disponibles : Tarif membre (\u00e0 justifier) et non membre ATTENTION : R\u00e9serv\u00e9 aux possesseurs d'une moto et de l'\u00e9quipement complet La pr\u00e9sentation d\u2019une assurance FFM est obligatoire Disposer de l'\u00e9quipement complet (combinaison une pi\u00e8ce en cuir avec dorsale, gants, bottines et casque) une tol\u00e9rance est possible pour les \u00e9quipements deux pi\u00e8ces en cuir avec dorsale sous r\u00e9serve d'acceptation du chef de piste (v\u00e9rification des fermetures) Bon cadeau \u00e0 convertir sur le circuit de vitesse de l\u2019Anneau du Rhin. Validit\u00e9 1 an \u00e0 compter de la date d\u2019achat Valable pour 1 personne A partir de 18 ans &nbsp;","breadcrumb":{"@id":"https:\/\/www.anneau-du-rhin.com\/moto\/produit\/bon-cadeau\/#breadcrumb"},"inLanguage":"fr-FR","potentialAction":[{"@type":"ReadAction","target":["https:\/\/www.anneau-du-rhin.com\/moto\/produit\/bon-cadeau\/"]}]},{"@type":"BreadcrumbList","@id":"https:\/\/www.anneau-du-rhin.com\/moto\/produit\/bon-cadeau\/#breadcrumb","itemListElement":[{"@type":"ListItem","position":1,"name":"Accueil","item":"https:\/\/www.anneau-du-rhin.com\/moto\/"},{"@type":"ListItem","position":2,"name":"Shop","item":"https:\/\/www.anneau-du-rhin.com\/moto\/shop\/"},{"@type":"ListItem","position":3,"name":"Bon cadeau"}]},{"@type":"WebSite","@id":"https:\/\/www.anneau-du-rhin.com\/moto\/#website","url":"https:\/\/www.anneau-du-rhin.com\/moto\/","name":"Moto Club de Biltzheim","description":"Moto Club de Biltzheim","potentialAction":[{"@type":"SearchAction","target":{"@type":"EntryPoint","urlTemplate":"https:\/\/www.anneau-du-rhin.com\/moto\/?s={search_term_string}"},"query-input":"required name=search_term_string"}],"inLanguage":"fr-FR"}]}},"_links":{"self":[{"href":"https:\/\/www.anneau-du-rhin.com\/moto\/wp-json\/wp\/v2\/product\/122312"}],"collection":[{"href":"https:\/\/www.anneau-du-rhin.com\/moto\/wp-json\/wp\/v2\/product"}],"about":[{"href":"https:\/\/www.anneau-du-rhin.com\/moto\/wp-json\/wp\/v2\/types\/product"}],"wp:featuredmedia":[{"embeddable":true,"href":"https:\/\/www.anneau-du-rhin.com\/moto\/wp-json\/wp\/v2\/media\/122688"}],"wp:attachment":[{"href":"https:\/\/www.anneau-du-rhin.com\/moto\/wp-json\/wp\/v2\/media?parent=122312"}],"wp:term":[{"taxonomy":"product_cat","embeddable":true,"href":"https:\/\/www.anneau-du-rhin.com\/moto\/wp-json\/wp\/v2\/product_cat?post=122312"},{"taxonomy":"product_tag","embeddable":true,"href":"https:\/\/www.anneau-du-rhin.com\/moto\/wp-json\/wp\/v2\/product_tag?post=122312"}],"curies":[{"name":"wp","href":"https:\/\/api.w.org\/{rel}","templated":true}]}}