{"id":801,"date":"2012-11-13T15:50:33","date_gmt":"2012-11-13T15:50:33","guid":{"rendered":"https:\/\/www.anneau-du-rhin.com\/?page_id=801"},"modified":"2023-01-04T11:16:48","modified_gmt":"2023-01-04T10:16:48","slug":"conditions-generales-de-vente","status":"publish","type":"page","link":"https:\/\/www.anneau-du-rhin.com\/moto\/conditions-generales-de-vente\/","title":{"rendered":"Conditions G\u00e9n\u00e9rales de Vente"},"content":{"rendered":"\r\n<p><strong>CONDITIONS GENERALES DE VENTES<\/strong><\/p>\r\n\r\n\r\n\r\n<p>&nbsp;<\/p>\r\n\r\n\r\n\r\n<p style=\"text-align: left;\">Le MOTO CLUB DE L&#8217;ANNEAU DU RHIN applique des conditions g\u00e9n\u00e9rales de vente.<\/p>\r\n\r\n\r\n\r\n<p style=\"text-align: left;\">Ces conditions g\u00e9n\u00e9rales de vente peuvent \u00eatre consult\u00e9es en format PDF en cliquant sur ce t\u00e9l\u00e9chargement :<em><strong>\u00a0<a href=\"https:\/\/www.anneau-du-rhin.com\/moto\/wp-content\/uploads\/2023\/01\/CGV-MCADR-2023.2.pdf\">CGV-MCADR-2023<\/a><\/strong><\/em><\/p>\r\n","protected":false},"excerpt":{"rendered":"<p>CONDITIONS GENERALES DE VENTES &nbsp; Le MOTO CLUB DE L&#8217;ANNEAU DU RHIN applique des conditions g\u00e9n\u00e9rales de vente. Ces conditions g\u00e9n\u00e9rales de vente peuvent \u00eatre consult\u00e9es en format PDF en cliquant sur ce t\u00e9l\u00e9chargement :\u00a0CGV-MCADR-2023<\/p>\n","protected":false},"author":2,"featured_media":0,"parent":0,"menu_order":0,"comment_status":"open","ping_status":"open","template":"","meta":[],"acf":[],"yoast_head":"<!-- This site is optimized with the Yoast SEO plugin v20.2 - https:\/\/yoast.com\/wordpress\/plugins\/seo\/ -->\n<title>Conditions G\u00e9n\u00e9rales de Vente &mdash; Moto Club de Biltzheim<\/title>\n<meta name=\"description\" content=\"CONDITIONS GENERALES DE VENTES &nbsp; Le MOTO CLUB DE L&#039;ANNEAU DU RHIN applique des conditions g\u00e9n\u00e9rales de vente. Ces conditions g\u00e9n\u00e9rales de vente\" \/>\n<meta name=\"robots\" content=\"index, follow, max-snippet:-1, max-image-preview:large, max-video-preview:-1\" \/>\n<link rel=\"canonical\" href=\"https:\/\/www.anneau-du-rhin.com\/moto\/conditions-generales-de-vente\/\" \/>\n<meta property=\"og:locale\" content=\"fr_FR\" \/>\n<meta property=\"og:type\" content=\"article\" \/>\n<meta property=\"og:title\" content=\"Conditions G\u00e9n\u00e9rales de Vente &mdash; Moto Club de Biltzheim\" \/>\n<meta property=\"og:description\" content=\"CONDITIONS GENERALES DE VENTES &nbsp; Le MOTO CLUB DE L&#039;ANNEAU DU RHIN applique des conditions g\u00e9n\u00e9rales de vente. Ces conditions g\u00e9n\u00e9rales de vente\" \/>\n<meta property=\"og:url\" content=\"https:\/\/www.anneau-du-rhin.com\/moto\/conditions-generales-de-vente\/\" \/>\n<meta property=\"og:site_name\" content=\"Moto Club de Biltzheim\" \/>\n<meta property=\"article:modified_time\" content=\"2023-01-04T10:16:48+00:00\" \/>\n<meta name=\"twitter:card\" content=\"summary_large_image\" \/>\n<meta name=\"twitter:label1\" content=\"Dur\u00e9e de lecture estim\u00e9e\" \/>\n\t<meta name=\"twitter:data1\" content=\"1 minute\" \/>\n<script type=\"application\/ld+json\" class=\"yoast-schema-graph\">{\"@context\":\"https:\/\/schema.org\",\"@graph\":[{\"@type\":\"WebPage\",\"@id\":\"https:\/\/www.anneau-du-rhin.com\/moto\/conditions-generales-de-vente\/\",\"url\":\"https:\/\/www.anneau-du-rhin.com\/moto\/conditions-generales-de-vente\/\",\"name\":\"Conditions G\u00e9n\u00e9rales de Vente &mdash; Moto Club de Biltzheim\",\"isPartOf\":{\"@id\":\"https:\/\/www.anneau-du-rhin.com\/moto\/#website\"},\"datePublished\":\"2012-11-13T15:50:33+00:00\",\"dateModified\":\"2023-01-04T10:16:48+00:00\",\"description\":\"CONDITIONS GENERALES DE VENTES &nbsp; Le MOTO CLUB DE L'ANNEAU DU RHIN applique des conditions g\u00e9n\u00e9rales de vente. Ces conditions g\u00e9n\u00e9rales de vente\",\"breadcrumb\":{\"@id\":\"https:\/\/www.anneau-du-rhin.com\/moto\/conditions-generales-de-vente\/#breadcrumb\"},\"inLanguage\":\"fr-FR\",\"potentialAction\":[{\"@type\":\"ReadAction\",\"target\":[\"https:\/\/www.anneau-du-rhin.com\/moto\/conditions-generales-de-vente\/\"]}]},{\"@type\":\"BreadcrumbList\",\"@id\":\"https:\/\/www.anneau-du-rhin.com\/moto\/conditions-generales-de-vente\/#breadcrumb\",\"itemListElement\":[{\"@type\":\"ListItem\",\"position\":1,\"name\":\"Accueil\",\"item\":\"https:\/\/www.anneau-du-rhin.com\/moto\/\"},{\"@type\":\"ListItem\",\"position\":2,\"name\":\"Conditions G\u00e9n\u00e9rales de Vente\"}]},{\"@type\":\"WebSite\",\"@id\":\"https:\/\/www.anneau-du-rhin.com\/moto\/#website\",\"url\":\"https:\/\/www.anneau-du-rhin.com\/moto\/\",\"name\":\"Moto Club de Biltzheim\",\"description\":\"Moto Club de Biltzheim\",\"potentialAction\":[{\"@type\":\"SearchAction\",\"target\":{\"@type\":\"EntryPoint\",\"urlTemplate\":\"https:\/\/www.anneau-du-rhin.com\/moto\/?s={search_term_string}\"},\"query-input\":\"required name=search_term_string\"}],\"inLanguage\":\"fr-FR\"}]}<\/script>\n<!-- \/ Yoast SEO plugin. -->","yoast_head_json":{"title":"Conditions G\u00e9n\u00e9rales de Vente &mdash; Moto Club de Biltzheim","description":"CONDITIONS GENERALES DE VENTES &nbsp; Le MOTO CLUB DE L'ANNEAU DU RHIN applique des conditions g\u00e9n\u00e9rales de vente. Ces conditions g\u00e9n\u00e9rales de vente","robots":{"index":"index","follow":"follow","max-snippet":"max-snippet:-1","max-image-preview":"max-image-preview:large","max-video-preview":"max-video-preview:-1"},"canonical":"https:\/\/www.anneau-du-rhin.com\/moto\/conditions-generales-de-vente\/","og_locale":"fr_FR","og_type":"article","og_title":"Conditions G\u00e9n\u00e9rales de Vente &mdash; Moto Club de Biltzheim","og_description":"CONDITIONS GENERALES DE VENTES &nbsp; Le MOTO CLUB DE L'ANNEAU DU RHIN applique des conditions g\u00e9n\u00e9rales de vente. Ces conditions g\u00e9n\u00e9rales de vente","og_url":"https:\/\/www.anneau-du-rhin.com\/moto\/conditions-generales-de-vente\/","og_site_name":"Moto Club de Biltzheim","article_modified_time":"2023-01-04T10:16:48+00:00","twitter_card":"summary_large_image","twitter_misc":{"Dur\u00e9e de lecture estim\u00e9e":"1 minute"},"schema":{"@context":"https:\/\/schema.org","@graph":[{"@type":"WebPage","@id":"https:\/\/www.anneau-du-rhin.com\/moto\/conditions-generales-de-vente\/","url":"https:\/\/www.anneau-du-rhin.com\/moto\/conditions-generales-de-vente\/","name":"Conditions G\u00e9n\u00e9rales de Vente &mdash; Moto Club de Biltzheim","isPartOf":{"@id":"https:\/\/www.anneau-du-rhin.com\/moto\/#website"},"datePublished":"2012-11-13T15:50:33+00:00","dateModified":"2023-01-04T10:16:48+00:00","description":"CONDITIONS GENERALES DE VENTES &nbsp; Le MOTO CLUB DE L'ANNEAU DU RHIN applique des conditions g\u00e9n\u00e9rales de vente. Ces conditions g\u00e9n\u00e9rales de vente","breadcrumb":{"@id":"https:\/\/www.anneau-du-rhin.com\/moto\/conditions-generales-de-vente\/#breadcrumb"},"inLanguage":"fr-FR","potentialAction":[{"@type":"ReadAction","target":["https:\/\/www.anneau-du-rhin.com\/moto\/conditions-generales-de-vente\/"]}]},{"@type":"BreadcrumbList","@id":"https:\/\/www.anneau-du-rhin.com\/moto\/conditions-generales-de-vente\/#breadcrumb","itemListElement":[{"@type":"ListItem","position":1,"name":"Accueil","item":"https:\/\/www.anneau-du-rhin.com\/moto\/"},{"@type":"ListItem","position":2,"name":"Conditions G\u00e9n\u00e9rales de Vente"}]},{"@type":"WebSite","@id":"https:\/\/www.anneau-du-rhin.com\/moto\/#website","url":"https:\/\/www.anneau-du-rhin.com\/moto\/","name":"Moto Club de Biltzheim","description":"Moto Club de Biltzheim","potentialAction":[{"@type":"SearchAction","target":{"@type":"EntryPoint","urlTemplate":"https:\/\/www.anneau-du-rhin.com\/moto\/?s={search_term_string}"},"query-input":"required name=search_term_string"}],"inLanguage":"fr-FR"}]}},"_links":{"self":[{"href":"https:\/\/www.anneau-du-rhin.com\/moto\/wp-json\/wp\/v2\/pages\/801"}],"collection":[{"href":"https:\/\/www.anneau-du-rhin.com\/moto\/wp-json\/wp\/v2\/pages"}],"about":[{"href":"https:\/\/www.anneau-du-rhin.com\/moto\/wp-json\/wp\/v2\/types\/page"}],"author":[{"embeddable":true,"href":"https:\/\/www.anneau-du-rhin.com\/moto\/wp-json\/wp\/v2\/users\/2"}],"replies":[{"embeddable":true,"href":"https:\/\/www.anneau-du-rhin.com\/moto\/wp-json\/wp\/v2\/comments?post=801"}],"version-history":[{"count":7,"href":"https:\/\/www.anneau-du-rhin.com\/moto\/wp-json\/wp\/v2\/pages\/801\/revisions"}],"predecessor-version":[{"id":124476,"href":"https:\/\/www.anneau-du-rhin.com\/moto\/wp-json\/wp\/v2\/pages\/801\/revisions\/124476"}],"wp:attachment":[{"href":"https:\/\/www.anneau-du-rhin.com\/moto\/wp-json\/wp\/v2\/media?parent=801"}],"curies":[{"name":"wp","href":"https:\/\/api.w.org\/{rel}","templated":true}]}}