{"id":125,"date":"2011-10-27T22:01:01","date_gmt":"2011-10-27T22:01:01","guid":{"rendered":"https:\/\/www.anneau-du-rhin.com\/?page_id=125"},"modified":"2023-01-04T11:18:16","modified_gmt":"2023-01-04T10:18:16","slug":"mentions-legales","status":"publish","type":"page","link":"https:\/\/www.anneau-du-rhin.com\/moto\/mentions-legales\/","title":{"rendered":"Mentions L\u00e9gales"},"content":{"rendered":"\r\n\r\n\r\n<p><strong>MENTIONS LEGALES<\/strong><\/p>\r\n<p style=\"text-align: left;\">Le pr\u00e9sent site est la propri\u00e9t\u00e9 du MOTO CLUB DE L\u2019ANNEAU DU RHIN.<\/p>\r\n<p style=\"text-align: left;\">Il est \u00e9dit\u00e9 par le MOTO CLUB DE L\u2019ANNEAU DU RHIN<br \/>Il est d\u00e9velopp\u00e9, h\u00e9berg\u00e9 et maintenu par la soci\u00e9t\u00e9 Symbioseo.<\/p>\r\n<p style=\"text-align: left;\">Adresse\u00a0: MOTO CLUB DE L\u2019ANNEAU DU RHIN \u00a0\u2013 Lieu dit La Gravi\u00e8re \u2013\u00a0 68127 BILTZHEIM<\/p>\r\n<p style=\"text-align: left;\">Association de droit local \u00e0 but non lucratif, inscrite au registre des association du greffe du Tribunal d\u2019Instance de Guebwiller sous les r\u00e9f\u00e9rences\u00a0: volume 25 \u2013 folio 1586<\/p>\r\n<p style=\"text-align: left;\">Directeur de la publication : <strong>Fran\u00e7ois RINALDI<\/strong><\/p>\r\n<p style=\"text-align: left;\">Le pr\u00e9sent site a \u00e9t\u00e9 d\u00e9clar\u00e9 \u00e0 la Commission Nationale de l\u2019Informatique et des Libert\u00e9s (CNIL) sous le num\u00e9ro\u00a01540305<\/p>\r\n","protected":false},"excerpt":{"rendered":"<p>MENTIONS LEGALES Le pr\u00e9sent site est la propri\u00e9t\u00e9 du MOTO CLUB DE L\u2019ANNEAU DU RHIN. Il est \u00e9dit\u00e9 par le MOTO CLUB DE L\u2019ANNEAU DU RHINIl est d\u00e9velopp\u00e9, h\u00e9berg\u00e9 et maintenu par la soci\u00e9t\u00e9 Symbioseo. Adresse\u00a0: MOTO CLUB DE L\u2019ANNEAU DU RHIN \u00a0\u2013 Lieu dit La Gravi\u00e8re \u2013\u00a0 68127 BILTZHEIM Association de droit local \u00e0 [&hellip;]<\/p>\n","protected":false},"author":2,"featured_media":0,"parent":0,"menu_order":0,"comment_status":"open","ping_status":"open","template":"","meta":[],"acf":[],"yoast_head":"<!-- This site is optimized with the Yoast SEO plugin v20.2 - https:\/\/yoast.com\/wordpress\/plugins\/seo\/ -->\n<title>Mentions L\u00e9gales &mdash; Moto Club de Biltzheim<\/title>\n<meta name=\"description\" content=\"MENTIONS LEGALES Le pr\u00e9sent site est la propri\u00e9t\u00e9 du MOTO CLUB DE L\u2019ANNEAU DU RHIN. Il est \u00e9dit\u00e9 par le MOTO CLUB DE L\u2019ANNEAU DU RHINIl est d\u00e9velopp\u00e9,\" \/>\n<meta name=\"robots\" content=\"index, follow, max-snippet:-1, max-image-preview:large, max-video-preview:-1\" \/>\n<link rel=\"canonical\" href=\"https:\/\/www.anneau-du-rhin.com\/moto\/mentions-legales\/\" \/>\n<meta property=\"og:locale\" content=\"fr_FR\" \/>\n<meta property=\"og:type\" content=\"article\" \/>\n<meta property=\"og:title\" content=\"Mentions L\u00e9gales &mdash; Moto Club de Biltzheim\" \/>\n<meta property=\"og:description\" content=\"MENTIONS LEGALES Le pr\u00e9sent site est la propri\u00e9t\u00e9 du MOTO CLUB DE L\u2019ANNEAU DU RHIN. Il est \u00e9dit\u00e9 par le MOTO CLUB DE L\u2019ANNEAU DU RHINIl est d\u00e9velopp\u00e9,\" \/>\n<meta property=\"og:url\" content=\"https:\/\/www.anneau-du-rhin.com\/moto\/mentions-legales\/\" \/>\n<meta property=\"og:site_name\" content=\"Moto Club de Biltzheim\" \/>\n<meta property=\"article:modified_time\" content=\"2023-01-04T10:18:16+00:00\" \/>\n<meta name=\"twitter:card\" content=\"summary_large_image\" \/>\n<meta name=\"twitter:label1\" content=\"Dur\u00e9e de lecture estim\u00e9e\" \/>\n\t<meta name=\"twitter:data1\" content=\"1 minute\" \/>\n<script type=\"application\/ld+json\" class=\"yoast-schema-graph\">{\"@context\":\"https:\/\/schema.org\",\"@graph\":[{\"@type\":\"WebPage\",\"@id\":\"https:\/\/www.anneau-du-rhin.com\/moto\/mentions-legales\/\",\"url\":\"https:\/\/www.anneau-du-rhin.com\/moto\/mentions-legales\/\",\"name\":\"Mentions L\u00e9gales &mdash; Moto Club de Biltzheim\",\"isPartOf\":{\"@id\":\"https:\/\/www.anneau-du-rhin.com\/moto\/#website\"},\"datePublished\":\"2011-10-27T22:01:01+00:00\",\"dateModified\":\"2023-01-04T10:18:16+00:00\",\"description\":\"MENTIONS LEGALES Le pr\u00e9sent site est la propri\u00e9t\u00e9 du MOTO CLUB DE L\u2019ANNEAU DU RHIN. Il est \u00e9dit\u00e9 par le MOTO CLUB DE L\u2019ANNEAU DU RHINIl est d\u00e9velopp\u00e9,\",\"breadcrumb\":{\"@id\":\"https:\/\/www.anneau-du-rhin.com\/moto\/mentions-legales\/#breadcrumb\"},\"inLanguage\":\"fr-FR\",\"potentialAction\":[{\"@type\":\"ReadAction\",\"target\":[\"https:\/\/www.anneau-du-rhin.com\/moto\/mentions-legales\/\"]}]},{\"@type\":\"BreadcrumbList\",\"@id\":\"https:\/\/www.anneau-du-rhin.com\/moto\/mentions-legales\/#breadcrumb\",\"itemListElement\":[{\"@type\":\"ListItem\",\"position\":1,\"name\":\"Accueil\",\"item\":\"https:\/\/www.anneau-du-rhin.com\/moto\/\"},{\"@type\":\"ListItem\",\"position\":2,\"name\":\"Mentions L\u00e9gales\"}]},{\"@type\":\"WebSite\",\"@id\":\"https:\/\/www.anneau-du-rhin.com\/moto\/#website\",\"url\":\"https:\/\/www.anneau-du-rhin.com\/moto\/\",\"name\":\"Moto Club de Biltzheim\",\"description\":\"Moto Club de Biltzheim\",\"potentialAction\":[{\"@type\":\"SearchAction\",\"target\":{\"@type\":\"EntryPoint\",\"urlTemplate\":\"https:\/\/www.anneau-du-rhin.com\/moto\/?s={search_term_string}\"},\"query-input\":\"required name=search_term_string\"}],\"inLanguage\":\"fr-FR\"}]}<\/script>\n<!-- \/ Yoast SEO plugin. -->","yoast_head_json":{"title":"Mentions L\u00e9gales &mdash; Moto Club de Biltzheim","description":"MENTIONS LEGALES Le pr\u00e9sent site est la propri\u00e9t\u00e9 du MOTO CLUB DE L\u2019ANNEAU DU RHIN. Il est \u00e9dit\u00e9 par le MOTO CLUB DE L\u2019ANNEAU DU RHINIl est d\u00e9velopp\u00e9,","robots":{"index":"index","follow":"follow","max-snippet":"max-snippet:-1","max-image-preview":"max-image-preview:large","max-video-preview":"max-video-preview:-1"},"canonical":"https:\/\/www.anneau-du-rhin.com\/moto\/mentions-legales\/","og_locale":"fr_FR","og_type":"article","og_title":"Mentions L\u00e9gales &mdash; Moto Club de Biltzheim","og_description":"MENTIONS LEGALES Le pr\u00e9sent site est la propri\u00e9t\u00e9 du MOTO CLUB DE L\u2019ANNEAU DU RHIN. Il est \u00e9dit\u00e9 par le MOTO CLUB DE L\u2019ANNEAU DU RHINIl est d\u00e9velopp\u00e9,","og_url":"https:\/\/www.anneau-du-rhin.com\/moto\/mentions-legales\/","og_site_name":"Moto Club de Biltzheim","article_modified_time":"2023-01-04T10:18:16+00:00","twitter_card":"summary_large_image","twitter_misc":{"Dur\u00e9e de lecture estim\u00e9e":"1 minute"},"schema":{"@context":"https:\/\/schema.org","@graph":[{"@type":"WebPage","@id":"https:\/\/www.anneau-du-rhin.com\/moto\/mentions-legales\/","url":"https:\/\/www.anneau-du-rhin.com\/moto\/mentions-legales\/","name":"Mentions L\u00e9gales &mdash; Moto Club de Biltzheim","isPartOf":{"@id":"https:\/\/www.anneau-du-rhin.com\/moto\/#website"},"datePublished":"2011-10-27T22:01:01+00:00","dateModified":"2023-01-04T10:18:16+00:00","description":"MENTIONS LEGALES Le pr\u00e9sent site est la propri\u00e9t\u00e9 du MOTO CLUB DE L\u2019ANNEAU DU RHIN. Il est \u00e9dit\u00e9 par le MOTO CLUB DE L\u2019ANNEAU DU RHINIl est d\u00e9velopp\u00e9,","breadcrumb":{"@id":"https:\/\/www.anneau-du-rhin.com\/moto\/mentions-legales\/#breadcrumb"},"inLanguage":"fr-FR","potentialAction":[{"@type":"ReadAction","target":["https:\/\/www.anneau-du-rhin.com\/moto\/mentions-legales\/"]}]},{"@type":"BreadcrumbList","@id":"https:\/\/www.anneau-du-rhin.com\/moto\/mentions-legales\/#breadcrumb","itemListElement":[{"@type":"ListItem","position":1,"name":"Accueil","item":"https:\/\/www.anneau-du-rhin.com\/moto\/"},{"@type":"ListItem","position":2,"name":"Mentions L\u00e9gales"}]},{"@type":"WebSite","@id":"https:\/\/www.anneau-du-rhin.com\/moto\/#website","url":"https:\/\/www.anneau-du-rhin.com\/moto\/","name":"Moto Club de Biltzheim","description":"Moto Club de Biltzheim","potentialAction":[{"@type":"SearchAction","target":{"@type":"EntryPoint","urlTemplate":"https:\/\/www.anneau-du-rhin.com\/moto\/?s={search_term_string}"},"query-input":"required name=search_term_string"}],"inLanguage":"fr-FR"}]}},"_links":{"self":[{"href":"https:\/\/www.anneau-du-rhin.com\/moto\/wp-json\/wp\/v2\/pages\/125"}],"collection":[{"href":"https:\/\/www.anneau-du-rhin.com\/moto\/wp-json\/wp\/v2\/pages"}],"about":[{"href":"https:\/\/www.anneau-du-rhin.com\/moto\/wp-json\/wp\/v2\/types\/page"}],"author":[{"embeddable":true,"href":"https:\/\/www.anneau-du-rhin.com\/moto\/wp-json\/wp\/v2\/users\/2"}],"replies":[{"embeddable":true,"href":"https:\/\/www.anneau-du-rhin.com\/moto\/wp-json\/wp\/v2\/comments?post=125"}],"version-history":[{"count":3,"href":"https:\/\/www.anneau-du-rhin.com\/moto\/wp-json\/wp\/v2\/pages\/125\/revisions"}],"predecessor-version":[{"id":124478,"href":"https:\/\/www.anneau-du-rhin.com\/moto\/wp-json\/wp\/v2\/pages\/125\/revisions\/124478"}],"wp:attachment":[{"href":"https:\/\/www.anneau-du-rhin.com\/moto\/wp-json\/wp\/v2\/media?parent=125"}],"curies":[{"name":"wp","href":"https:\/\/api.w.org\/{rel}","templated":true}]}}