{"id":122451,"date":"2021-12-01T21:03:57","date_gmt":"2021-12-01T20:03:57","guid":{"rendered":"https:\/\/www.anneau-du-rhin.com\/moto\/?page_id=122451"},"modified":"2021-12-06T17:16:54","modified_gmt":"2021-12-06T16:16:54","slug":"localisation","status":"publish","type":"page","link":"https:\/\/www.anneau-du-rhin.com\/moto\/infos\/localisation\/","title":{"rendered":"Localisation"},"content":{"rendered":"\r\n<p>&nbsp;<\/p>\r\n\r\n\r\n\r\n<figure class=\"wp-block-image size-large is-resized\"><img decoding=\"async\" loading=\"lazy\" class=\"wp-image-122452 aligncenter\" src=\"https:\/\/www.anneau-du-rhin.com\/moto\/wp-content\/uploads\/2021\/12\/plan-1024x973.jpg\" alt=\"\" width=\"373\" height=\"354\" srcset=\"https:\/\/www.anneau-du-rhin.com\/moto\/wp-content\/uploads\/2021\/12\/plan-1024x973.jpg 1024w, https:\/\/www.anneau-du-rhin.com\/moto\/wp-content\/uploads\/2021\/12\/plan-300x285.jpg 300w, https:\/\/www.anneau-du-rhin.com\/moto\/wp-content\/uploads\/2021\/12\/plan-768x730.jpg 768w, https:\/\/www.anneau-du-rhin.com\/moto\/wp-content\/uploads\/2021\/12\/plan-600x570.jpg 600w, https:\/\/www.anneau-du-rhin.com\/moto\/wp-content\/uploads\/2021\/12\/plan.jpg 1200w\" sizes=\"(max-width: 373px) 100vw, 373px\" \/><\/figure>\r\n\r\n\r\n\r\n<p>Notre village de Biltzheim se trouve en France, plus pr\u00e9cis\u00e9ment dans le d\u00e9partement du Haut Rhin.<\/p>\r\n\r\n\r\n\r\n<p>Situ\u00e9 \u00e0 15 mn de la fronti\u00e8re allemande et \u00e0 25 mn de la fronti\u00e8re suisse, l\u2019Anneau du Rhin se situe au c\u0153ur de l\u2019Alsace, entre Colmar et Mulhouse.<\/p>\r\n\r\n\r\n\r\n<p>La localisation GPS est : N 47\u00b0 56\u2032 46\u00a0\u00bb &amp; E 07\u00b0 25\u2032 47\u00a0\u00bb ou: N47\u00b0 56\u2032 760 &amp; E 07\u00b0 25\u2032 780.<\/p>\r\n","protected":false},"excerpt":{"rendered":"<p>&nbsp; Notre village de Biltzheim se trouve en France, plus pr\u00e9cis\u00e9ment dans le d\u00e9partement du Haut Rhin. Situ\u00e9 \u00e0 15 mn de la fronti\u00e8re allemande et \u00e0 25 mn de la fronti\u00e8re suisse, l\u2019Anneau du Rhin se situe au c\u0153ur de l\u2019Alsace, entre Colmar et Mulhouse. La localisation GPS est : N 47\u00b0 56\u2032 46\u00a0\u00bb [&hellip;]<\/p>\n","protected":false},"author":2,"featured_media":0,"parent":122320,"menu_order":0,"comment_status":"closed","ping_status":"closed","template":"","meta":[],"acf":[],"yoast_head":"<!-- This site is optimized with the Yoast SEO plugin v20.2 - https:\/\/yoast.com\/wordpress\/plugins\/seo\/ -->\n<title>Localisation &mdash; Moto Club de Biltzheim<\/title>\n<meta name=\"description\" content=\"&nbsp; Notre village de Biltzheim se trouve en France, plus pr\u00e9cis\u00e9ment dans le d\u00e9partement du Haut Rhin. Situ\u00e9 \u00e0 15 mn de la fronti\u00e8re allemande et \u00e0 25\" \/>\n<meta name=\"robots\" content=\"index, follow, max-snippet:-1, max-image-preview:large, max-video-preview:-1\" \/>\n<link rel=\"canonical\" href=\"https:\/\/www.anneau-du-rhin.com\/moto\/infos\/localisation\/\" \/>\n<meta property=\"og:locale\" content=\"fr_FR\" \/>\n<meta property=\"og:type\" content=\"article\" \/>\n<meta property=\"og:title\" content=\"Localisation &mdash; Moto Club de Biltzheim\" \/>\n<meta property=\"og:description\" content=\"&nbsp; Notre village de Biltzheim se trouve en France, plus pr\u00e9cis\u00e9ment dans le d\u00e9partement du Haut Rhin. Situ\u00e9 \u00e0 15 mn de la fronti\u00e8re allemande et \u00e0 25\" \/>\n<meta property=\"og:url\" content=\"https:\/\/www.anneau-du-rhin.com\/moto\/infos\/localisation\/\" \/>\n<meta property=\"og:site_name\" content=\"Moto Club de Biltzheim\" \/>\n<meta property=\"article:modified_time\" content=\"2021-12-06T16:16:54+00:00\" \/>\n<meta property=\"og:image\" content=\"https:\/\/www.anneau-du-rhin.com\/moto\/wp-content\/uploads\/2021\/12\/plan-1024x973.jpg\" \/>\n<meta name=\"twitter:card\" content=\"summary_large_image\" \/>\n<meta name=\"twitter:label1\" content=\"Dur\u00e9e de lecture estim\u00e9e\" \/>\n\t<meta name=\"twitter:data1\" content=\"1 minute\" \/>\n<script type=\"application\/ld+json\" class=\"yoast-schema-graph\">{\"@context\":\"https:\/\/schema.org\",\"@graph\":[{\"@type\":\"WebPage\",\"@id\":\"https:\/\/www.anneau-du-rhin.com\/moto\/infos\/localisation\/\",\"url\":\"https:\/\/www.anneau-du-rhin.com\/moto\/infos\/localisation\/\",\"name\":\"Localisation &mdash; Moto Club de Biltzheim\",\"isPartOf\":{\"@id\":\"https:\/\/www.anneau-du-rhin.com\/moto\/#website\"},\"datePublished\":\"2021-12-01T20:03:57+00:00\",\"dateModified\":\"2021-12-06T16:16:54+00:00\",\"description\":\"&nbsp; Notre village de Biltzheim se trouve en France, plus pr\u00e9cis\u00e9ment dans le d\u00e9partement du Haut Rhin. Situ\u00e9 \u00e0 15 mn de la fronti\u00e8re allemande et \u00e0 25\",\"breadcrumb\":{\"@id\":\"https:\/\/www.anneau-du-rhin.com\/moto\/infos\/localisation\/#breadcrumb\"},\"inLanguage\":\"fr-FR\",\"potentialAction\":[{\"@type\":\"ReadAction\",\"target\":[\"https:\/\/www.anneau-du-rhin.com\/moto\/infos\/localisation\/\"]}]},{\"@type\":\"BreadcrumbList\",\"@id\":\"https:\/\/www.anneau-du-rhin.com\/moto\/infos\/localisation\/#breadcrumb\",\"itemListElement\":[{\"@type\":\"ListItem\",\"position\":1,\"name\":\"Accueil\",\"item\":\"https:\/\/www.anneau-du-rhin.com\/moto\/\"},{\"@type\":\"ListItem\",\"position\":2,\"name\":\"Infos\",\"item\":\"https:\/\/www.anneau-du-rhin.com\/moto\/infos\/\"},{\"@type\":\"ListItem\",\"position\":3,\"name\":\"Localisation\"}]},{\"@type\":\"WebSite\",\"@id\":\"https:\/\/www.anneau-du-rhin.com\/moto\/#website\",\"url\":\"https:\/\/www.anneau-du-rhin.com\/moto\/\",\"name\":\"Moto Club de Biltzheim\",\"description\":\"Moto Club de Biltzheim\",\"potentialAction\":[{\"@type\":\"SearchAction\",\"target\":{\"@type\":\"EntryPoint\",\"urlTemplate\":\"https:\/\/www.anneau-du-rhin.com\/moto\/?s={search_term_string}\"},\"query-input\":\"required name=search_term_string\"}],\"inLanguage\":\"fr-FR\"}]}<\/script>\n<!-- \/ Yoast SEO plugin. -->","yoast_head_json":{"title":"Localisation &mdash; Moto Club de Biltzheim","description":"&nbsp; Notre village de Biltzheim se trouve en France, plus pr\u00e9cis\u00e9ment dans le d\u00e9partement du Haut Rhin. Situ\u00e9 \u00e0 15 mn de la fronti\u00e8re allemande et \u00e0 25","robots":{"index":"index","follow":"follow","max-snippet":"max-snippet:-1","max-image-preview":"max-image-preview:large","max-video-preview":"max-video-preview:-1"},"canonical":"https:\/\/www.anneau-du-rhin.com\/moto\/infos\/localisation\/","og_locale":"fr_FR","og_type":"article","og_title":"Localisation &mdash; Moto Club de Biltzheim","og_description":"&nbsp; Notre village de Biltzheim se trouve en France, plus pr\u00e9cis\u00e9ment dans le d\u00e9partement du Haut Rhin. Situ\u00e9 \u00e0 15 mn de la fronti\u00e8re allemande et \u00e0 25","og_url":"https:\/\/www.anneau-du-rhin.com\/moto\/infos\/localisation\/","og_site_name":"Moto Club de Biltzheim","article_modified_time":"2021-12-06T16:16:54+00:00","og_image":[{"url":"https:\/\/www.anneau-du-rhin.com\/moto\/wp-content\/uploads\/2021\/12\/plan-1024x973.jpg"}],"twitter_card":"summary_large_image","twitter_misc":{"Dur\u00e9e de lecture estim\u00e9e":"1 minute"},"schema":{"@context":"https:\/\/schema.org","@graph":[{"@type":"WebPage","@id":"https:\/\/www.anneau-du-rhin.com\/moto\/infos\/localisation\/","url":"https:\/\/www.anneau-du-rhin.com\/moto\/infos\/localisation\/","name":"Localisation &mdash; Moto Club de Biltzheim","isPartOf":{"@id":"https:\/\/www.anneau-du-rhin.com\/moto\/#website"},"datePublished":"2021-12-01T20:03:57+00:00","dateModified":"2021-12-06T16:16:54+00:00","description":"&nbsp; Notre village de Biltzheim se trouve en France, plus pr\u00e9cis\u00e9ment dans le d\u00e9partement du Haut Rhin. Situ\u00e9 \u00e0 15 mn de la fronti\u00e8re allemande et \u00e0 25","breadcrumb":{"@id":"https:\/\/www.anneau-du-rhin.com\/moto\/infos\/localisation\/#breadcrumb"},"inLanguage":"fr-FR","potentialAction":[{"@type":"ReadAction","target":["https:\/\/www.anneau-du-rhin.com\/moto\/infos\/localisation\/"]}]},{"@type":"BreadcrumbList","@id":"https:\/\/www.anneau-du-rhin.com\/moto\/infos\/localisation\/#breadcrumb","itemListElement":[{"@type":"ListItem","position":1,"name":"Accueil","item":"https:\/\/www.anneau-du-rhin.com\/moto\/"},{"@type":"ListItem","position":2,"name":"Infos","item":"https:\/\/www.anneau-du-rhin.com\/moto\/infos\/"},{"@type":"ListItem","position":3,"name":"Localisation"}]},{"@type":"WebSite","@id":"https:\/\/www.anneau-du-rhin.com\/moto\/#website","url":"https:\/\/www.anneau-du-rhin.com\/moto\/","name":"Moto Club de Biltzheim","description":"Moto Club de Biltzheim","potentialAction":[{"@type":"SearchAction","target":{"@type":"EntryPoint","urlTemplate":"https:\/\/www.anneau-du-rhin.com\/moto\/?s={search_term_string}"},"query-input":"required name=search_term_string"}],"inLanguage":"fr-FR"}]}},"_links":{"self":[{"href":"https:\/\/www.anneau-du-rhin.com\/moto\/wp-json\/wp\/v2\/pages\/122451"}],"collection":[{"href":"https:\/\/www.anneau-du-rhin.com\/moto\/wp-json\/wp\/v2\/pages"}],"about":[{"href":"https:\/\/www.anneau-du-rhin.com\/moto\/wp-json\/wp\/v2\/types\/page"}],"author":[{"embeddable":true,"href":"https:\/\/www.anneau-du-rhin.com\/moto\/wp-json\/wp\/v2\/users\/2"}],"replies":[{"embeddable":true,"href":"https:\/\/www.anneau-du-rhin.com\/moto\/wp-json\/wp\/v2\/comments?post=122451"}],"version-history":[{"count":3,"href":"https:\/\/www.anneau-du-rhin.com\/moto\/wp-json\/wp\/v2\/pages\/122451\/revisions"}],"predecessor-version":[{"id":122823,"href":"https:\/\/www.anneau-du-rhin.com\/moto\/wp-json\/wp\/v2\/pages\/122451\/revisions\/122823"}],"up":[{"embeddable":true,"href":"https:\/\/www.anneau-du-rhin.com\/moto\/wp-json\/wp\/v2\/pages\/122320"}],"wp:attachment":[{"href":"https:\/\/www.anneau-du-rhin.com\/moto\/wp-json\/wp\/v2\/media?parent=122451"}],"curies":[{"name":"wp","href":"https:\/\/api.w.org\/{rel}","templated":true}]}}