{"id":122446,"date":"2021-12-01T21:01:15","date_gmt":"2021-12-01T20:01:15","guid":{"rendered":"https:\/\/www.anneau-du-rhin.com\/moto\/?page_id=122446"},"modified":"2023-04-12T18:10:32","modified_gmt":"2023-04-12T16:10:32","slug":"bruit","status":"publish","type":"page","link":"https:\/\/www.anneau-du-rhin.com\/moto\/infos\/bruit\/","title":{"rendered":"Bruit"},"content":{"rendered":"\r\n<p><strong>ECHAPPEMENTS AUTORISES<\/strong><\/p>\r\n<p><strong><img decoding=\"async\" loading=\"lazy\" class=\"wp-image-122602 aligncenter\" src=\"https:\/\/www.anneau-du-rhin.com\/moto\/wp-content\/uploads\/2021\/12\/5507ea9_751708236-ulysse-bellier-le-monde-5247-1-300x200.jpg\" alt=\"\" width=\"374\" height=\"246\" \/><\/strong><\/p>\r\n\r\n\r\n\r\n<figure class=\"wp-block-image size-full is-resized\"><\/figure>\r\n\r\n\r\n\r\n<p>La limite du niveau sonore maximal de chaque moto est contr\u00f4l\u00e9e et fix\u00e9e \u00e0 <strong>100 dB.<\/strong><\/p>\r\n\r\n\r\n\r\n<p>La limite du niveau sonore maximal des motos d\u2019origine, \u00e9quip\u00e9s du silencieux d\u2019origine et conforme (non modifi\u00e9) est fix\u00e9e \u00e0 100dB.<\/p>\r\n\r\n\r\n\r\n<p>Le niveau sonore de chaque moto est contr\u00f4l\u00e9 avant de p\u00e9n\u00e9trer sur la piste de fa\u00e7on statique \u00e0 50 cm de l\u2019\u00e9chappement, selon un angle de 45\u00b0 et \u00e0 un r\u00e9gime moteur \u00e9gal \u00e0 60% du r\u00e9gime maximum. La moto doit \u00eatre \u00e9quip\u00e9 obligatoirement d\u2019un silencieux et d\u2019un compte tours. Aucune tol\u00e9rance ne sera admise.<\/p>\r\n","protected":false},"excerpt":{"rendered":"<p>ECHAPPEMENTS AUTORISES La limite du niveau sonore maximal de chaque moto est contr\u00f4l\u00e9e et fix\u00e9e \u00e0 100 dB. La limite du niveau sonore maximal des motos d\u2019origine, \u00e9quip\u00e9s du silencieux d\u2019origine et conforme (non modifi\u00e9) est fix\u00e9e \u00e0 100dB. Le niveau sonore de chaque moto est contr\u00f4l\u00e9 avant de p\u00e9n\u00e9trer sur la piste de fa\u00e7on [&hellip;]<\/p>\n","protected":false},"author":2,"featured_media":0,"parent":122320,"menu_order":0,"comment_status":"closed","ping_status":"closed","template":"","meta":[],"acf":[],"yoast_head":"<!-- This site is optimized with the Yoast SEO plugin v20.2 - https:\/\/yoast.com\/wordpress\/plugins\/seo\/ -->\n<title>Bruit &mdash; Moto Club de Biltzheim<\/title>\n<meta name=\"description\" content=\"ECHAPPEMENTS AUTORISES La limite du niveau sonore maximal de chaque moto est contr\u00f4l\u00e9e et fix\u00e9e \u00e0 100 dB. La limite du niveau sonore maximal des motos\" \/>\n<meta name=\"robots\" content=\"index, follow, max-snippet:-1, max-image-preview:large, max-video-preview:-1\" \/>\n<link rel=\"canonical\" href=\"https:\/\/www.anneau-du-rhin.com\/moto\/infos\/bruit\/\" \/>\n<meta property=\"og:locale\" content=\"fr_FR\" \/>\n<meta property=\"og:type\" content=\"article\" \/>\n<meta property=\"og:title\" content=\"Bruit &mdash; Moto Club de Biltzheim\" \/>\n<meta property=\"og:description\" content=\"ECHAPPEMENTS AUTORISES La limite du niveau sonore maximal de chaque moto est contr\u00f4l\u00e9e et fix\u00e9e \u00e0 100 dB. La limite du niveau sonore maximal des motos\" \/>\n<meta property=\"og:url\" content=\"https:\/\/www.anneau-du-rhin.com\/moto\/infos\/bruit\/\" \/>\n<meta property=\"og:site_name\" content=\"Moto Club de Biltzheim\" \/>\n<meta property=\"article:modified_time\" content=\"2023-04-12T16:10:32+00:00\" \/>\n<meta property=\"og:image\" content=\"https:\/\/www.anneau-du-rhin.com\/moto\/wp-content\/uploads\/2021\/12\/5507ea9_751708236-ulysse-bellier-le-monde-5247-1-300x200.jpg\" \/>\n<meta name=\"twitter:card\" content=\"summary_large_image\" \/>\n<meta name=\"twitter:label1\" content=\"Dur\u00e9e de lecture estim\u00e9e\" \/>\n\t<meta name=\"twitter:data1\" content=\"1 minute\" \/>\n<script type=\"application\/ld+json\" class=\"yoast-schema-graph\">{\"@context\":\"https:\/\/schema.org\",\"@graph\":[{\"@type\":\"WebPage\",\"@id\":\"https:\/\/www.anneau-du-rhin.com\/moto\/infos\/bruit\/\",\"url\":\"https:\/\/www.anneau-du-rhin.com\/moto\/infos\/bruit\/\",\"name\":\"Bruit &mdash; Moto Club de Biltzheim\",\"isPartOf\":{\"@id\":\"https:\/\/www.anneau-du-rhin.com\/moto\/#website\"},\"datePublished\":\"2021-12-01T20:01:15+00:00\",\"dateModified\":\"2023-04-12T16:10:32+00:00\",\"description\":\"ECHAPPEMENTS AUTORISES La limite du niveau sonore maximal de chaque moto est contr\u00f4l\u00e9e et fix\u00e9e \u00e0 100 dB. La limite du niveau sonore maximal des motos\",\"breadcrumb\":{\"@id\":\"https:\/\/www.anneau-du-rhin.com\/moto\/infos\/bruit\/#breadcrumb\"},\"inLanguage\":\"fr-FR\",\"potentialAction\":[{\"@type\":\"ReadAction\",\"target\":[\"https:\/\/www.anneau-du-rhin.com\/moto\/infos\/bruit\/\"]}]},{\"@type\":\"BreadcrumbList\",\"@id\":\"https:\/\/www.anneau-du-rhin.com\/moto\/infos\/bruit\/#breadcrumb\",\"itemListElement\":[{\"@type\":\"ListItem\",\"position\":1,\"name\":\"Accueil\",\"item\":\"https:\/\/www.anneau-du-rhin.com\/moto\/\"},{\"@type\":\"ListItem\",\"position\":2,\"name\":\"Infos\",\"item\":\"https:\/\/www.anneau-du-rhin.com\/moto\/infos\/\"},{\"@type\":\"ListItem\",\"position\":3,\"name\":\"Bruit\"}]},{\"@type\":\"WebSite\",\"@id\":\"https:\/\/www.anneau-du-rhin.com\/moto\/#website\",\"url\":\"https:\/\/www.anneau-du-rhin.com\/moto\/\",\"name\":\"Moto Club de Biltzheim\",\"description\":\"Moto Club de Biltzheim\",\"potentialAction\":[{\"@type\":\"SearchAction\",\"target\":{\"@type\":\"EntryPoint\",\"urlTemplate\":\"https:\/\/www.anneau-du-rhin.com\/moto\/?s={search_term_string}\"},\"query-input\":\"required name=search_term_string\"}],\"inLanguage\":\"fr-FR\"}]}<\/script>\n<!-- \/ Yoast SEO plugin. -->","yoast_head_json":{"title":"Bruit &mdash; Moto Club de Biltzheim","description":"ECHAPPEMENTS AUTORISES La limite du niveau sonore maximal de chaque moto est contr\u00f4l\u00e9e et fix\u00e9e \u00e0 100 dB. La limite du niveau sonore maximal des motos","robots":{"index":"index","follow":"follow","max-snippet":"max-snippet:-1","max-image-preview":"max-image-preview:large","max-video-preview":"max-video-preview:-1"},"canonical":"https:\/\/www.anneau-du-rhin.com\/moto\/infos\/bruit\/","og_locale":"fr_FR","og_type":"article","og_title":"Bruit &mdash; Moto Club de Biltzheim","og_description":"ECHAPPEMENTS AUTORISES La limite du niveau sonore maximal de chaque moto est contr\u00f4l\u00e9e et fix\u00e9e \u00e0 100 dB. La limite du niveau sonore maximal des motos","og_url":"https:\/\/www.anneau-du-rhin.com\/moto\/infos\/bruit\/","og_site_name":"Moto Club de Biltzheim","article_modified_time":"2023-04-12T16:10:32+00:00","og_image":[{"url":"https:\/\/www.anneau-du-rhin.com\/moto\/wp-content\/uploads\/2021\/12\/5507ea9_751708236-ulysse-bellier-le-monde-5247-1-300x200.jpg"}],"twitter_card":"summary_large_image","twitter_misc":{"Dur\u00e9e de lecture estim\u00e9e":"1 minute"},"schema":{"@context":"https:\/\/schema.org","@graph":[{"@type":"WebPage","@id":"https:\/\/www.anneau-du-rhin.com\/moto\/infos\/bruit\/","url":"https:\/\/www.anneau-du-rhin.com\/moto\/infos\/bruit\/","name":"Bruit &mdash; Moto Club de Biltzheim","isPartOf":{"@id":"https:\/\/www.anneau-du-rhin.com\/moto\/#website"},"datePublished":"2021-12-01T20:01:15+00:00","dateModified":"2023-04-12T16:10:32+00:00","description":"ECHAPPEMENTS AUTORISES La limite du niveau sonore maximal de chaque moto est contr\u00f4l\u00e9e et fix\u00e9e \u00e0 100 dB. La limite du niveau sonore maximal des motos","breadcrumb":{"@id":"https:\/\/www.anneau-du-rhin.com\/moto\/infos\/bruit\/#breadcrumb"},"inLanguage":"fr-FR","potentialAction":[{"@type":"ReadAction","target":["https:\/\/www.anneau-du-rhin.com\/moto\/infos\/bruit\/"]}]},{"@type":"BreadcrumbList","@id":"https:\/\/www.anneau-du-rhin.com\/moto\/infos\/bruit\/#breadcrumb","itemListElement":[{"@type":"ListItem","position":1,"name":"Accueil","item":"https:\/\/www.anneau-du-rhin.com\/moto\/"},{"@type":"ListItem","position":2,"name":"Infos","item":"https:\/\/www.anneau-du-rhin.com\/moto\/infos\/"},{"@type":"ListItem","position":3,"name":"Bruit"}]},{"@type":"WebSite","@id":"https:\/\/www.anneau-du-rhin.com\/moto\/#website","url":"https:\/\/www.anneau-du-rhin.com\/moto\/","name":"Moto Club de Biltzheim","description":"Moto Club de Biltzheim","potentialAction":[{"@type":"SearchAction","target":{"@type":"EntryPoint","urlTemplate":"https:\/\/www.anneau-du-rhin.com\/moto\/?s={search_term_string}"},"query-input":"required name=search_term_string"}],"inLanguage":"fr-FR"}]}},"_links":{"self":[{"href":"https:\/\/www.anneau-du-rhin.com\/moto\/wp-json\/wp\/v2\/pages\/122446"}],"collection":[{"href":"https:\/\/www.anneau-du-rhin.com\/moto\/wp-json\/wp\/v2\/pages"}],"about":[{"href":"https:\/\/www.anneau-du-rhin.com\/moto\/wp-json\/wp\/v2\/types\/page"}],"author":[{"embeddable":true,"href":"https:\/\/www.anneau-du-rhin.com\/moto\/wp-json\/wp\/v2\/users\/2"}],"replies":[{"embeddable":true,"href":"https:\/\/www.anneau-du-rhin.com\/moto\/wp-json\/wp\/v2\/comments?post=122446"}],"version-history":[{"count":8,"href":"https:\/\/www.anneau-du-rhin.com\/moto\/wp-json\/wp\/v2\/pages\/122446\/revisions"}],"predecessor-version":[{"id":124901,"href":"https:\/\/www.anneau-du-rhin.com\/moto\/wp-json\/wp\/v2\/pages\/122446\/revisions\/124901"}],"up":[{"embeddable":true,"href":"https:\/\/www.anneau-du-rhin.com\/moto\/wp-json\/wp\/v2\/pages\/122320"}],"wp:attachment":[{"href":"https:\/\/www.anneau-du-rhin.com\/moto\/wp-json\/wp\/v2\/media?parent=122446"}],"curies":[{"name":"wp","href":"https:\/\/api.w.org\/{rel}","templated":true}]}}