{"id":122433,"date":"2021-12-01T20:51:50","date_gmt":"2021-12-01T19:51:50","guid":{"rendered":"https:\/\/www.anneau-du-rhin.com\/moto\/?page_id=122433"},"modified":"2023-01-04T17:51:32","modified_gmt":"2023-01-04T16:51:32","slug":"assurance","status":"publish","type":"page","link":"https:\/\/www.anneau-du-rhin.com\/moto\/infos\/assurance\/","title":{"rendered":"Assurance FFM"},"content":{"rendered":"\r\n<p>&nbsp;<\/p>\r\n\r\n\r\n\r\n<p style=\"text-align: center;\"><img decoding=\"async\" loading=\"lazy\" class=\"alignnone  wp-image-122617\" src=\"https:\/\/www.anneau-du-rhin.com\/moto\/wp-content\/uploads\/2021\/12\/unnamed-5-300x105.jpg\" alt=\"\" width=\"372\" height=\"150\" \/><\/p>\r\n\r\n\r\n\r\n<p>La quasi-totalit\u00e9 des assureurs exclus de leur couverture la pratique de la moto sur circuit. Or, pour participer \u00e0 nos \u00e9v\u00e8nements, nous exigeons une couverture d\u2019assurance. Par cons\u00e9quent, pour \u00eatre couvert, la FFM a mis en place une offre d\u2019assurances, en fonction de vos besoins :<\/p>\r\n\r\n\r\n\r\n<ul>\r\n<li>Au minimum, vous devez disposer d\u2019une couverture \u00ab\u00a0Responsabilit\u00e9 Civile\u00a0\u00bb qui est propos\u00e9 avec le \u00ab\u00a0PASS ECO FFM\u00a0\u00bb.<\/li>\r\n<li>Pour b\u00e9n\u00e9ficier d\u2019une couverture compl\u00e9mentaire \u00ab\u00a0Individuelle Accident\u00a0\u00bb, en plus de la couverture \u00ab\u00a0Responsabilit\u00e9 Civile\u00a0\u00bb. Vous pouvez donc souscrire les 2 couvertures ensembles, en optant pour le \u00ab\u00a0PASS CIRCUIT FFM\u00a0\u00bb.<\/li>\r\n<li>Si vous \u00eates un pratiquant r\u00e9gulier, il est plus \u00e9conomique pour vous d\u2019opter pour une \u00ab LICENCE \u00bb, dont la couverture d\u2019assurance vous prot\u00e8gera durant une ann\u00e9e compl\u00e8te.<\/li>\r\n<li>Vous pouvez souscrire \u00e0 l\u2019une de ces couvertures d\u2019assurance en cliquant sur ce lien : <a href=\"https:\/\/licencie.ffmoto.net\" target=\"_blank\" rel=\"noreferrer noopener\"><strong><em><span class=\"has-inline-color has-vivid-cyan-blue-color\">https:\/\/licencie.ffmoto.net<\/span><\/em><\/strong><\/a><\/li>\r\n<\/ul>\r\n","protected":false},"excerpt":{"rendered":"<p>&nbsp; La quasi-totalit\u00e9 des assureurs exclus de leur couverture la pratique de la moto sur circuit. Or, pour participer \u00e0 nos \u00e9v\u00e8nements, nous exigeons une couverture d\u2019assurance. Par cons\u00e9quent, pour \u00eatre couvert, la FFM a mis en place une offre d\u2019assurances, en fonction de vos besoins : Au minimum, vous devez disposer d\u2019une couverture \u00ab\u00a0Responsabilit\u00e9 [&hellip;]<\/p>\n","protected":false},"author":2,"featured_media":0,"parent":122320,"menu_order":0,"comment_status":"closed","ping_status":"closed","template":"","meta":[],"acf":[],"yoast_head":"<!-- This site is optimized with the Yoast SEO plugin v20.2 - https:\/\/yoast.com\/wordpress\/plugins\/seo\/ -->\n<title>Assurance FFM &mdash; Moto Club de Biltzheim<\/title>\n<meta name=\"description\" content=\"&nbsp; La quasi-totalit\u00e9 des assureurs exclus de leur couverture la pratique de la moto sur circuit. Or, pour participer \u00e0 nos \u00e9v\u00e8nements, nous exigeons\" \/>\n<meta name=\"robots\" content=\"index, follow, max-snippet:-1, max-image-preview:large, max-video-preview:-1\" \/>\n<link rel=\"canonical\" href=\"https:\/\/www.anneau-du-rhin.com\/moto\/infos\/assurance\/\" \/>\n<meta property=\"og:locale\" content=\"fr_FR\" \/>\n<meta property=\"og:type\" content=\"article\" \/>\n<meta property=\"og:title\" content=\"Assurance FFM &mdash; Moto Club de Biltzheim\" \/>\n<meta property=\"og:description\" content=\"&nbsp; La quasi-totalit\u00e9 des assureurs exclus de leur couverture la pratique de la moto sur circuit. Or, pour participer \u00e0 nos \u00e9v\u00e8nements, nous exigeons\" \/>\n<meta property=\"og:url\" content=\"https:\/\/www.anneau-du-rhin.com\/moto\/infos\/assurance\/\" \/>\n<meta property=\"og:site_name\" content=\"Moto Club de Biltzheim\" \/>\n<meta property=\"article:modified_time\" content=\"2023-01-04T16:51:32+00:00\" \/>\n<meta property=\"og:image\" content=\"https:\/\/www.anneau-du-rhin.com\/moto\/wp-content\/uploads\/2021\/12\/unnamed-5-300x105.jpg\" \/>\n<meta name=\"twitter:card\" content=\"summary_large_image\" \/>\n<meta name=\"twitter:label1\" content=\"Dur\u00e9e de lecture estim\u00e9e\" \/>\n\t<meta name=\"twitter:data1\" content=\"1 minute\" \/>\n<script type=\"application\/ld+json\" class=\"yoast-schema-graph\">{\"@context\":\"https:\/\/schema.org\",\"@graph\":[{\"@type\":\"WebPage\",\"@id\":\"https:\/\/www.anneau-du-rhin.com\/moto\/infos\/assurance\/\",\"url\":\"https:\/\/www.anneau-du-rhin.com\/moto\/infos\/assurance\/\",\"name\":\"Assurance FFM &mdash; Moto Club de Biltzheim\",\"isPartOf\":{\"@id\":\"https:\/\/www.anneau-du-rhin.com\/moto\/#website\"},\"datePublished\":\"2021-12-01T19:51:50+00:00\",\"dateModified\":\"2023-01-04T16:51:32+00:00\",\"description\":\"&nbsp; La quasi-totalit\u00e9 des assureurs exclus de leur couverture la pratique de la moto sur circuit. Or, pour participer \u00e0 nos \u00e9v\u00e8nements, nous exigeons\",\"breadcrumb\":{\"@id\":\"https:\/\/www.anneau-du-rhin.com\/moto\/infos\/assurance\/#breadcrumb\"},\"inLanguage\":\"fr-FR\",\"potentialAction\":[{\"@type\":\"ReadAction\",\"target\":[\"https:\/\/www.anneau-du-rhin.com\/moto\/infos\/assurance\/\"]}]},{\"@type\":\"BreadcrumbList\",\"@id\":\"https:\/\/www.anneau-du-rhin.com\/moto\/infos\/assurance\/#breadcrumb\",\"itemListElement\":[{\"@type\":\"ListItem\",\"position\":1,\"name\":\"Accueil\",\"item\":\"https:\/\/www.anneau-du-rhin.com\/moto\/\"},{\"@type\":\"ListItem\",\"position\":2,\"name\":\"Infos\",\"item\":\"https:\/\/www.anneau-du-rhin.com\/moto\/infos\/\"},{\"@type\":\"ListItem\",\"position\":3,\"name\":\"Assurance FFM\"}]},{\"@type\":\"WebSite\",\"@id\":\"https:\/\/www.anneau-du-rhin.com\/moto\/#website\",\"url\":\"https:\/\/www.anneau-du-rhin.com\/moto\/\",\"name\":\"Moto Club de Biltzheim\",\"description\":\"Moto Club de Biltzheim\",\"potentialAction\":[{\"@type\":\"SearchAction\",\"target\":{\"@type\":\"EntryPoint\",\"urlTemplate\":\"https:\/\/www.anneau-du-rhin.com\/moto\/?s={search_term_string}\"},\"query-input\":\"required name=search_term_string\"}],\"inLanguage\":\"fr-FR\"}]}<\/script>\n<!-- \/ Yoast SEO plugin. -->","yoast_head_json":{"title":"Assurance FFM &mdash; Moto Club de Biltzheim","description":"&nbsp; La quasi-totalit\u00e9 des assureurs exclus de leur couverture la pratique de la moto sur circuit. Or, pour participer \u00e0 nos \u00e9v\u00e8nements, nous exigeons","robots":{"index":"index","follow":"follow","max-snippet":"max-snippet:-1","max-image-preview":"max-image-preview:large","max-video-preview":"max-video-preview:-1"},"canonical":"https:\/\/www.anneau-du-rhin.com\/moto\/infos\/assurance\/","og_locale":"fr_FR","og_type":"article","og_title":"Assurance FFM &mdash; Moto Club de Biltzheim","og_description":"&nbsp; La quasi-totalit\u00e9 des assureurs exclus de leur couverture la pratique de la moto sur circuit. Or, pour participer \u00e0 nos \u00e9v\u00e8nements, nous exigeons","og_url":"https:\/\/www.anneau-du-rhin.com\/moto\/infos\/assurance\/","og_site_name":"Moto Club de Biltzheim","article_modified_time":"2023-01-04T16:51:32+00:00","og_image":[{"url":"https:\/\/www.anneau-du-rhin.com\/moto\/wp-content\/uploads\/2021\/12\/unnamed-5-300x105.jpg"}],"twitter_card":"summary_large_image","twitter_misc":{"Dur\u00e9e de lecture estim\u00e9e":"1 minute"},"schema":{"@context":"https:\/\/schema.org","@graph":[{"@type":"WebPage","@id":"https:\/\/www.anneau-du-rhin.com\/moto\/infos\/assurance\/","url":"https:\/\/www.anneau-du-rhin.com\/moto\/infos\/assurance\/","name":"Assurance FFM &mdash; Moto Club de Biltzheim","isPartOf":{"@id":"https:\/\/www.anneau-du-rhin.com\/moto\/#website"},"datePublished":"2021-12-01T19:51:50+00:00","dateModified":"2023-01-04T16:51:32+00:00","description":"&nbsp; La quasi-totalit\u00e9 des assureurs exclus de leur couverture la pratique de la moto sur circuit. Or, pour participer \u00e0 nos \u00e9v\u00e8nements, nous exigeons","breadcrumb":{"@id":"https:\/\/www.anneau-du-rhin.com\/moto\/infos\/assurance\/#breadcrumb"},"inLanguage":"fr-FR","potentialAction":[{"@type":"ReadAction","target":["https:\/\/www.anneau-du-rhin.com\/moto\/infos\/assurance\/"]}]},{"@type":"BreadcrumbList","@id":"https:\/\/www.anneau-du-rhin.com\/moto\/infos\/assurance\/#breadcrumb","itemListElement":[{"@type":"ListItem","position":1,"name":"Accueil","item":"https:\/\/www.anneau-du-rhin.com\/moto\/"},{"@type":"ListItem","position":2,"name":"Infos","item":"https:\/\/www.anneau-du-rhin.com\/moto\/infos\/"},{"@type":"ListItem","position":3,"name":"Assurance FFM"}]},{"@type":"WebSite","@id":"https:\/\/www.anneau-du-rhin.com\/moto\/#website","url":"https:\/\/www.anneau-du-rhin.com\/moto\/","name":"Moto Club de Biltzheim","description":"Moto Club de Biltzheim","potentialAction":[{"@type":"SearchAction","target":{"@type":"EntryPoint","urlTemplate":"https:\/\/www.anneau-du-rhin.com\/moto\/?s={search_term_string}"},"query-input":"required name=search_term_string"}],"inLanguage":"fr-FR"}]}},"_links":{"self":[{"href":"https:\/\/www.anneau-du-rhin.com\/moto\/wp-json\/wp\/v2\/pages\/122433"}],"collection":[{"href":"https:\/\/www.anneau-du-rhin.com\/moto\/wp-json\/wp\/v2\/pages"}],"about":[{"href":"https:\/\/www.anneau-du-rhin.com\/moto\/wp-json\/wp\/v2\/types\/page"}],"author":[{"embeddable":true,"href":"https:\/\/www.anneau-du-rhin.com\/moto\/wp-json\/wp\/v2\/users\/2"}],"replies":[{"embeddable":true,"href":"https:\/\/www.anneau-du-rhin.com\/moto\/wp-json\/wp\/v2\/comments?post=122433"}],"version-history":[{"count":6,"href":"https:\/\/www.anneau-du-rhin.com\/moto\/wp-json\/wp\/v2\/pages\/122433\/revisions"}],"predecessor-version":[{"id":124601,"href":"https:\/\/www.anneau-du-rhin.com\/moto\/wp-json\/wp\/v2\/pages\/122433\/revisions\/124601"}],"up":[{"embeddable":true,"href":"https:\/\/www.anneau-du-rhin.com\/moto\/wp-json\/wp\/v2\/pages\/122320"}],"wp:attachment":[{"href":"https:\/\/www.anneau-du-rhin.com\/moto\/wp-json\/wp\/v2\/media?parent=122433"}],"curies":[{"name":"wp","href":"https:\/\/api.w.org\/{rel}","templated":true}]}}