{"id":122428,"date":"2021-12-01T20:50:18","date_gmt":"2021-12-01T19:50:18","guid":{"rendered":"https:\/\/www.anneau-du-rhin.com\/moto\/?page_id=122428"},"modified":"2023-01-04T10:22:18","modified_gmt":"2023-01-04T09:22:18","slug":"licence-au-mcb","status":"publish","type":"page","link":"https:\/\/www.anneau-du-rhin.com\/moto\/infos\/licence-au-mcb\/","title":{"rendered":"Licence au MC ADR"},"content":{"rendered":"\r\n<p>&nbsp;<\/p>\r\n\r\n\r\n\r\n<figure class=\"wp-block-image size-large is-resized\"><img decoding=\"async\" loading=\"lazy\" class=\" wp-image-122617 aligncenter\" src=\"https:\/\/www.anneau-du-rhin.com\/moto\/wp-content\/uploads\/2021\/12\/unnamed-5-300x105.jpg\" alt=\"\" width=\"364\" height=\"158\" \/><\/figure>\r\n\r\n\r\n\r\n<p>Que vous soyez pilotes, commissaires, officiels, ou b\u00e9n\u00e9voles : nous sommes heureux de vous accueillir dans notre Moto Club de L&#8217;Anneau du Rhin.<\/p>\r\n\r\n\r\n\r\n<p>Pour adh\u00e9rer et b\u00e9n\u00e9ficier des avantages li\u00e9s au statut de membre du moto club, il vous suffit de prendre votre licence FFM, sur le site Internet de la FFM, en indiquant lors de votre inscription que vous adh\u00e9rez au Moto Club de Biltzheim, et en r\u00e9glant naturellement le montant de la cotisation. Pour effectuer votre prise de licence et votre adh\u00e9sion, nous vous invitons \u00e0 poursuivre en cliquant sur ce lien\u00a0: <a href=\"https:\/\/licencie.ffmoto.net\" target=\"_blank\" rel=\"noreferrer noopener\"><em><strong><span class=\"has-inline-color has-vivid-cyan-blue-color\">https:\/\/licencie.ffmoto.net<\/span><\/strong><\/em><\/a><\/p>\r\n\r\n\r\n\r\n<p><strong>L\u2019adh\u00e9sion au Moto Club de L&#8217;Anneau du Rhin ne co\u00fbte que 20\u20ac (hors licence) et vous permettra de b\u00e9n\u00e9ficier des avantages suivants :<\/strong><\/p>\r\n\r\n\r\n\r\n<ul>\r\n<li>R\u00e9ductions sur les inscriptions de nos \u00e9v\u00e8nements :\r\n<ul>\r\n<li>\u201320 \u20ac sur nos journ\u00e9es Trackday<\/li>\r\n<\/ul>\r\n<ul>\r\n<li>\u201310 \u20ac sur nos soir\u00e9es After Work<\/li>\r\n<\/ul>\r\n<\/li>\r\n<li>Participation \u00e0 l\u2019Assembl\u00e9e G\u00e9n\u00e9rale et aux autres \u00e9v\u00e8nements organis\u00e9s par le MC ADR<\/li>\r\n<\/ul>\r\n","protected":false},"excerpt":{"rendered":"<p>&nbsp; Que vous soyez pilotes, commissaires, officiels, ou b\u00e9n\u00e9voles : nous sommes heureux de vous accueillir dans notre Moto Club de L&#8217;Anneau du Rhin. Pour adh\u00e9rer et b\u00e9n\u00e9ficier des avantages li\u00e9s au statut de membre du moto club, il vous suffit de prendre votre licence FFM, sur le site Internet de la FFM, en indiquant [&hellip;]<\/p>\n","protected":false},"author":2,"featured_media":0,"parent":122320,"menu_order":0,"comment_status":"closed","ping_status":"closed","template":"","meta":[],"acf":[],"yoast_head":"<!-- This site is optimized with the Yoast SEO plugin v20.2 - https:\/\/yoast.com\/wordpress\/plugins\/seo\/ -->\n<title>Licence au MC ADR &mdash; Moto Club de Biltzheim<\/title>\n<meta name=\"description\" content=\"&nbsp; Que vous soyez pilotes, commissaires, officiels, ou b\u00e9n\u00e9voles : nous sommes heureux de vous accueillir dans notre Moto Club de L&#039;Anneau du Rhin.\" \/>\n<meta name=\"robots\" content=\"index, follow, max-snippet:-1, max-image-preview:large, max-video-preview:-1\" \/>\n<link rel=\"canonical\" href=\"https:\/\/www.anneau-du-rhin.com\/moto\/infos\/licence-au-mcb\/\" \/>\n<meta property=\"og:locale\" content=\"fr_FR\" \/>\n<meta property=\"og:type\" content=\"article\" \/>\n<meta property=\"og:title\" content=\"Licence au MC ADR &mdash; Moto Club de Biltzheim\" \/>\n<meta property=\"og:description\" content=\"&nbsp; Que vous soyez pilotes, commissaires, officiels, ou b\u00e9n\u00e9voles : nous sommes heureux de vous accueillir dans notre Moto Club de L&#039;Anneau du Rhin.\" \/>\n<meta property=\"og:url\" content=\"https:\/\/www.anneau-du-rhin.com\/moto\/infos\/licence-au-mcb\/\" \/>\n<meta property=\"og:site_name\" content=\"Moto Club de Biltzheim\" \/>\n<meta property=\"article:modified_time\" content=\"2023-01-04T09:22:18+00:00\" \/>\n<meta property=\"og:image\" content=\"https:\/\/www.anneau-du-rhin.com\/moto\/wp-content\/uploads\/2021\/12\/unnamed-5-300x105.jpg\" \/>\n<meta name=\"twitter:card\" content=\"summary_large_image\" \/>\n<meta name=\"twitter:label1\" content=\"Dur\u00e9e de lecture estim\u00e9e\" \/>\n\t<meta name=\"twitter:data1\" content=\"1 minute\" \/>\n<script type=\"application\/ld+json\" class=\"yoast-schema-graph\">{\"@context\":\"https:\/\/schema.org\",\"@graph\":[{\"@type\":\"WebPage\",\"@id\":\"https:\/\/www.anneau-du-rhin.com\/moto\/infos\/licence-au-mcb\/\",\"url\":\"https:\/\/www.anneau-du-rhin.com\/moto\/infos\/licence-au-mcb\/\",\"name\":\"Licence au MC ADR &mdash; Moto Club de Biltzheim\",\"isPartOf\":{\"@id\":\"https:\/\/www.anneau-du-rhin.com\/moto\/#website\"},\"datePublished\":\"2021-12-01T19:50:18+00:00\",\"dateModified\":\"2023-01-04T09:22:18+00:00\",\"description\":\"&nbsp; Que vous soyez pilotes, commissaires, officiels, ou b\u00e9n\u00e9voles : nous sommes heureux de vous accueillir dans notre Moto Club de L'Anneau du Rhin.\",\"breadcrumb\":{\"@id\":\"https:\/\/www.anneau-du-rhin.com\/moto\/infos\/licence-au-mcb\/#breadcrumb\"},\"inLanguage\":\"fr-FR\",\"potentialAction\":[{\"@type\":\"ReadAction\",\"target\":[\"https:\/\/www.anneau-du-rhin.com\/moto\/infos\/licence-au-mcb\/\"]}]},{\"@type\":\"BreadcrumbList\",\"@id\":\"https:\/\/www.anneau-du-rhin.com\/moto\/infos\/licence-au-mcb\/#breadcrumb\",\"itemListElement\":[{\"@type\":\"ListItem\",\"position\":1,\"name\":\"Accueil\",\"item\":\"https:\/\/www.anneau-du-rhin.com\/moto\/\"},{\"@type\":\"ListItem\",\"position\":2,\"name\":\"Infos\",\"item\":\"https:\/\/www.anneau-du-rhin.com\/moto\/infos\/\"},{\"@type\":\"ListItem\",\"position\":3,\"name\":\"Licence au MC ADR\"}]},{\"@type\":\"WebSite\",\"@id\":\"https:\/\/www.anneau-du-rhin.com\/moto\/#website\",\"url\":\"https:\/\/www.anneau-du-rhin.com\/moto\/\",\"name\":\"Moto Club de Biltzheim\",\"description\":\"Moto Club de Biltzheim\",\"potentialAction\":[{\"@type\":\"SearchAction\",\"target\":{\"@type\":\"EntryPoint\",\"urlTemplate\":\"https:\/\/www.anneau-du-rhin.com\/moto\/?s={search_term_string}\"},\"query-input\":\"required name=search_term_string\"}],\"inLanguage\":\"fr-FR\"}]}<\/script>\n<!-- \/ Yoast SEO plugin. -->","yoast_head_json":{"title":"Licence au MC ADR &mdash; Moto Club de Biltzheim","description":"&nbsp; Que vous soyez pilotes, commissaires, officiels, ou b\u00e9n\u00e9voles : nous sommes heureux de vous accueillir dans notre Moto Club de L'Anneau du Rhin.","robots":{"index":"index","follow":"follow","max-snippet":"max-snippet:-1","max-image-preview":"max-image-preview:large","max-video-preview":"max-video-preview:-1"},"canonical":"https:\/\/www.anneau-du-rhin.com\/moto\/infos\/licence-au-mcb\/","og_locale":"fr_FR","og_type":"article","og_title":"Licence au MC ADR &mdash; Moto Club de Biltzheim","og_description":"&nbsp; Que vous soyez pilotes, commissaires, officiels, ou b\u00e9n\u00e9voles : nous sommes heureux de vous accueillir dans notre Moto Club de L'Anneau du Rhin.","og_url":"https:\/\/www.anneau-du-rhin.com\/moto\/infos\/licence-au-mcb\/","og_site_name":"Moto Club de Biltzheim","article_modified_time":"2023-01-04T09:22:18+00:00","og_image":[{"url":"https:\/\/www.anneau-du-rhin.com\/moto\/wp-content\/uploads\/2021\/12\/unnamed-5-300x105.jpg"}],"twitter_card":"summary_large_image","twitter_misc":{"Dur\u00e9e de lecture estim\u00e9e":"1 minute"},"schema":{"@context":"https:\/\/schema.org","@graph":[{"@type":"WebPage","@id":"https:\/\/www.anneau-du-rhin.com\/moto\/infos\/licence-au-mcb\/","url":"https:\/\/www.anneau-du-rhin.com\/moto\/infos\/licence-au-mcb\/","name":"Licence au MC ADR &mdash; Moto Club de Biltzheim","isPartOf":{"@id":"https:\/\/www.anneau-du-rhin.com\/moto\/#website"},"datePublished":"2021-12-01T19:50:18+00:00","dateModified":"2023-01-04T09:22:18+00:00","description":"&nbsp; Que vous soyez pilotes, commissaires, officiels, ou b\u00e9n\u00e9voles : nous sommes heureux de vous accueillir dans notre Moto Club de L'Anneau du Rhin.","breadcrumb":{"@id":"https:\/\/www.anneau-du-rhin.com\/moto\/infos\/licence-au-mcb\/#breadcrumb"},"inLanguage":"fr-FR","potentialAction":[{"@type":"ReadAction","target":["https:\/\/www.anneau-du-rhin.com\/moto\/infos\/licence-au-mcb\/"]}]},{"@type":"BreadcrumbList","@id":"https:\/\/www.anneau-du-rhin.com\/moto\/infos\/licence-au-mcb\/#breadcrumb","itemListElement":[{"@type":"ListItem","position":1,"name":"Accueil","item":"https:\/\/www.anneau-du-rhin.com\/moto\/"},{"@type":"ListItem","position":2,"name":"Infos","item":"https:\/\/www.anneau-du-rhin.com\/moto\/infos\/"},{"@type":"ListItem","position":3,"name":"Licence au MC ADR"}]},{"@type":"WebSite","@id":"https:\/\/www.anneau-du-rhin.com\/moto\/#website","url":"https:\/\/www.anneau-du-rhin.com\/moto\/","name":"Moto Club de Biltzheim","description":"Moto Club de Biltzheim","potentialAction":[{"@type":"SearchAction","target":{"@type":"EntryPoint","urlTemplate":"https:\/\/www.anneau-du-rhin.com\/moto\/?s={search_term_string}"},"query-input":"required name=search_term_string"}],"inLanguage":"fr-FR"}]}},"_links":{"self":[{"href":"https:\/\/www.anneau-du-rhin.com\/moto\/wp-json\/wp\/v2\/pages\/122428"}],"collection":[{"href":"https:\/\/www.anneau-du-rhin.com\/moto\/wp-json\/wp\/v2\/pages"}],"about":[{"href":"https:\/\/www.anneau-du-rhin.com\/moto\/wp-json\/wp\/v2\/types\/page"}],"author":[{"embeddable":true,"href":"https:\/\/www.anneau-du-rhin.com\/moto\/wp-json\/wp\/v2\/users\/2"}],"replies":[{"embeddable":true,"href":"https:\/\/www.anneau-du-rhin.com\/moto\/wp-json\/wp\/v2\/comments?post=122428"}],"version-history":[{"count":7,"href":"https:\/\/www.anneau-du-rhin.com\/moto\/wp-json\/wp\/v2\/pages\/122428\/revisions"}],"predecessor-version":[{"id":124464,"href":"https:\/\/www.anneau-du-rhin.com\/moto\/wp-json\/wp\/v2\/pages\/122428\/revisions\/124464"}],"up":[{"embeddable":true,"href":"https:\/\/www.anneau-du-rhin.com\/moto\/wp-json\/wp\/v2\/pages\/122320"}],"wp:attachment":[{"href":"https:\/\/www.anneau-du-rhin.com\/moto\/wp-json\/wp\/v2\/media?parent=122428"}],"curies":[{"name":"wp","href":"https:\/\/api.w.org\/{rel}","templated":true}]}}