{"id":122371,"date":"2021-12-01T20:04:06","date_gmt":"2021-12-01T19:04:06","guid":{"rendered":"https:\/\/www.anneau-du-rhin.com\/moto\/?page_id=122371"},"modified":"2023-01-04T17:45:00","modified_gmt":"2023-01-04T16:45:00","slug":"after-works","status":"publish","type":"page","link":"https:\/\/www.anneau-du-rhin.com\/moto\/activites\/after-works\/","title":{"rendered":"After Works"},"content":{"rendered":"\r\n<p>&nbsp;<\/p>\r\n<p><img decoding=\"async\" loading=\"lazy\" class=\" wp-image-122638 aligncenter\" src=\"https:\/\/www.anneau-du-rhin.com\/moto\/wp-content\/uploads\/2021\/12\/afterw-300x200.jpg\" alt=\"\" width=\"498\" height=\"332\" \/><\/p>\r\n\r\n\r\n\r\n<p>Nos soir\u00e9e After Works ont lieu certains lundi soirs, et sont ouverts \u00e0 tous les motards, et toutes les motos, quelque soient leurs niveaux et leurs performances. R\u00e9partis en 2 groupes de niveaux, les participants \u00e9volueront dans un environnement s\u00e9curis\u00e9.<\/p>\r\n\r\n\r\n\r\n<p><strong>Les horaires\u00a0:<\/strong><\/p>\r\n\r\n\r\n\r\n<ul>\r\n<li>Ouverture du site \u00e0 partir de 17h00<\/li>\r\n<li>Accueil administratif et briefing des participants \u00e0 partir de 17h00<\/li>\r\n<li>Contr\u00f4le de bruit des \u00e9chappements \u00e0 partir de 17h10<\/li>\r\n<li>Ouverture de piste de 17h30 \u00e0 20h00<\/li>\r\n<li>Fin de journ\u00e9e \u00e0 20h00<\/li>\r\n<\/ul>\r\n\r\n\r\n\r\n<p>Pour d\u00e9couvrir les dates et les tarifs, vous pouvez consulter notre onglet d\u00e9di\u00e9 :\u00a0<em><strong><a href=\"https:\/\/www.anneau-du-rhin.com\/moto\/produit\/after-works\/\" target=\"_blank\" rel=\"noopener\">AFTER WORKS<\/a><\/strong><\/em><\/p>\r\n\r\n\r\n\r\n<p><strong><span class=\"has-inline-color has-vivid-red-color\">Attention aux conditions d\u2019inscription\u00a0!<\/span><\/strong><\/p>\r\n\r\n\r\n\r\n<p><strong>Pour participer, une fois votre inscription faite, vous devrez obligatoirement<\/strong>\u00a0:<\/p>\r\n\r\n\r\n\r\n<ul>\r\n<li>Disposer d\u2019une moto \u00e9quip\u00e9e d\u2019un \u00e9chappement conforme (plus d\u2019informations sur le bruit maximal autoris\u00e9 dans l\u2019onglet \u00ab\u00a0INFOS\u00a0\u00bb)<\/li>\r\n<li>Disposer d\u2019une assurance circuit (une licence FFM, ou un Pass Circuit FFM pour le non licenci\u00e9s) pour la journ\u00e9e (plus d\u2019informations sur les assurances FFM dans l\u2019onglet \u00ab\u00a0INFOS\u00a0\u00bb)<\/li>\r\n<li>Remplir et pr\u00e9senter le document \u00e9lectronique \u00ab\u00a0Formulaire de d\u00e9charge\u00a0\u00bb de l\u2019Anneau du Rhin (plus d\u2019informations sur le \u00ab\u00a0Formulaire de d\u00e9charge\u00a0\u00bb dans l\u2019onglet \u00ab\u00a0INFOS\u00a0\u00bb)<\/li>\r\n<\/ul>\r\n","protected":false},"excerpt":{"rendered":"<p>&nbsp; Nos soir\u00e9e After Works ont lieu certains lundi soirs, et sont ouverts \u00e0 tous les motards, et toutes les motos, quelque soient leurs niveaux et leurs performances. R\u00e9partis en 2 groupes de niveaux, les participants \u00e9volueront dans un environnement s\u00e9curis\u00e9. Les horaires\u00a0: Ouverture du site \u00e0 partir de 17h00 Accueil administratif et briefing des [&hellip;]<\/p>\n","protected":false},"author":2,"featured_media":0,"parent":122318,"menu_order":0,"comment_status":"closed","ping_status":"closed","template":"","meta":[],"acf":[],"yoast_head":"<!-- This site is optimized with the Yoast SEO plugin v20.2 - https:\/\/yoast.com\/wordpress\/plugins\/seo\/ -->\n<title>After Works &mdash; Moto Club de Biltzheim<\/title>\n<meta name=\"description\" content=\"&nbsp; Nos soir\u00e9e After Works ont lieu certains lundi soirs, et sont ouverts \u00e0 tous les motards, et toutes les motos, quelque soient leurs niveaux et\" \/>\n<meta name=\"robots\" content=\"index, follow, max-snippet:-1, max-image-preview:large, max-video-preview:-1\" \/>\n<link rel=\"canonical\" href=\"https:\/\/www.anneau-du-rhin.com\/moto\/activites\/after-works\/\" \/>\n<meta property=\"og:locale\" content=\"fr_FR\" \/>\n<meta property=\"og:type\" content=\"article\" \/>\n<meta property=\"og:title\" content=\"After Works &mdash; Moto Club de Biltzheim\" \/>\n<meta property=\"og:description\" content=\"&nbsp; Nos soir\u00e9e After Works ont lieu certains lundi soirs, et sont ouverts \u00e0 tous les motards, et toutes les motos, quelque soient leurs niveaux et\" \/>\n<meta property=\"og:url\" content=\"https:\/\/www.anneau-du-rhin.com\/moto\/activites\/after-works\/\" \/>\n<meta property=\"og:site_name\" content=\"Moto Club de Biltzheim\" \/>\n<meta property=\"article:modified_time\" content=\"2023-01-04T16:45:00+00:00\" \/>\n<meta property=\"og:image\" content=\"https:\/\/www.anneau-du-rhin.com\/moto\/wp-content\/uploads\/2021\/12\/afterw-300x200.jpg\" \/>\n<meta name=\"twitter:card\" content=\"summary_large_image\" \/>\n<meta name=\"twitter:label1\" content=\"Dur\u00e9e de lecture estim\u00e9e\" \/>\n\t<meta name=\"twitter:data1\" content=\"2 minutes\" \/>\n<script type=\"application\/ld+json\" class=\"yoast-schema-graph\">{\"@context\":\"https:\/\/schema.org\",\"@graph\":[{\"@type\":\"WebPage\",\"@id\":\"https:\/\/www.anneau-du-rhin.com\/moto\/activites\/after-works\/\",\"url\":\"https:\/\/www.anneau-du-rhin.com\/moto\/activites\/after-works\/\",\"name\":\"After Works &mdash; Moto Club de Biltzheim\",\"isPartOf\":{\"@id\":\"https:\/\/www.anneau-du-rhin.com\/moto\/#website\"},\"datePublished\":\"2021-12-01T19:04:06+00:00\",\"dateModified\":\"2023-01-04T16:45:00+00:00\",\"description\":\"&nbsp; Nos soir\u00e9e After Works ont lieu certains lundi soirs, et sont ouverts \u00e0 tous les motards, et toutes les motos, quelque soient leurs niveaux et\",\"breadcrumb\":{\"@id\":\"https:\/\/www.anneau-du-rhin.com\/moto\/activites\/after-works\/#breadcrumb\"},\"inLanguage\":\"fr-FR\",\"potentialAction\":[{\"@type\":\"ReadAction\",\"target\":[\"https:\/\/www.anneau-du-rhin.com\/moto\/activites\/after-works\/\"]}]},{\"@type\":\"BreadcrumbList\",\"@id\":\"https:\/\/www.anneau-du-rhin.com\/moto\/activites\/after-works\/#breadcrumb\",\"itemListElement\":[{\"@type\":\"ListItem\",\"position\":1,\"name\":\"Accueil\",\"item\":\"https:\/\/www.anneau-du-rhin.com\/moto\/\"},{\"@type\":\"ListItem\",\"position\":2,\"name\":\"Activit\u00e9s\",\"item\":\"https:\/\/www.anneau-du-rhin.com\/moto\/activites\/\"},{\"@type\":\"ListItem\",\"position\":3,\"name\":\"After Works\"}]},{\"@type\":\"WebSite\",\"@id\":\"https:\/\/www.anneau-du-rhin.com\/moto\/#website\",\"url\":\"https:\/\/www.anneau-du-rhin.com\/moto\/\",\"name\":\"Moto Club de Biltzheim\",\"description\":\"Moto Club de Biltzheim\",\"potentialAction\":[{\"@type\":\"SearchAction\",\"target\":{\"@type\":\"EntryPoint\",\"urlTemplate\":\"https:\/\/www.anneau-du-rhin.com\/moto\/?s={search_term_string}\"},\"query-input\":\"required name=search_term_string\"}],\"inLanguage\":\"fr-FR\"}]}<\/script>\n<!-- \/ Yoast SEO plugin. -->","yoast_head_json":{"title":"After Works &mdash; Moto Club de Biltzheim","description":"&nbsp; Nos soir\u00e9e After Works ont lieu certains lundi soirs, et sont ouverts \u00e0 tous les motards, et toutes les motos, quelque soient leurs niveaux et","robots":{"index":"index","follow":"follow","max-snippet":"max-snippet:-1","max-image-preview":"max-image-preview:large","max-video-preview":"max-video-preview:-1"},"canonical":"https:\/\/www.anneau-du-rhin.com\/moto\/activites\/after-works\/","og_locale":"fr_FR","og_type":"article","og_title":"After Works &mdash; Moto Club de Biltzheim","og_description":"&nbsp; Nos soir\u00e9e After Works ont lieu certains lundi soirs, et sont ouverts \u00e0 tous les motards, et toutes les motos, quelque soient leurs niveaux et","og_url":"https:\/\/www.anneau-du-rhin.com\/moto\/activites\/after-works\/","og_site_name":"Moto Club de Biltzheim","article_modified_time":"2023-01-04T16:45:00+00:00","og_image":[{"url":"https:\/\/www.anneau-du-rhin.com\/moto\/wp-content\/uploads\/2021\/12\/afterw-300x200.jpg"}],"twitter_card":"summary_large_image","twitter_misc":{"Dur\u00e9e de lecture estim\u00e9e":"2 minutes"},"schema":{"@context":"https:\/\/schema.org","@graph":[{"@type":"WebPage","@id":"https:\/\/www.anneau-du-rhin.com\/moto\/activites\/after-works\/","url":"https:\/\/www.anneau-du-rhin.com\/moto\/activites\/after-works\/","name":"After Works &mdash; Moto Club de Biltzheim","isPartOf":{"@id":"https:\/\/www.anneau-du-rhin.com\/moto\/#website"},"datePublished":"2021-12-01T19:04:06+00:00","dateModified":"2023-01-04T16:45:00+00:00","description":"&nbsp; Nos soir\u00e9e After Works ont lieu certains lundi soirs, et sont ouverts \u00e0 tous les motards, et toutes les motos, quelque soient leurs niveaux et","breadcrumb":{"@id":"https:\/\/www.anneau-du-rhin.com\/moto\/activites\/after-works\/#breadcrumb"},"inLanguage":"fr-FR","potentialAction":[{"@type":"ReadAction","target":["https:\/\/www.anneau-du-rhin.com\/moto\/activites\/after-works\/"]}]},{"@type":"BreadcrumbList","@id":"https:\/\/www.anneau-du-rhin.com\/moto\/activites\/after-works\/#breadcrumb","itemListElement":[{"@type":"ListItem","position":1,"name":"Accueil","item":"https:\/\/www.anneau-du-rhin.com\/moto\/"},{"@type":"ListItem","position":2,"name":"Activit\u00e9s","item":"https:\/\/www.anneau-du-rhin.com\/moto\/activites\/"},{"@type":"ListItem","position":3,"name":"After Works"}]},{"@type":"WebSite","@id":"https:\/\/www.anneau-du-rhin.com\/moto\/#website","url":"https:\/\/www.anneau-du-rhin.com\/moto\/","name":"Moto Club de Biltzheim","description":"Moto Club de Biltzheim","potentialAction":[{"@type":"SearchAction","target":{"@type":"EntryPoint","urlTemplate":"https:\/\/www.anneau-du-rhin.com\/moto\/?s={search_term_string}"},"query-input":"required name=search_term_string"}],"inLanguage":"fr-FR"}]}},"_links":{"self":[{"href":"https:\/\/www.anneau-du-rhin.com\/moto\/wp-json\/wp\/v2\/pages\/122371"}],"collection":[{"href":"https:\/\/www.anneau-du-rhin.com\/moto\/wp-json\/wp\/v2\/pages"}],"about":[{"href":"https:\/\/www.anneau-du-rhin.com\/moto\/wp-json\/wp\/v2\/types\/page"}],"author":[{"embeddable":true,"href":"https:\/\/www.anneau-du-rhin.com\/moto\/wp-json\/wp\/v2\/users\/2"}],"replies":[{"embeddable":true,"href":"https:\/\/www.anneau-du-rhin.com\/moto\/wp-json\/wp\/v2\/comments?post=122371"}],"version-history":[{"count":9,"href":"https:\/\/www.anneau-du-rhin.com\/moto\/wp-json\/wp\/v2\/pages\/122371\/revisions"}],"predecessor-version":[{"id":124597,"href":"https:\/\/www.anneau-du-rhin.com\/moto\/wp-json\/wp\/v2\/pages\/122371\/revisions\/124597"}],"up":[{"embeddable":true,"href":"https:\/\/www.anneau-du-rhin.com\/moto\/wp-json\/wp\/v2\/pages\/122318"}],"wp:attachment":[{"href":"https:\/\/www.anneau-du-rhin.com\/moto\/wp-json\/wp\/v2\/media?parent=122371"}],"curies":[{"name":"wp","href":"https:\/\/api.w.org\/{rel}","templated":true}]}}