{"id":122368,"date":"2021-12-01T20:01:29","date_gmt":"2021-12-01T19:01:29","guid":{"rendered":"https:\/\/www.anneau-du-rhin.com\/moto\/?page_id=122368"},"modified":"2023-01-04T17:43:46","modified_gmt":"2023-01-04T16:43:46","slug":"trackdays","status":"publish","type":"page","link":"https:\/\/www.anneau-du-rhin.com\/moto\/activites\/trackdays\/","title":{"rendered":"Trackdays"},"content":{"rendered":"\r\n<p>&nbsp;<\/p>\r\n<p style=\"text-align: center;\"><img decoding=\"async\" loading=\"lazy\" class=\"alignnone  wp-image-122635\" src=\"https:\/\/www.anneau-du-rhin.com\/moto\/wp-content\/uploads\/2021\/12\/anneau-du-Rhin-1312-TD-300x200.jpg\" alt=\"\" width=\"370\" height=\"271\" \/><\/p>\r\n\r\n\r\n\r\n<p>Nos journ\u00e9es Trackdays ont lieu certains jours f\u00e9ri\u00e9s, ou de weekends, et sont ouverts \u00e0 tous les motards, et toutes les motos, quelque soient leurs niveaux et leurs performances. R\u00e9partis en 3 groupes de niveaux, les participants \u00e9volueront dans un environnement s\u00e9curis\u00e9.<\/p>\r\n\r\n\r\n\r\n<p><strong>Les horaires\u00a0:<\/strong><\/p>\r\n\r\n\r\n\r\n<ul>\r\n<li>Ouverture du site \u00e0 partir de 6h30 (ou 7h00 en fonction de la saison)<\/li>\r\n<li>Accueil administratif et briefing des participants \u00e0 partir de 8h00<\/li>\r\n<li>Contr\u00f4le de bruit des \u00e9chappements \u00e0 partir de 8h30<\/li>\r\n<li>Ouverture de piste de 9h00 \u00e0 12 h 30<\/li>\r\n<li>Pause d\u00e9jeuner de 12h30 \u00e0 13h30<\/li>\r\n<li>R\u00e9ouverture de piste de 13h30 \u00e0 17h00<\/li>\r\n<li>Fin de journ\u00e9e \u00e0 17h00<\/li>\r\n<\/ul>\r\n\r\n\r\n\r\n<p>Notre pizzeria est \u00e0 votre disposition pour d\u00e9jeuner rapidement (nous vous conseillons de passer votre commande le plus t\u00f4t possible, \u00e0 partir de 10h).<\/p>\r\n\r\n\r\n\r\n<p>Pour d\u00e9couvrir les dates et les tarifs, vous pouvez consulter notre onglet d\u00e9di\u00e9 :<em><strong>\u00a0<a href=\"https:\/\/www.anneau-du-rhin.com\/moto\/produit\/trackday\/\" target=\"_blank\" rel=\"noopener\">Trackdays<\/a><\/strong><\/em><\/p>\r\n\r\n\r\n\r\n<p><strong><span class=\"has-inline-color has-vivid-red-color\">Attention aux conditions d\u2019inscription\u00a0!<\/span><\/strong><\/p>\r\n\r\n\r\n\r\n<p><strong>Pour participer, une fois votre inscription faite, vous devrez obligatoirement\u00a0:<\/strong><\/p>\r\n\r\n\r\n\r\n<ul>\r\n<li>Disposer d\u2019une moto \u00e9quip\u00e9e d\u2019un \u00e9chappement conforme (plus d\u2019informations sur le bruit maximal autoris\u00e9 dans l\u2019onglet \u00ab\u00a0INFOS\u00a0\u00bb)<\/li>\r\n<li>Disposer d\u2019une assurance circuit (une licence FFM, ou un Pass Circuit FFM pour le non licenci\u00e9s) pour la journ\u00e9e <a>(plus d\u2019informations sur les assurances FFM dans l\u2019onglet \u00ab INFOS\u00a0\u00bb <\/a><\/li>\r\n<li>Remplir et pr\u00e9senter le document \u00e9lectronique \u00ab Formulaire de d\u00e9charge \u00bb de l\u2019Anneau du Rhin (plus d\u2019informations sur le \u00ab Formulaire de d\u00e9charge \u00bb dans l\u2019onglet \u00ab INFOS \u00bb)<\/li>\r\n<\/ul>\r\n\r\n\r\n","protected":false},"excerpt":{"rendered":"<p>&nbsp; Nos journ\u00e9es Trackdays ont lieu certains jours f\u00e9ri\u00e9s, ou de weekends, et sont ouverts \u00e0 tous les motards, et toutes les motos, quelque soient leurs niveaux et leurs performances. R\u00e9partis en 3 groupes de niveaux, les participants \u00e9volueront dans un environnement s\u00e9curis\u00e9. Les horaires\u00a0: Ouverture du site \u00e0 partir de 6h30 (ou 7h00 en [&hellip;]<\/p>\n","protected":false},"author":2,"featured_media":0,"parent":122318,"menu_order":0,"comment_status":"closed","ping_status":"closed","template":"","meta":[],"acf":[],"yoast_head":"<!-- This site is optimized with the Yoast SEO plugin v20.2 - https:\/\/yoast.com\/wordpress\/plugins\/seo\/ -->\n<title>Trackdays &mdash; Moto Club de Biltzheim<\/title>\n<meta name=\"description\" content=\"&nbsp; Nos journ\u00e9es Trackdays ont lieu certains jours f\u00e9ri\u00e9s, ou de weekends, et sont ouverts \u00e0 tous les motards, et toutes les motos, quelque soient\" \/>\n<meta name=\"robots\" content=\"index, follow, max-snippet:-1, max-image-preview:large, max-video-preview:-1\" \/>\n<link rel=\"canonical\" href=\"https:\/\/www.anneau-du-rhin.com\/moto\/activites\/trackdays\/\" \/>\n<meta property=\"og:locale\" content=\"fr_FR\" \/>\n<meta property=\"og:type\" content=\"article\" \/>\n<meta property=\"og:title\" content=\"Trackdays &mdash; Moto Club de Biltzheim\" \/>\n<meta property=\"og:description\" content=\"&nbsp; Nos journ\u00e9es Trackdays ont lieu certains jours f\u00e9ri\u00e9s, ou de weekends, et sont ouverts \u00e0 tous les motards, et toutes les motos, quelque soient\" \/>\n<meta property=\"og:url\" content=\"https:\/\/www.anneau-du-rhin.com\/moto\/activites\/trackdays\/\" \/>\n<meta property=\"og:site_name\" content=\"Moto Club de Biltzheim\" \/>\n<meta property=\"article:modified_time\" content=\"2023-01-04T16:43:46+00:00\" \/>\n<meta property=\"og:image\" content=\"https:\/\/www.anneau-du-rhin.com\/moto\/wp-content\/uploads\/2021\/12\/anneau-du-Rhin-1312-TD-300x200.jpg\" \/>\n<meta name=\"twitter:card\" content=\"summary_large_image\" \/>\n<meta name=\"twitter:label1\" content=\"Dur\u00e9e de lecture estim\u00e9e\" \/>\n\t<meta name=\"twitter:data1\" content=\"2 minutes\" \/>\n<script type=\"application\/ld+json\" class=\"yoast-schema-graph\">{\"@context\":\"https:\/\/schema.org\",\"@graph\":[{\"@type\":\"WebPage\",\"@id\":\"https:\/\/www.anneau-du-rhin.com\/moto\/activites\/trackdays\/\",\"url\":\"https:\/\/www.anneau-du-rhin.com\/moto\/activites\/trackdays\/\",\"name\":\"Trackdays &mdash; Moto Club de Biltzheim\",\"isPartOf\":{\"@id\":\"https:\/\/www.anneau-du-rhin.com\/moto\/#website\"},\"datePublished\":\"2021-12-01T19:01:29+00:00\",\"dateModified\":\"2023-01-04T16:43:46+00:00\",\"description\":\"&nbsp; Nos journ\u00e9es Trackdays ont lieu certains jours f\u00e9ri\u00e9s, ou de weekends, et sont ouverts \u00e0 tous les motards, et toutes les motos, quelque soient\",\"breadcrumb\":{\"@id\":\"https:\/\/www.anneau-du-rhin.com\/moto\/activites\/trackdays\/#breadcrumb\"},\"inLanguage\":\"fr-FR\",\"potentialAction\":[{\"@type\":\"ReadAction\",\"target\":[\"https:\/\/www.anneau-du-rhin.com\/moto\/activites\/trackdays\/\"]}]},{\"@type\":\"BreadcrumbList\",\"@id\":\"https:\/\/www.anneau-du-rhin.com\/moto\/activites\/trackdays\/#breadcrumb\",\"itemListElement\":[{\"@type\":\"ListItem\",\"position\":1,\"name\":\"Accueil\",\"item\":\"https:\/\/www.anneau-du-rhin.com\/moto\/\"},{\"@type\":\"ListItem\",\"position\":2,\"name\":\"Activit\u00e9s\",\"item\":\"https:\/\/www.anneau-du-rhin.com\/moto\/activites\/\"},{\"@type\":\"ListItem\",\"position\":3,\"name\":\"Trackdays\"}]},{\"@type\":\"WebSite\",\"@id\":\"https:\/\/www.anneau-du-rhin.com\/moto\/#website\",\"url\":\"https:\/\/www.anneau-du-rhin.com\/moto\/\",\"name\":\"Moto Club de Biltzheim\",\"description\":\"Moto Club de Biltzheim\",\"potentialAction\":[{\"@type\":\"SearchAction\",\"target\":{\"@type\":\"EntryPoint\",\"urlTemplate\":\"https:\/\/www.anneau-du-rhin.com\/moto\/?s={search_term_string}\"},\"query-input\":\"required name=search_term_string\"}],\"inLanguage\":\"fr-FR\"}]}<\/script>\n<!-- \/ Yoast SEO plugin. -->","yoast_head_json":{"title":"Trackdays &mdash; Moto Club de Biltzheim","description":"&nbsp; Nos journ\u00e9es Trackdays ont lieu certains jours f\u00e9ri\u00e9s, ou de weekends, et sont ouverts \u00e0 tous les motards, et toutes les motos, quelque soient","robots":{"index":"index","follow":"follow","max-snippet":"max-snippet:-1","max-image-preview":"max-image-preview:large","max-video-preview":"max-video-preview:-1"},"canonical":"https:\/\/www.anneau-du-rhin.com\/moto\/activites\/trackdays\/","og_locale":"fr_FR","og_type":"article","og_title":"Trackdays &mdash; Moto Club de Biltzheim","og_description":"&nbsp; Nos journ\u00e9es Trackdays ont lieu certains jours f\u00e9ri\u00e9s, ou de weekends, et sont ouverts \u00e0 tous les motards, et toutes les motos, quelque soient","og_url":"https:\/\/www.anneau-du-rhin.com\/moto\/activites\/trackdays\/","og_site_name":"Moto Club de Biltzheim","article_modified_time":"2023-01-04T16:43:46+00:00","og_image":[{"url":"https:\/\/www.anneau-du-rhin.com\/moto\/wp-content\/uploads\/2021\/12\/anneau-du-Rhin-1312-TD-300x200.jpg"}],"twitter_card":"summary_large_image","twitter_misc":{"Dur\u00e9e de lecture estim\u00e9e":"2 minutes"},"schema":{"@context":"https:\/\/schema.org","@graph":[{"@type":"WebPage","@id":"https:\/\/www.anneau-du-rhin.com\/moto\/activites\/trackdays\/","url":"https:\/\/www.anneau-du-rhin.com\/moto\/activites\/trackdays\/","name":"Trackdays &mdash; Moto Club de Biltzheim","isPartOf":{"@id":"https:\/\/www.anneau-du-rhin.com\/moto\/#website"},"datePublished":"2021-12-01T19:01:29+00:00","dateModified":"2023-01-04T16:43:46+00:00","description":"&nbsp; Nos journ\u00e9es Trackdays ont lieu certains jours f\u00e9ri\u00e9s, ou de weekends, et sont ouverts \u00e0 tous les motards, et toutes les motos, quelque soient","breadcrumb":{"@id":"https:\/\/www.anneau-du-rhin.com\/moto\/activites\/trackdays\/#breadcrumb"},"inLanguage":"fr-FR","potentialAction":[{"@type":"ReadAction","target":["https:\/\/www.anneau-du-rhin.com\/moto\/activites\/trackdays\/"]}]},{"@type":"BreadcrumbList","@id":"https:\/\/www.anneau-du-rhin.com\/moto\/activites\/trackdays\/#breadcrumb","itemListElement":[{"@type":"ListItem","position":1,"name":"Accueil","item":"https:\/\/www.anneau-du-rhin.com\/moto\/"},{"@type":"ListItem","position":2,"name":"Activit\u00e9s","item":"https:\/\/www.anneau-du-rhin.com\/moto\/activites\/"},{"@type":"ListItem","position":3,"name":"Trackdays"}]},{"@type":"WebSite","@id":"https:\/\/www.anneau-du-rhin.com\/moto\/#website","url":"https:\/\/www.anneau-du-rhin.com\/moto\/","name":"Moto Club de Biltzheim","description":"Moto Club de Biltzheim","potentialAction":[{"@type":"SearchAction","target":{"@type":"EntryPoint","urlTemplate":"https:\/\/www.anneau-du-rhin.com\/moto\/?s={search_term_string}"},"query-input":"required name=search_term_string"}],"inLanguage":"fr-FR"}]}},"_links":{"self":[{"href":"https:\/\/www.anneau-du-rhin.com\/moto\/wp-json\/wp\/v2\/pages\/122368"}],"collection":[{"href":"https:\/\/www.anneau-du-rhin.com\/moto\/wp-json\/wp\/v2\/pages"}],"about":[{"href":"https:\/\/www.anneau-du-rhin.com\/moto\/wp-json\/wp\/v2\/types\/page"}],"author":[{"embeddable":true,"href":"https:\/\/www.anneau-du-rhin.com\/moto\/wp-json\/wp\/v2\/users\/2"}],"replies":[{"embeddable":true,"href":"https:\/\/www.anneau-du-rhin.com\/moto\/wp-json\/wp\/v2\/comments?post=122368"}],"version-history":[{"count":8,"href":"https:\/\/www.anneau-du-rhin.com\/moto\/wp-json\/wp\/v2\/pages\/122368\/revisions"}],"predecessor-version":[{"id":124596,"href":"https:\/\/www.anneau-du-rhin.com\/moto\/wp-json\/wp\/v2\/pages\/122368\/revisions\/124596"}],"up":[{"embeddable":true,"href":"https:\/\/www.anneau-du-rhin.com\/moto\/wp-json\/wp\/v2\/pages\/122318"}],"wp:attachment":[{"href":"https:\/\/www.anneau-du-rhin.com\/moto\/wp-json\/wp\/v2\/media?parent=122368"}],"curies":[{"name":"wp","href":"https:\/\/api.w.org\/{rel}","templated":true}]}}