{"id":122345,"date":"2021-12-01T19:40:14","date_gmt":"2021-12-01T18:40:14","guid":{"rendered":"https:\/\/www.anneau-du-rhin.com\/moto\/?page_id=122345"},"modified":"2023-04-12T18:05:07","modified_gmt":"2023-04-12T16:05:07","slug":"notre-equipe","status":"publish","type":"page","link":"https:\/\/www.anneau-du-rhin.com\/moto\/presentation\/notre-equipe\/","title":{"rendered":"Notre \u00e9quipe"},"content":{"rendered":"\r\n<p><img decoding=\"async\" loading=\"lazy\" class=\"aligncenter wp-image-122632 \" src=\"https:\/\/www.anneau-du-rhin.com\/moto\/wp-content\/uploads\/2021\/12\/Site-web-actu_Commissaire2-1024x547.jpg\" alt=\"\" width=\"744\" height=\"397\" srcset=\"https:\/\/www.anneau-du-rhin.com\/moto\/wp-content\/uploads\/2021\/12\/Site-web-actu_Commissaire2-1024x547.jpg 1024w, https:\/\/www.anneau-du-rhin.com\/moto\/wp-content\/uploads\/2021\/12\/Site-web-actu_Commissaire2-300x160.jpg 300w, https:\/\/www.anneau-du-rhin.com\/moto\/wp-content\/uploads\/2021\/12\/Site-web-actu_Commissaire2-768x410.jpg 768w, https:\/\/www.anneau-du-rhin.com\/moto\/wp-content\/uploads\/2021\/12\/Site-web-actu_Commissaire2-1536x821.jpg 1536w, https:\/\/www.anneau-du-rhin.com\/moto\/wp-content\/uploads\/2021\/12\/Site-web-actu_Commissaire2-2048x1094.jpg 2048w, https:\/\/www.anneau-du-rhin.com\/moto\/wp-content\/uploads\/2021\/12\/Site-web-actu_Commissaire2-600x321.jpg 600w\" sizes=\"(max-width: 744px) 100vw, 744px\" \/><\/p>\r\n<p>Nous d\u00e9marrons depuis 2021 une nouvelle page de notre histoire, sous la direction de notre nouveau pr\u00e9sident : Fran\u00e7ois RINALDI, il dirige le circuit de L&#8217;Anneau du Rhin . A la t\u00eate d\u2019une \u00e9quipe qui maitrise d\u00e9j\u00e0 l\u2019organisation de comp\u00e9titions \u00e0 l\u2019Anneau du Rhin, il b\u00e9n\u00e9ficie d\u2019une solide exp\u00e9rience en la mati\u00e8re. Participant aussi depuis de nombreuses ann\u00e9es \u00e0 l\u2019organisation de roulages motocyclistes sur le circuit, la moto est aussi une activit\u00e9 dans laquelle il exerce d\u00e9j\u00e0, chaque ann\u00e9e, sur plusieurs dizaines de journ\u00e9es.<\/p>\r\n\r\n\r\n\r\n<p>D\u00e9veloppant \u00e0 partir de 2021 un renouveau des activit\u00e9s, notre moto club aura besoin que nos effectifs s\u2019\u00e9toffent. En effet, c\u2019est bien parmi les membres de notre moto club que notre pr\u00e9sident compte trouver les b\u00e9n\u00e9voles actifs, pour prendre part \u00e0 l\u2019\u00e9quipe d\u2019organisation des activit\u00e9s du moto club.<\/p>\r\n\r\n\r\n\r\n<p>Par cons\u00e9quent, si vous vous sentez l\u2019envie de nous apporter un petit coup de pouce, nous accueillons avec gratitude toutes les bonnes volont\u00e9s. Officiels, commissaires, ou simples b\u00e9n\u00e9voles : vous \u00eates tous les bienvenus au Moto Club de L&#8217;Anneau du Rhin.<\/p>\r\n\r\n\r\n\r\n<p>Pour plus d\u2019informations sur les missions n\u00e9cessitant un coup de pouce au sein de notre moto club, nous vous invitons \u00e0 consulter notre onglet d\u00e9di\u00e9 :<em><strong>\u00a0<a href=\"https:\/\/www.anneau-du-rhin.com\/moto\/infos\/benevoles\/\" target=\"_blank\" rel=\"noopener\">https:\/\/www.anneau-du-rhin.com\/moto\/infos\/benevoles\/<\/a><\/strong><\/em><\/p>\r\n","protected":false},"excerpt":{"rendered":"<p>Nous d\u00e9marrons depuis 2021 une nouvelle page de notre histoire, sous la direction de notre nouveau pr\u00e9sident : Fran\u00e7ois RINALDI, il dirige le circuit de L&#8217;Anneau du Rhin . A la t\u00eate d\u2019une \u00e9quipe qui maitrise d\u00e9j\u00e0 l\u2019organisation de comp\u00e9titions \u00e0 l\u2019Anneau du Rhin, il b\u00e9n\u00e9ficie d\u2019une solide exp\u00e9rience en la mati\u00e8re. Participant aussi depuis [&hellip;]<\/p>\n","protected":false},"author":2,"featured_media":0,"parent":122315,"menu_order":0,"comment_status":"closed","ping_status":"closed","template":"","meta":[],"acf":[],"yoast_head":"<!-- This site is optimized with the Yoast SEO plugin v20.2 - https:\/\/yoast.com\/wordpress\/plugins\/seo\/ -->\n<title>Notre \u00e9quipe &mdash; Moto Club de Biltzheim<\/title>\n<meta name=\"description\" content=\"Nous d\u00e9marrons depuis 2021 une nouvelle page de notre histoire, sous la direction de notre nouveau pr\u00e9sident : Fran\u00e7ois RINALDI, il dirige le circuit de\" \/>\n<meta name=\"robots\" content=\"index, follow, max-snippet:-1, max-image-preview:large, max-video-preview:-1\" \/>\n<link rel=\"canonical\" href=\"https:\/\/www.anneau-du-rhin.com\/moto\/presentation\/notre-equipe\/\" \/>\n<meta property=\"og:locale\" content=\"fr_FR\" \/>\n<meta property=\"og:type\" content=\"article\" \/>\n<meta property=\"og:title\" content=\"Notre \u00e9quipe &mdash; Moto Club de Biltzheim\" \/>\n<meta property=\"og:description\" content=\"Nous d\u00e9marrons depuis 2021 une nouvelle page de notre histoire, sous la direction de notre nouveau pr\u00e9sident : Fran\u00e7ois RINALDI, il dirige le circuit de\" \/>\n<meta property=\"og:url\" content=\"https:\/\/www.anneau-du-rhin.com\/moto\/presentation\/notre-equipe\/\" \/>\n<meta property=\"og:site_name\" content=\"Moto Club de Biltzheim\" \/>\n<meta property=\"article:modified_time\" content=\"2023-04-12T16:05:07+00:00\" \/>\n<meta property=\"og:image\" content=\"https:\/\/www.anneau-du-rhin.com\/moto\/wp-content\/uploads\/2021\/12\/Site-web-actu_Commissaire2-1024x547.jpg\" \/>\n<meta name=\"twitter:card\" content=\"summary_large_image\" \/>\n<meta name=\"twitter:label1\" content=\"Dur\u00e9e de lecture estim\u00e9e\" \/>\n\t<meta name=\"twitter:data1\" content=\"2 minutes\" \/>\n<script type=\"application\/ld+json\" class=\"yoast-schema-graph\">{\"@context\":\"https:\/\/schema.org\",\"@graph\":[{\"@type\":\"WebPage\",\"@id\":\"https:\/\/www.anneau-du-rhin.com\/moto\/presentation\/notre-equipe\/\",\"url\":\"https:\/\/www.anneau-du-rhin.com\/moto\/presentation\/notre-equipe\/\",\"name\":\"Notre \u00e9quipe &mdash; Moto Club de Biltzheim\",\"isPartOf\":{\"@id\":\"https:\/\/www.anneau-du-rhin.com\/moto\/#website\"},\"datePublished\":\"2021-12-01T18:40:14+00:00\",\"dateModified\":\"2023-04-12T16:05:07+00:00\",\"description\":\"Nous d\u00e9marrons depuis 2021 une nouvelle page de notre histoire, sous la direction de notre nouveau pr\u00e9sident : Fran\u00e7ois RINALDI, il dirige le circuit de\",\"breadcrumb\":{\"@id\":\"https:\/\/www.anneau-du-rhin.com\/moto\/presentation\/notre-equipe\/#breadcrumb\"},\"inLanguage\":\"fr-FR\",\"potentialAction\":[{\"@type\":\"ReadAction\",\"target\":[\"https:\/\/www.anneau-du-rhin.com\/moto\/presentation\/notre-equipe\/\"]}]},{\"@type\":\"BreadcrumbList\",\"@id\":\"https:\/\/www.anneau-du-rhin.com\/moto\/presentation\/notre-equipe\/#breadcrumb\",\"itemListElement\":[{\"@type\":\"ListItem\",\"position\":1,\"name\":\"Accueil\",\"item\":\"https:\/\/www.anneau-du-rhin.com\/moto\/\"},{\"@type\":\"ListItem\",\"position\":2,\"name\":\"Pr\u00e9sentation\",\"item\":\"https:\/\/www.anneau-du-rhin.com\/moto\/presentation\/\"},{\"@type\":\"ListItem\",\"position\":3,\"name\":\"Notre \u00e9quipe\"}]},{\"@type\":\"WebSite\",\"@id\":\"https:\/\/www.anneau-du-rhin.com\/moto\/#website\",\"url\":\"https:\/\/www.anneau-du-rhin.com\/moto\/\",\"name\":\"Moto Club de Biltzheim\",\"description\":\"Moto Club de Biltzheim\",\"potentialAction\":[{\"@type\":\"SearchAction\",\"target\":{\"@type\":\"EntryPoint\",\"urlTemplate\":\"https:\/\/www.anneau-du-rhin.com\/moto\/?s={search_term_string}\"},\"query-input\":\"required name=search_term_string\"}],\"inLanguage\":\"fr-FR\"}]}<\/script>\n<!-- \/ Yoast SEO plugin. -->","yoast_head_json":{"title":"Notre \u00e9quipe &mdash; Moto Club de Biltzheim","description":"Nous d\u00e9marrons depuis 2021 une nouvelle page de notre histoire, sous la direction de notre nouveau pr\u00e9sident : Fran\u00e7ois RINALDI, il dirige le circuit de","robots":{"index":"index","follow":"follow","max-snippet":"max-snippet:-1","max-image-preview":"max-image-preview:large","max-video-preview":"max-video-preview:-1"},"canonical":"https:\/\/www.anneau-du-rhin.com\/moto\/presentation\/notre-equipe\/","og_locale":"fr_FR","og_type":"article","og_title":"Notre \u00e9quipe &mdash; Moto Club de Biltzheim","og_description":"Nous d\u00e9marrons depuis 2021 une nouvelle page de notre histoire, sous la direction de notre nouveau pr\u00e9sident : Fran\u00e7ois RINALDI, il dirige le circuit de","og_url":"https:\/\/www.anneau-du-rhin.com\/moto\/presentation\/notre-equipe\/","og_site_name":"Moto Club de Biltzheim","article_modified_time":"2023-04-12T16:05:07+00:00","og_image":[{"url":"https:\/\/www.anneau-du-rhin.com\/moto\/wp-content\/uploads\/2021\/12\/Site-web-actu_Commissaire2-1024x547.jpg"}],"twitter_card":"summary_large_image","twitter_misc":{"Dur\u00e9e de lecture estim\u00e9e":"2 minutes"},"schema":{"@context":"https:\/\/schema.org","@graph":[{"@type":"WebPage","@id":"https:\/\/www.anneau-du-rhin.com\/moto\/presentation\/notre-equipe\/","url":"https:\/\/www.anneau-du-rhin.com\/moto\/presentation\/notre-equipe\/","name":"Notre \u00e9quipe &mdash; Moto Club de Biltzheim","isPartOf":{"@id":"https:\/\/www.anneau-du-rhin.com\/moto\/#website"},"datePublished":"2021-12-01T18:40:14+00:00","dateModified":"2023-04-12T16:05:07+00:00","description":"Nous d\u00e9marrons depuis 2021 une nouvelle page de notre histoire, sous la direction de notre nouveau pr\u00e9sident : Fran\u00e7ois RINALDI, il dirige le circuit de","breadcrumb":{"@id":"https:\/\/www.anneau-du-rhin.com\/moto\/presentation\/notre-equipe\/#breadcrumb"},"inLanguage":"fr-FR","potentialAction":[{"@type":"ReadAction","target":["https:\/\/www.anneau-du-rhin.com\/moto\/presentation\/notre-equipe\/"]}]},{"@type":"BreadcrumbList","@id":"https:\/\/www.anneau-du-rhin.com\/moto\/presentation\/notre-equipe\/#breadcrumb","itemListElement":[{"@type":"ListItem","position":1,"name":"Accueil","item":"https:\/\/www.anneau-du-rhin.com\/moto\/"},{"@type":"ListItem","position":2,"name":"Pr\u00e9sentation","item":"https:\/\/www.anneau-du-rhin.com\/moto\/presentation\/"},{"@type":"ListItem","position":3,"name":"Notre \u00e9quipe"}]},{"@type":"WebSite","@id":"https:\/\/www.anneau-du-rhin.com\/moto\/#website","url":"https:\/\/www.anneau-du-rhin.com\/moto\/","name":"Moto Club de Biltzheim","description":"Moto Club de Biltzheim","potentialAction":[{"@type":"SearchAction","target":{"@type":"EntryPoint","urlTemplate":"https:\/\/www.anneau-du-rhin.com\/moto\/?s={search_term_string}"},"query-input":"required name=search_term_string"}],"inLanguage":"fr-FR"}]}},"_links":{"self":[{"href":"https:\/\/www.anneau-du-rhin.com\/moto\/wp-json\/wp\/v2\/pages\/122345"}],"collection":[{"href":"https:\/\/www.anneau-du-rhin.com\/moto\/wp-json\/wp\/v2\/pages"}],"about":[{"href":"https:\/\/www.anneau-du-rhin.com\/moto\/wp-json\/wp\/v2\/types\/page"}],"author":[{"embeddable":true,"href":"https:\/\/www.anneau-du-rhin.com\/moto\/wp-json\/wp\/v2\/users\/2"}],"replies":[{"embeddable":true,"href":"https:\/\/www.anneau-du-rhin.com\/moto\/wp-json\/wp\/v2\/comments?post=122345"}],"version-history":[{"count":8,"href":"https:\/\/www.anneau-du-rhin.com\/moto\/wp-json\/wp\/v2\/pages\/122345\/revisions"}],"predecessor-version":[{"id":124897,"href":"https:\/\/www.anneau-du-rhin.com\/moto\/wp-json\/wp\/v2\/pages\/122345\/revisions\/124897"}],"up":[{"embeddable":true,"href":"https:\/\/www.anneau-du-rhin.com\/moto\/wp-json\/wp\/v2\/pages\/122315"}],"wp:attachment":[{"href":"https:\/\/www.anneau-du-rhin.com\/moto\/wp-json\/wp\/v2\/media?parent=122345"}],"curies":[{"name":"wp","href":"https:\/\/api.w.org\/{rel}","templated":true}]}}