{"id":122342,"date":"2021-12-01T19:37:32","date_gmt":"2021-12-01T18:37:32","guid":{"rendered":"https:\/\/www.anneau-du-rhin.com\/moto\/?page_id=122342"},"modified":"2021-12-02T15:02:03","modified_gmt":"2021-12-02T14:02:03","slug":"notre-circuit","status":"publish","type":"page","link":"https:\/\/www.anneau-du-rhin.com\/moto\/presentation\/notre-circuit\/","title":{"rendered":"Notre circuit"},"content":{"rendered":"\r\n<div class=\"is-layout-flow wp-block-group\"><div class=\"wp-block-group__inner-container\">\r\n<div class=\"is-layout-flex wp-container-2 wp-block-columns\">\r\n<div class=\"is-layout-flow wp-block-column\" style=\"flex-basis: 100%;\">\r\n<figure class=\"wp-block-image size-large is-resized\"><img decoding=\"async\" loading=\"lazy\" class=\"wp-image-122477 aligncenter\" src=\"https:\/\/www.anneau-du-rhin.com\/moto\/wp-content\/uploads\/2021\/12\/FB_IMG_1571675532308-1024x683.jpg\" alt=\"\" width=\"500\" height=\"308\" \/><\/figure>\r\n\r\n\r\n\r\n<figure class=\"wp-block-image size-large is-resized\"><img decoding=\"async\" loading=\"lazy\" class=\"wp-image-122481 aligncenter\" src=\"https:\/\/www.anneau-du-rhin.com\/moto\/wp-content\/uploads\/2021\/12\/adrf-1-1024x529.png\" alt=\"\" width=\"499\" height=\"259\" srcset=\"https:\/\/www.anneau-du-rhin.com\/moto\/wp-content\/uploads\/2021\/12\/adrf-1-1024x529.png 1024w, https:\/\/www.anneau-du-rhin.com\/moto\/wp-content\/uploads\/2021\/12\/adrf-1-300x155.png 300w, https:\/\/www.anneau-du-rhin.com\/moto\/wp-content\/uploads\/2021\/12\/adrf-1-768x397.png 768w, https:\/\/www.anneau-du-rhin.com\/moto\/wp-content\/uploads\/2021\/12\/adrf-1-600x310.png 600w, https:\/\/www.anneau-du-rhin.com\/moto\/wp-content\/uploads\/2021\/12\/adrf-1.png 1096w\" sizes=\"(max-width: 499px) 100vw, 499px\" \/><\/figure>\r\n<\/div>\r\n<\/div>\r\n<\/div><\/div>\r\n\r\n\r\n\r\n<p class=\"has-text-align-center\">Nous avons la chance de disposer dans notre village du plus mythique circuit de vitesse du Grand Est\u00a0:<\/p>\r\n\r\n\r\n\r\n<p class=\"has-text-align-center\">l\u2019Anneau du Rhin.<\/p>\r\n\r\n\r\n\r\n<p class=\"has-text-align-center\">Bien que proposant un d\u00e9veloppement maximal de 4.0 km, c\u2019est sur d\u2019autres trac\u00e9s que nos activit\u00e9s se d\u00e9roulent\u00a0: g\u00e9n\u00e9ralement sur le circuit 3.7 km de comp\u00e9titions, pour la plupart de nos activit\u00e9s, et parfois sur le circuit 3.0 km, en fonction du planning du circuit.<\/p>\r\n\r\n\r\n\r\n<p class=\"has-text-align-center\">Homologu\u00e9 par la FFM pour l\u2019entrainement et la comp\u00e9tition, l\u2019Anneau du Rhin b\u00e9n\u00e9ficie d\u2019une homologation \u00ab\u00a0plus de 200 km\/h\u00a0\u00bb qui permet de profiter pleinement de la longue ligne droite de 1.050 m\u00e8tres, ainsi que des autres enchainements \u00e0 haute vitesse, tels que la courbe Adr\u00e9naline, ou le \u00ab\u00a0S\u00a0\u00bb du Sanglier. D\u2019autres enchainements, \u00e0 vitesse mod\u00e9r\u00e9e, viennent compl\u00e9ter un trac\u00e9 vari\u00e9 et plein d\u2019\u00e9motions.<\/p>\r\n\r\n\r\n\r\n<p class=\"has-text-align-center\">Homologu\u00e9 par les autorit\u00e9s pour de grandes manifestations publiques, le circuit de l\u2019Anneau du Rhin b\u00e9n\u00e9ficie d\u2019une autorisation pour organiser des \u00e9v\u00e8nements de grande envergure, jusqu\u2019\u00e0 12.000 personnes.<\/p>\r\n\r\n\r\n\r\n<p>Implant\u00e9 au c\u0153ur de l\u2019Alsace, l\u2019Anneau du Rhin cultive cette identit\u00e9 \u00e0 travers un style architectural rendant hommage aux traditions locales, et engendrant ainsi une atmosph\u00e8re unique en France.<\/p>\r\n\r\n\r\n\r\n<p>Pour plus d\u2019informations sur l\u2019Anneau du Rhin, vous pouvez visiter le site Internet du circuit\u00a0: <a href=\"https:\/\/www.anneau-du-rhin.com\">https:\/\/www.anneau-du-rhin.com<\/a> .<\/p>\r\n\r\n\r\n\r\n<p class=\"has-text-align-center\">Pour plus d\u2019informations sur les conditions de roulages \u00e0 l\u2019Anneau du Rhin (bruit autoris\u00e9, formulaire de d\u00e9charge, pass sanitaire, etc \u2026), vous pouvez visiter dans le menu de ce site Internet notre onglet \u00ab\u00a0INFOS\u00a0\u00bb.<\/p>\r\n","protected":false},"excerpt":{"rendered":"<p>Nous avons la chance de disposer dans notre village du plus mythique circuit de vitesse du Grand Est\u00a0: l\u2019Anneau du Rhin. Bien que proposant un d\u00e9veloppement maximal de 4.0 km, c\u2019est sur d\u2019autres trac\u00e9s que nos activit\u00e9s se d\u00e9roulent\u00a0: g\u00e9n\u00e9ralement sur le circuit 3.7 km de comp\u00e9titions, pour la plupart de nos activit\u00e9s, et parfois [&hellip;]<\/p>\n","protected":false},"author":2,"featured_media":0,"parent":122315,"menu_order":0,"comment_status":"closed","ping_status":"closed","template":"","meta":[],"acf":[],"yoast_head":"<!-- This site is optimized with the Yoast SEO plugin v20.2 - https:\/\/yoast.com\/wordpress\/plugins\/seo\/ -->\n<title>Notre circuit &mdash; Moto Club de Biltzheim<\/title>\n<meta name=\"description\" content=\"Nous avons la chance de disposer dans notre village du plus mythique circuit de vitesse du Grand Est\u00a0: l\u2019Anneau du Rhin. Bien que proposant un\" \/>\n<meta name=\"robots\" content=\"index, follow, max-snippet:-1, max-image-preview:large, max-video-preview:-1\" \/>\n<link rel=\"canonical\" href=\"https:\/\/www.anneau-du-rhin.com\/moto\/presentation\/notre-circuit\/\" \/>\n<meta property=\"og:locale\" content=\"fr_FR\" \/>\n<meta property=\"og:type\" content=\"article\" \/>\n<meta property=\"og:title\" content=\"Notre circuit &mdash; Moto Club de Biltzheim\" \/>\n<meta property=\"og:description\" content=\"Nous avons la chance de disposer dans notre village du plus mythique circuit de vitesse du Grand Est\u00a0: l\u2019Anneau du Rhin. Bien que proposant un\" \/>\n<meta property=\"og:url\" content=\"https:\/\/www.anneau-du-rhin.com\/moto\/presentation\/notre-circuit\/\" \/>\n<meta property=\"og:site_name\" content=\"Moto Club de Biltzheim\" \/>\n<meta property=\"article:modified_time\" content=\"2021-12-02T14:02:03+00:00\" \/>\n<meta property=\"og:image\" content=\"https:\/\/www.anneau-du-rhin.com\/moto\/wp-content\/uploads\/2021\/12\/FB_IMG_1571675532308-1024x683.jpg\" \/>\n<meta name=\"twitter:card\" content=\"summary_large_image\" \/>\n<meta name=\"twitter:label1\" content=\"Dur\u00e9e de lecture estim\u00e9e\" \/>\n\t<meta name=\"twitter:data1\" content=\"2 minutes\" \/>\n<script type=\"application\/ld+json\" class=\"yoast-schema-graph\">{\"@context\":\"https:\/\/schema.org\",\"@graph\":[{\"@type\":\"WebPage\",\"@id\":\"https:\/\/www.anneau-du-rhin.com\/moto\/presentation\/notre-circuit\/\",\"url\":\"https:\/\/www.anneau-du-rhin.com\/moto\/presentation\/notre-circuit\/\",\"name\":\"Notre circuit &mdash; Moto Club de Biltzheim\",\"isPartOf\":{\"@id\":\"https:\/\/www.anneau-du-rhin.com\/moto\/#website\"},\"datePublished\":\"2021-12-01T18:37:32+00:00\",\"dateModified\":\"2021-12-02T14:02:03+00:00\",\"description\":\"Nous avons la chance de disposer dans notre village du plus mythique circuit de vitesse du Grand Est\u00a0: l\u2019Anneau du Rhin. Bien que proposant un\",\"breadcrumb\":{\"@id\":\"https:\/\/www.anneau-du-rhin.com\/moto\/presentation\/notre-circuit\/#breadcrumb\"},\"inLanguage\":\"fr-FR\",\"potentialAction\":[{\"@type\":\"ReadAction\",\"target\":[\"https:\/\/www.anneau-du-rhin.com\/moto\/presentation\/notre-circuit\/\"]}]},{\"@type\":\"BreadcrumbList\",\"@id\":\"https:\/\/www.anneau-du-rhin.com\/moto\/presentation\/notre-circuit\/#breadcrumb\",\"itemListElement\":[{\"@type\":\"ListItem\",\"position\":1,\"name\":\"Accueil\",\"item\":\"https:\/\/www.anneau-du-rhin.com\/moto\/\"},{\"@type\":\"ListItem\",\"position\":2,\"name\":\"Pr\u00e9sentation\",\"item\":\"https:\/\/www.anneau-du-rhin.com\/moto\/presentation\/\"},{\"@type\":\"ListItem\",\"position\":3,\"name\":\"Notre circuit\"}]},{\"@type\":\"WebSite\",\"@id\":\"https:\/\/www.anneau-du-rhin.com\/moto\/#website\",\"url\":\"https:\/\/www.anneau-du-rhin.com\/moto\/\",\"name\":\"Moto Club de Biltzheim\",\"description\":\"Moto Club de Biltzheim\",\"potentialAction\":[{\"@type\":\"SearchAction\",\"target\":{\"@type\":\"EntryPoint\",\"urlTemplate\":\"https:\/\/www.anneau-du-rhin.com\/moto\/?s={search_term_string}\"},\"query-input\":\"required name=search_term_string\"}],\"inLanguage\":\"fr-FR\"}]}<\/script>\n<!-- \/ Yoast SEO plugin. -->","yoast_head_json":{"title":"Notre circuit &mdash; Moto Club de Biltzheim","description":"Nous avons la chance de disposer dans notre village du plus mythique circuit de vitesse du Grand Est\u00a0: l\u2019Anneau du Rhin. Bien que proposant un","robots":{"index":"index","follow":"follow","max-snippet":"max-snippet:-1","max-image-preview":"max-image-preview:large","max-video-preview":"max-video-preview:-1"},"canonical":"https:\/\/www.anneau-du-rhin.com\/moto\/presentation\/notre-circuit\/","og_locale":"fr_FR","og_type":"article","og_title":"Notre circuit &mdash; Moto Club de Biltzheim","og_description":"Nous avons la chance de disposer dans notre village du plus mythique circuit de vitesse du Grand Est\u00a0: l\u2019Anneau du Rhin. Bien que proposant un","og_url":"https:\/\/www.anneau-du-rhin.com\/moto\/presentation\/notre-circuit\/","og_site_name":"Moto Club de Biltzheim","article_modified_time":"2021-12-02T14:02:03+00:00","og_image":[{"url":"https:\/\/www.anneau-du-rhin.com\/moto\/wp-content\/uploads\/2021\/12\/FB_IMG_1571675532308-1024x683.jpg"}],"twitter_card":"summary_large_image","twitter_misc":{"Dur\u00e9e de lecture estim\u00e9e":"2 minutes"},"schema":{"@context":"https:\/\/schema.org","@graph":[{"@type":"WebPage","@id":"https:\/\/www.anneau-du-rhin.com\/moto\/presentation\/notre-circuit\/","url":"https:\/\/www.anneau-du-rhin.com\/moto\/presentation\/notre-circuit\/","name":"Notre circuit &mdash; Moto Club de Biltzheim","isPartOf":{"@id":"https:\/\/www.anneau-du-rhin.com\/moto\/#website"},"datePublished":"2021-12-01T18:37:32+00:00","dateModified":"2021-12-02T14:02:03+00:00","description":"Nous avons la chance de disposer dans notre village du plus mythique circuit de vitesse du Grand Est\u00a0: l\u2019Anneau du Rhin. Bien que proposant un","breadcrumb":{"@id":"https:\/\/www.anneau-du-rhin.com\/moto\/presentation\/notre-circuit\/#breadcrumb"},"inLanguage":"fr-FR","potentialAction":[{"@type":"ReadAction","target":["https:\/\/www.anneau-du-rhin.com\/moto\/presentation\/notre-circuit\/"]}]},{"@type":"BreadcrumbList","@id":"https:\/\/www.anneau-du-rhin.com\/moto\/presentation\/notre-circuit\/#breadcrumb","itemListElement":[{"@type":"ListItem","position":1,"name":"Accueil","item":"https:\/\/www.anneau-du-rhin.com\/moto\/"},{"@type":"ListItem","position":2,"name":"Pr\u00e9sentation","item":"https:\/\/www.anneau-du-rhin.com\/moto\/presentation\/"},{"@type":"ListItem","position":3,"name":"Notre circuit"}]},{"@type":"WebSite","@id":"https:\/\/www.anneau-du-rhin.com\/moto\/#website","url":"https:\/\/www.anneau-du-rhin.com\/moto\/","name":"Moto Club de Biltzheim","description":"Moto Club de Biltzheim","potentialAction":[{"@type":"SearchAction","target":{"@type":"EntryPoint","urlTemplate":"https:\/\/www.anneau-du-rhin.com\/moto\/?s={search_term_string}"},"query-input":"required name=search_term_string"}],"inLanguage":"fr-FR"}]}},"_links":{"self":[{"href":"https:\/\/www.anneau-du-rhin.com\/moto\/wp-json\/wp\/v2\/pages\/122342"}],"collection":[{"href":"https:\/\/www.anneau-du-rhin.com\/moto\/wp-json\/wp\/v2\/pages"}],"about":[{"href":"https:\/\/www.anneau-du-rhin.com\/moto\/wp-json\/wp\/v2\/types\/page"}],"author":[{"embeddable":true,"href":"https:\/\/www.anneau-du-rhin.com\/moto\/wp-json\/wp\/v2\/users\/2"}],"replies":[{"embeddable":true,"href":"https:\/\/www.anneau-du-rhin.com\/moto\/wp-json\/wp\/v2\/comments?post=122342"}],"version-history":[{"count":3,"href":"https:\/\/www.anneau-du-rhin.com\/moto\/wp-json\/wp\/v2\/pages\/122342\/revisions"}],"predecessor-version":[{"id":122592,"href":"https:\/\/www.anneau-du-rhin.com\/moto\/wp-json\/wp\/v2\/pages\/122342\/revisions\/122592"}],"up":[{"embeddable":true,"href":"https:\/\/www.anneau-du-rhin.com\/moto\/wp-json\/wp\/v2\/pages\/122315"}],"wp:attachment":[{"href":"https:\/\/www.anneau-du-rhin.com\/moto\/wp-json\/wp\/v2\/media?parent=122342"}],"curies":[{"name":"wp","href":"https:\/\/api.w.org\/{rel}","templated":true}]}}