{"id":122315,"date":"2021-12-01T19:13:14","date_gmt":"2021-12-01T18:13:14","guid":{"rendered":"https:\/\/www.anneau-du-rhin.com\/moto\/?page_id=122315"},"modified":"2023-01-04T18:04:26","modified_gmt":"2023-01-04T17:04:26","slug":"presentation","status":"publish","type":"page","link":"https:\/\/www.anneau-du-rhin.com\/moto\/presentation\/","title":{"rendered":"Pr\u00e9sentation"},"content":{"rendered":"<h1>Notre histoire<\/h1>\n<div>\n<div class=\"wp-block-image\">\n<figure class=\"aligncenter size-full is-resized\"><img decoding=\"async\" loading=\"lazy\" class=\"wp-image-122332 aligncenter\" src=\"https:\/\/www.anneau-du-rhin.com\/moto\/wp-content\/uploads\/2021\/12\/image.png\" sizes=\"(max-width: 564px) 100vw, 564px\" srcset=\"https:\/\/www.anneau-du-rhin.com\/moto\/wp-content\/uploads\/2021\/12\/image.png 853w, https:\/\/www.anneau-du-rhin.com\/moto\/wp-content\/uploads\/2021\/12\/image-300x225.png 300w, https:\/\/www.anneau-du-rhin.com\/moto\/wp-content\/uploads\/2021\/12\/image-768x576.png 768w, https:\/\/www.anneau-du-rhin.com\/moto\/wp-content\/uploads\/2021\/12\/image-600x450.png 600w\" alt=\"\" width=\"564\" height=\"423\" \/><\/figure>\n<\/div>\n<p>Voici une petite pr\u00e9sentation de l\u2019histoire de notre Moto Club de BILTZHEIM, fond\u00e9 en 2003 par notre pr\u00e9sident fondateur\u00a0: R\u00e9gis JEANNEZ. Les fondateurs, ici en photo, habitaient le village de Biltzheim, et partageaient la passion de la moto, principalement \u00e0 travers des balades entre potes, sur les routes alsaciennes. Une fois par an, notre club organisait aussi sur le circuit de l\u2019ANNEAU DU RHIN une session de roulage sur circuit, pour le plaisir des plus sportifs. Ainsi, il est juste de dire que le Moto Club de BILTZHEIM fut, en 2003, le premier moto club du circuit. Le Moto Club de BILTZHEIM fut aussi le premier \u00e0 y organiser des comp\u00e9titions, puisque d\u00e8s 2003 aussi, notre club faisait d\u00e9j\u00e0 partie de l\u2019organisation du premier Festival Auto Moto de l\u2019ANNEAU DU RHIN. Pendant de nombreuses ann\u00e9es, notre club fut un pilier de cette organisation, en g\u00e9rant l\u2019accueil du public du Festival. Depuis quelques ann\u00e9es, sous la pr\u00e9sidence de Jean Philippe STREICHER, notre club avait beaucoup r\u00e9duit ses activit\u00e9s. Mais 2021 marque le d\u00e9but d\u2019une redynamisation des activit\u00e9s du club, avec un nouveau pr\u00e9sident\u00a0: Daniel HAEFFELIN. Habitant Turckheim, il est le premier pr\u00e9sident de l\u2019histoire de notre club \u00e0 ne pas habiter \u00e0 Biltzheim. Cependant, il \u00e9tait d\u00e9j\u00e0 pr\u00e9sident d\u2019une autre association de Biltzheim, ce qui a permis le rapprochement avec nous. Cette redynamisation commen\u00e7ait tout d\u2019abord, au printemps 2021, \u00e0 travers l\u2019affiliation du club \u00e0 la F\u00e9d\u00e9ration Fran\u00e7aise de Motocyclisme et \u00e0 la Ligue Motocycliste du Grand Est. Une affiliation qui permet \u00e0 notre club de d\u00e9livrer, d\u00e9sormais, des licences FFM (de pilotes ou d\u2019officiels), et d\u2019organiser aussi des comp\u00e9titions. Un dynamisme qui s\u2019est poursuivi, \u00e0 l\u2019automne 2021, avec la cr\u00e9ation de notre page Facebook, de notre site Internet, puis \u00e0 partir d\u2019octobre, \u00e0 travers un rapprochement avec le circuit de l\u2019ANNEAU DU RHIN, pour d\u00e9marrer une nouvelle collaboration, \u00e0 partir de la saison 2022. Une collaboration pour la comp\u00e9tition, tout d\u2019abord, qui se concr\u00e9tisera les 1-3 juillet 2022 par l\u2019organisation de l\u2019ULTIMATE CUP, puis les 3-4 septembre 2022 avec l\u2019organisation de la Coupe de France PROMOSPORT FFM, pour laquelle la FFM a confirm\u00e9 notre club en tant que club organisateur. Une collaboration avec le circuit qui se d\u00e9veloppera encore, \u00e0 travers l\u2019organisation par notre club de journ\u00e9es et de soir\u00e9es de roulages, \u00e0 partir de 2022 \u00e9galement.<\/p>\n<p>En janvier 2023, suite \u00e0 l\u2019assembl\u00e9e g\u00e9n\u00e9rale, le nom de d\u00e9nomination change, il devient Moto Club de L\u2019Anneau du Rhin.<\/p>\n<\/div>\n","protected":false},"excerpt":{"rendered":"<p>Notre histoire Voici une petite pr\u00e9sentation de l\u2019histoire de notre Moto Club de BILTZHEIM, fond\u00e9 en 2003 par notre pr\u00e9sident fondateur\u00a0: R\u00e9gis JEANNEZ. Les fondateurs, ici en photo, habitaient le village de Biltzheim, et partageaient la passion de la moto, principalement \u00e0 travers des balades entre potes, sur les routes alsaciennes. Une fois par an, [&hellip;]<\/p>\n","protected":false},"author":2,"featured_media":0,"parent":0,"menu_order":0,"comment_status":"closed","ping_status":"closed","template":"","meta":[],"acf":[],"yoast_head":"<!-- This site is optimized with the Yoast SEO plugin v20.2 - https:\/\/yoast.com\/wordpress\/plugins\/seo\/ -->\n<title>Pr\u00e9sentation &mdash; Moto Club de Biltzheim<\/title>\n<meta name=\"description\" content=\"Notre histoire Voici une petite pr\u00e9sentation de l\u2019histoire de notre Moto Club de BILTZHEIM, fond\u00e9 en 2003 par notre pr\u00e9sident fondateur\u00a0: R\u00e9gis JEANNEZ.\" \/>\n<meta name=\"robots\" content=\"index, follow, max-snippet:-1, max-image-preview:large, max-video-preview:-1\" \/>\n<link rel=\"canonical\" href=\"https:\/\/www.anneau-du-rhin.com\/moto\/presentation\/\" \/>\n<meta property=\"og:locale\" content=\"fr_FR\" \/>\n<meta property=\"og:type\" content=\"article\" \/>\n<meta property=\"og:title\" content=\"Pr\u00e9sentation &mdash; Moto Club de Biltzheim\" \/>\n<meta property=\"og:description\" content=\"Notre histoire Voici une petite pr\u00e9sentation de l\u2019histoire de notre Moto Club de BILTZHEIM, fond\u00e9 en 2003 par notre pr\u00e9sident fondateur\u00a0: R\u00e9gis JEANNEZ.\" \/>\n<meta property=\"og:url\" content=\"https:\/\/www.anneau-du-rhin.com\/moto\/presentation\/\" \/>\n<meta property=\"og:site_name\" content=\"Moto Club de Biltzheim\" \/>\n<meta property=\"article:modified_time\" content=\"2023-01-04T17:04:26+00:00\" \/>\n<meta property=\"og:image\" content=\"https:\/\/www.anneau-du-rhin.com\/moto\/wp-content\/uploads\/2021\/12\/image.png\" \/>\n<meta name=\"twitter:card\" content=\"summary_large_image\" \/>\n<meta name=\"twitter:label1\" content=\"Dur\u00e9e de lecture estim\u00e9e\" \/>\n\t<meta name=\"twitter:data1\" content=\"3 minutes\" \/>\n<script type=\"application\/ld+json\" class=\"yoast-schema-graph\">{\"@context\":\"https:\/\/schema.org\",\"@graph\":[{\"@type\":\"WebPage\",\"@id\":\"https:\/\/www.anneau-du-rhin.com\/moto\/presentation\/\",\"url\":\"https:\/\/www.anneau-du-rhin.com\/moto\/presentation\/\",\"name\":\"Pr\u00e9sentation &mdash; Moto Club de Biltzheim\",\"isPartOf\":{\"@id\":\"https:\/\/www.anneau-du-rhin.com\/moto\/#website\"},\"datePublished\":\"2021-12-01T18:13:14+00:00\",\"dateModified\":\"2023-01-04T17:04:26+00:00\",\"description\":\"Notre histoire Voici une petite pr\u00e9sentation de l\u2019histoire de notre Moto Club de BILTZHEIM, fond\u00e9 en 2003 par notre pr\u00e9sident fondateur\u00a0: R\u00e9gis JEANNEZ.\",\"breadcrumb\":{\"@id\":\"https:\/\/www.anneau-du-rhin.com\/moto\/presentation\/#breadcrumb\"},\"inLanguage\":\"fr-FR\",\"potentialAction\":[{\"@type\":\"ReadAction\",\"target\":[\"https:\/\/www.anneau-du-rhin.com\/moto\/presentation\/\"]}]},{\"@type\":\"BreadcrumbList\",\"@id\":\"https:\/\/www.anneau-du-rhin.com\/moto\/presentation\/#breadcrumb\",\"itemListElement\":[{\"@type\":\"ListItem\",\"position\":1,\"name\":\"Accueil\",\"item\":\"https:\/\/www.anneau-du-rhin.com\/moto\/\"},{\"@type\":\"ListItem\",\"position\":2,\"name\":\"Pr\u00e9sentation\"}]},{\"@type\":\"WebSite\",\"@id\":\"https:\/\/www.anneau-du-rhin.com\/moto\/#website\",\"url\":\"https:\/\/www.anneau-du-rhin.com\/moto\/\",\"name\":\"Moto Club de Biltzheim\",\"description\":\"Moto Club de Biltzheim\",\"potentialAction\":[{\"@type\":\"SearchAction\",\"target\":{\"@type\":\"EntryPoint\",\"urlTemplate\":\"https:\/\/www.anneau-du-rhin.com\/moto\/?s={search_term_string}\"},\"query-input\":\"required name=search_term_string\"}],\"inLanguage\":\"fr-FR\"}]}<\/script>\n<!-- \/ Yoast SEO plugin. -->","yoast_head_json":{"title":"Pr\u00e9sentation &mdash; Moto Club de Biltzheim","description":"Notre histoire Voici une petite pr\u00e9sentation de l\u2019histoire de notre Moto Club de BILTZHEIM, fond\u00e9 en 2003 par notre pr\u00e9sident fondateur\u00a0: R\u00e9gis JEANNEZ.","robots":{"index":"index","follow":"follow","max-snippet":"max-snippet:-1","max-image-preview":"max-image-preview:large","max-video-preview":"max-video-preview:-1"},"canonical":"https:\/\/www.anneau-du-rhin.com\/moto\/presentation\/","og_locale":"fr_FR","og_type":"article","og_title":"Pr\u00e9sentation &mdash; Moto Club de Biltzheim","og_description":"Notre histoire Voici une petite pr\u00e9sentation de l\u2019histoire de notre Moto Club de BILTZHEIM, fond\u00e9 en 2003 par notre pr\u00e9sident fondateur\u00a0: R\u00e9gis JEANNEZ.","og_url":"https:\/\/www.anneau-du-rhin.com\/moto\/presentation\/","og_site_name":"Moto Club de Biltzheim","article_modified_time":"2023-01-04T17:04:26+00:00","og_image":[{"url":"https:\/\/www.anneau-du-rhin.com\/moto\/wp-content\/uploads\/2021\/12\/image.png"}],"twitter_card":"summary_large_image","twitter_misc":{"Dur\u00e9e de lecture estim\u00e9e":"3 minutes"},"schema":{"@context":"https:\/\/schema.org","@graph":[{"@type":"WebPage","@id":"https:\/\/www.anneau-du-rhin.com\/moto\/presentation\/","url":"https:\/\/www.anneau-du-rhin.com\/moto\/presentation\/","name":"Pr\u00e9sentation &mdash; Moto Club de Biltzheim","isPartOf":{"@id":"https:\/\/www.anneau-du-rhin.com\/moto\/#website"},"datePublished":"2021-12-01T18:13:14+00:00","dateModified":"2023-01-04T17:04:26+00:00","description":"Notre histoire Voici une petite pr\u00e9sentation de l\u2019histoire de notre Moto Club de BILTZHEIM, fond\u00e9 en 2003 par notre pr\u00e9sident fondateur\u00a0: R\u00e9gis JEANNEZ.","breadcrumb":{"@id":"https:\/\/www.anneau-du-rhin.com\/moto\/presentation\/#breadcrumb"},"inLanguage":"fr-FR","potentialAction":[{"@type":"ReadAction","target":["https:\/\/www.anneau-du-rhin.com\/moto\/presentation\/"]}]},{"@type":"BreadcrumbList","@id":"https:\/\/www.anneau-du-rhin.com\/moto\/presentation\/#breadcrumb","itemListElement":[{"@type":"ListItem","position":1,"name":"Accueil","item":"https:\/\/www.anneau-du-rhin.com\/moto\/"},{"@type":"ListItem","position":2,"name":"Pr\u00e9sentation"}]},{"@type":"WebSite","@id":"https:\/\/www.anneau-du-rhin.com\/moto\/#website","url":"https:\/\/www.anneau-du-rhin.com\/moto\/","name":"Moto Club de Biltzheim","description":"Moto Club de Biltzheim","potentialAction":[{"@type":"SearchAction","target":{"@type":"EntryPoint","urlTemplate":"https:\/\/www.anneau-du-rhin.com\/moto\/?s={search_term_string}"},"query-input":"required name=search_term_string"}],"inLanguage":"fr-FR"}]}},"_links":{"self":[{"href":"https:\/\/www.anneau-du-rhin.com\/moto\/wp-json\/wp\/v2\/pages\/122315"}],"collection":[{"href":"https:\/\/www.anneau-du-rhin.com\/moto\/wp-json\/wp\/v2\/pages"}],"about":[{"href":"https:\/\/www.anneau-du-rhin.com\/moto\/wp-json\/wp\/v2\/types\/page"}],"author":[{"embeddable":true,"href":"https:\/\/www.anneau-du-rhin.com\/moto\/wp-json\/wp\/v2\/users\/2"}],"replies":[{"embeddable":true,"href":"https:\/\/www.anneau-du-rhin.com\/moto\/wp-json\/wp\/v2\/comments?post=122315"}],"version-history":[{"count":3,"href":"https:\/\/www.anneau-du-rhin.com\/moto\/wp-json\/wp\/v2\/pages\/122315\/revisions"}],"predecessor-version":[{"id":124602,"href":"https:\/\/www.anneau-du-rhin.com\/moto\/wp-json\/wp\/v2\/pages\/122315\/revisions\/124602"}],"wp:attachment":[{"href":"https:\/\/www.anneau-du-rhin.com\/moto\/wp-json\/wp\/v2\/media?parent=122315"}],"curies":[{"name":"wp","href":"https:\/\/api.w.org\/{rel}","templated":true}]}}