{"id":15575,"date":"2019-09-14T11:22:45","date_gmt":"2019-09-14T09:22:45","guid":{"rendered":"https:\/\/www.anneau-du-rhin.com\/\/?page_id=15575"},"modified":"2021-10-26T15:47:51","modified_gmt":"2021-10-26T13:47:51","slug":"impressum","status":"publish","type":"page","link":"https:\/\/www.anneau-du-rhin.com\/moto\/de\/impressum\/","title":{"rendered":"Impressum"},"content":{"rendered":"<p>Le pr\u00e9sent site est la propri\u00e9t\u00e9 de la soci\u00e9t\u00e9 Anneau du Rhin SA. Il est \u00e9dit\u00e9 par la soci\u00e9t\u00e9 Anneau du Rhin SA.<br \/>\nIl est d\u00e9velopp\u00e9, h\u00e9berg\u00e9 et maintenu par la soci\u00e9t\u00e9 Symbioseo.<\/p>\n<p><strong>Anneau du Rhin<br \/>\n68127 BILTZHEIM<\/strong><\/p>\n<p>SA au capital de 4.700.000\u20ac<br \/>\nN\u00b0 TVA intracommunautaire : FR62403092182<br \/>\nSIRET : 403 092 182 000 27<br \/>\nRCS de Colmar B 403 092 182<br \/>\nN.A.F. (Code APE) : 9311Z<\/p>\n<p>Directeur de la publication : Fran\u00e7ois Rinaldi.<\/p>\n<p>Le pr\u00e9sent site a \u00e9t\u00e9 d\u00e9clar\u00e9 \u00e0 la Commission Nationale de l&#8217;Informatique et des Libert\u00e9s (CNIL) sous le num\u00e9ro 1540305.<\/p>\n","protected":false},"excerpt":{"rendered":"<p>Le pr\u00e9sent site est la propri\u00e9t\u00e9 de la soci\u00e9t\u00e9 Anneau du Rhin SA. Il est \u00e9dit\u00e9 par la soci\u00e9t\u00e9 Anneau du Rhin SA. Il est d\u00e9velopp\u00e9, h\u00e9berg\u00e9 et maintenu par la soci\u00e9t\u00e9 Symbioseo. Anneau du Rhin 68127 BILTZHEIM SA au capital de 4.700.000\u20ac N\u00b0 TVA intracommunautaire : FR62403092182 SIRET : 403 092 182 000 27 [&hellip;]<\/p>\n","protected":false},"author":1,"featured_media":0,"parent":0,"menu_order":0,"comment_status":"open","ping_status":"open","template":"","meta":[],"acf":[],"yoast_head":"<!-- This site is optimized with the Yoast SEO plugin v20.2 - https:\/\/yoast.com\/wordpress\/plugins\/seo\/ -->\n<title>Impressum &mdash; Rheinring | Rennstrecke im Elsass, Anneau du Rhin<\/title>\n<meta name=\"description\" content=\"Le pr\u00e9sent site est la propri\u00e9t\u00e9 de la soci\u00e9t\u00e9 Anneau du Rhin SA. Il est \u00e9dit\u00e9 par la soci\u00e9t\u00e9 Anneau du Rhin SA. Il est d\u00e9velopp\u00e9, h\u00e9berg\u00e9 et maintenu par\" \/>\n<meta name=\"robots\" content=\"index, follow, max-snippet:-1, max-image-preview:large, max-video-preview:-1\" \/>\n<link rel=\"canonical\" href=\"https:\/\/www.anneau-du-rhin.com\/moto\/de\/impressum\/\" \/>\n<meta property=\"og:locale\" content=\"de_DE\" \/>\n<meta property=\"og:type\" content=\"article\" \/>\n<meta property=\"og:title\" content=\"Impressum &mdash; Rheinring | Rennstrecke im Elsass, Anneau du Rhin\" \/>\n<meta property=\"og:description\" content=\"Le pr\u00e9sent site est la propri\u00e9t\u00e9 de la soci\u00e9t\u00e9 Anneau du Rhin SA. Il est \u00e9dit\u00e9 par la soci\u00e9t\u00e9 Anneau du Rhin SA. Il est d\u00e9velopp\u00e9, h\u00e9berg\u00e9 et maintenu par\" \/>\n<meta property=\"og:url\" content=\"https:\/\/www.anneau-du-rhin.com\/moto\/de\/impressum\/\" \/>\n<meta property=\"og:site_name\" content=\"Rheinring | Rennstrecke im Elsass, Anneau du Rhin\" \/>\n<meta property=\"article:modified_time\" content=\"2021-10-26T13:47:51+00:00\" \/>\n<meta name=\"twitter:card\" content=\"summary_large_image\" \/>\n<script type=\"application\/ld+json\" class=\"yoast-schema-graph\">{\"@context\":\"https:\/\/schema.org\",\"@graph\":[{\"@type\":\"WebPage\",\"@id\":\"https:\/\/www.anneau-du-rhin.com\/moto\/de\/impressum\/\",\"url\":\"https:\/\/www.anneau-du-rhin.com\/moto\/de\/impressum\/\",\"name\":\"Impressum &mdash; Rheinring | Rennstrecke im Elsass, Anneau du Rhin\",\"isPartOf\":{\"@id\":\"https:\/\/www.anneau-du-rhin.com\/moto\/#website\"},\"datePublished\":\"2019-09-14T09:22:45+00:00\",\"dateModified\":\"2021-10-26T13:47:51+00:00\",\"description\":\"Le pr\u00e9sent site est la propri\u00e9t\u00e9 de la soci\u00e9t\u00e9 Anneau du Rhin SA. Il est \u00e9dit\u00e9 par la soci\u00e9t\u00e9 Anneau du Rhin SA. Il est d\u00e9velopp\u00e9, h\u00e9berg\u00e9 et maintenu par\",\"breadcrumb\":{\"@id\":\"https:\/\/www.anneau-du-rhin.com\/moto\/de\/impressum\/#breadcrumb\"},\"inLanguage\":\"de\",\"potentialAction\":[{\"@type\":\"ReadAction\",\"target\":[\"https:\/\/www.anneau-du-rhin.com\/moto\/de\/impressum\/\"]}]},{\"@type\":\"BreadcrumbList\",\"@id\":\"https:\/\/www.anneau-du-rhin.com\/moto\/de\/impressum\/#breadcrumb\",\"itemListElement\":[{\"@type\":\"ListItem\",\"position\":1,\"name\":\"Accueil\",\"item\":\"https:\/\/www.anneau-du-rhin.com\/moto\/\"},{\"@type\":\"ListItem\",\"position\":2,\"name\":\"Impressum\"}]},{\"@type\":\"WebSite\",\"@id\":\"https:\/\/www.anneau-du-rhin.com\/moto\/#website\",\"url\":\"https:\/\/www.anneau-du-rhin.com\/moto\/\",\"name\":\"Rheinring | Rennstrecke im Elsass, Anneau du Rhin\",\"description\":\"Rennstrecke\",\"potentialAction\":[{\"@type\":\"SearchAction\",\"target\":{\"@type\":\"EntryPoint\",\"urlTemplate\":\"https:\/\/www.anneau-du-rhin.com\/moto\/?s={search_term_string}\"},\"query-input\":\"required name=search_term_string\"}],\"inLanguage\":\"de\"}]}<\/script>\n<!-- \/ Yoast SEO plugin. -->","yoast_head_json":{"title":"Impressum &mdash; Rheinring | Rennstrecke im Elsass, Anneau du Rhin","description":"Le pr\u00e9sent site est la propri\u00e9t\u00e9 de la soci\u00e9t\u00e9 Anneau du Rhin SA. Il est \u00e9dit\u00e9 par la soci\u00e9t\u00e9 Anneau du Rhin SA. Il est d\u00e9velopp\u00e9, h\u00e9berg\u00e9 et maintenu par","robots":{"index":"index","follow":"follow","max-snippet":"max-snippet:-1","max-image-preview":"max-image-preview:large","max-video-preview":"max-video-preview:-1"},"canonical":"https:\/\/www.anneau-du-rhin.com\/moto\/de\/impressum\/","og_locale":"de_DE","og_type":"article","og_title":"Impressum &mdash; Rheinring | Rennstrecke im Elsass, Anneau du Rhin","og_description":"Le pr\u00e9sent site est la propri\u00e9t\u00e9 de la soci\u00e9t\u00e9 Anneau du Rhin SA. Il est \u00e9dit\u00e9 par la soci\u00e9t\u00e9 Anneau du Rhin SA. Il est d\u00e9velopp\u00e9, h\u00e9berg\u00e9 et maintenu par","og_url":"https:\/\/www.anneau-du-rhin.com\/moto\/de\/impressum\/","og_site_name":"Rheinring | Rennstrecke im Elsass, Anneau du Rhin","article_modified_time":"2021-10-26T13:47:51+00:00","twitter_card":"summary_large_image","schema":{"@context":"https:\/\/schema.org","@graph":[{"@type":"WebPage","@id":"https:\/\/www.anneau-du-rhin.com\/moto\/de\/impressum\/","url":"https:\/\/www.anneau-du-rhin.com\/moto\/de\/impressum\/","name":"Impressum &mdash; Rheinring | Rennstrecke im Elsass, Anneau du Rhin","isPartOf":{"@id":"https:\/\/www.anneau-du-rhin.com\/moto\/#website"},"datePublished":"2019-09-14T09:22:45+00:00","dateModified":"2021-10-26T13:47:51+00:00","description":"Le pr\u00e9sent site est la propri\u00e9t\u00e9 de la soci\u00e9t\u00e9 Anneau du Rhin SA. Il est \u00e9dit\u00e9 par la soci\u00e9t\u00e9 Anneau du Rhin SA. Il est d\u00e9velopp\u00e9, h\u00e9berg\u00e9 et maintenu par","breadcrumb":{"@id":"https:\/\/www.anneau-du-rhin.com\/moto\/de\/impressum\/#breadcrumb"},"inLanguage":"de","potentialAction":[{"@type":"ReadAction","target":["https:\/\/www.anneau-du-rhin.com\/moto\/de\/impressum\/"]}]},{"@type":"BreadcrumbList","@id":"https:\/\/www.anneau-du-rhin.com\/moto\/de\/impressum\/#breadcrumb","itemListElement":[{"@type":"ListItem","position":1,"name":"Accueil","item":"https:\/\/www.anneau-du-rhin.com\/moto\/"},{"@type":"ListItem","position":2,"name":"Impressum"}]},{"@type":"WebSite","@id":"https:\/\/www.anneau-du-rhin.com\/moto\/#website","url":"https:\/\/www.anneau-du-rhin.com\/moto\/","name":"Rheinring | Rennstrecke im Elsass, Anneau du Rhin","description":"Rennstrecke","potentialAction":[{"@type":"SearchAction","target":{"@type":"EntryPoint","urlTemplate":"https:\/\/www.anneau-du-rhin.com\/moto\/?s={search_term_string}"},"query-input":"required name=search_term_string"}],"inLanguage":"de"}]}},"_links":{"self":[{"href":"https:\/\/www.anneau-du-rhin.com\/moto\/de\/wp-json\/wp\/v2\/pages\/15575"}],"collection":[{"href":"https:\/\/www.anneau-du-rhin.com\/moto\/de\/wp-json\/wp\/v2\/pages"}],"about":[{"href":"https:\/\/www.anneau-du-rhin.com\/moto\/de\/wp-json\/wp\/v2\/types\/page"}],"author":[{"embeddable":true,"href":"https:\/\/www.anneau-du-rhin.com\/moto\/de\/wp-json\/wp\/v2\/users\/1"}],"replies":[{"embeddable":true,"href":"https:\/\/www.anneau-du-rhin.com\/moto\/de\/wp-json\/wp\/v2\/comments?post=15575"}],"version-history":[{"count":0,"href":"https:\/\/www.anneau-du-rhin.com\/moto\/de\/wp-json\/wp\/v2\/pages\/15575\/revisions"}],"wp:attachment":[{"href":"https:\/\/www.anneau-du-rhin.com\/moto\/de\/wp-json\/wp\/v2\/media?parent=15575"}],"curies":[{"name":"wp","href":"https:\/\/api.w.org\/{rel}","templated":true}]}}