{"id":15547,"date":"2019-09-12T17:45:49","date_gmt":"2019-09-12T15:45:49","guid":{"rendered":"https:\/\/www.anneau-du-rhin.com\/\/?page_id=15547"},"modified":"2021-07-04T10:51:22","modified_gmt":"2021-07-04T08:51:22","slug":"kontakt","status":"publish","type":"page","link":"https:\/\/www.anneau-du-rhin.com\/moto\/de\/kontakt\/","title":{"rendered":"Kontakt"},"content":{"rendered":"<p><strong>ANNEAU DU RHIN<\/strong><br \/>\n<strong> F &#8211; 68127 BILTZHEIM<\/strong><\/p>\n<h4>Trainings und Schulungen f\u00fcr Privatpersonen:<\/h4>\n<p><img decoding=\"async\" loading=\"lazy\" class=\"alignnone wp-image-119113\" src=\"https:\/\/www.rheinring.com\/wp-content\/uploads\/\/2020\/12\/t\u00e9l\u00e9chargement-6.jpg\" alt=\"\" width=\"42\" height=\"34\" \/>Mail : stages@anneau-du-rhin.com<\/p>\n<p><img decoding=\"async\" loading=\"lazy\" class=\"alignnone wp-image-119116\" src=\"https:\/\/www.rheinring.com\/wp-content\/uploads\/\/2020\/12\/8145bd48b6b0593d01d69d499d2a1f8f-300x300.png\" alt=\"\" width=\"41\" height=\"36\" \/>T\u00e9l : 00.33.(0)3.89.49.99.00.<\/p>\n<p>Dienstag bis Freitag: 14h bis 17h30<\/p>\n<p>&nbsp;<\/p>\n<h4>Trainings und Schulungen f\u00fcr Firmen und Vereine:<\/h4>\n<p><img decoding=\"async\" loading=\"lazy\" class=\"alignnone wp-image-119113\" src=\"https:\/\/www.rheinring.com\/wp-content\/uploads\/\/2020\/12\/t\u00e9l\u00e9chargement-6.jpg\" alt=\"\" width=\"42\" height=\"34\" \/>Mail : event@anneau-du-rhin.com<\/p>\n<p><img decoding=\"async\" loading=\"lazy\" class=\"alignnone wp-image-119116\" src=\"https:\/\/www.rheinring.com\/wp-content\/uploads\/\/2020\/12\/8145bd48b6b0593d01d69d499d2a1f8f-300x300.png\" alt=\"\" width=\"41\" height=\"36\" \/>T\u00e9l : 00.33.(0)3.89.49.99.04.<\/p>\n<p>Dienstag bis Freitag: 9h bis 12h und 14h bis 17h<\/p>\n<p>&nbsp;<\/p>\n<h4>Exklusiv-Buchung der Rennstrecke und Club de l&#8217;Anneau du Rhin:<\/h4>\n<p><img decoding=\"async\" loading=\"lazy\" class=\"alignnone wp-image-119113\" src=\"https:\/\/www.rheinring.com\/wp-content\/uploads\/\/2020\/12\/t\u00e9l\u00e9chargement-6.jpg\" alt=\"\" width=\"42\" height=\"34\" \/>Mail : info@anneau-du-rhin.com<\/p>\n<p><img decoding=\"async\" loading=\"lazy\" class=\"alignnone wp-image-119116\" src=\"https:\/\/www.rheinring.com\/wp-content\/uploads\/\/2020\/12\/8145bd48b6b0593d01d69d499d2a1f8f-300x300.png\" alt=\"\" width=\"41\" height=\"36\" \/>T\u00e9l : 00.33.(0)3.89.49.99.04.<\/p>\n<p>Montag bis Donnerstag: 8h bis 13h und 14h \u00e0 17h (Freitag 8h bis 12h)<\/p>\n","protected":false},"excerpt":{"rendered":"<p>ANNEAU DU RHIN F &#8211; 68127 BILTZHEIM Trainings und Schulungen f\u00fcr Privatpersonen: Mail : stages@anneau-du-rhin.com T\u00e9l : 00.33.(0)3.89.49.99.00. Dienstag bis Freitag: 14h bis 17h30 &nbsp; Trainings und Schulungen f\u00fcr Firmen und Vereine: Mail : event@anneau-du-rhin.com T\u00e9l : 00.33.(0)3.89.49.99.04. Dienstag bis Freitag: 9h bis 12h und 14h bis 17h &nbsp; Exklusiv-Buchung der Rennstrecke und Club de [&hellip;]<\/p>\n","protected":false},"author":1,"featured_media":0,"parent":0,"menu_order":0,"comment_status":"open","ping_status":"open","template":"","meta":[],"acf":[],"yoast_head":"<!-- This site is optimized with the Yoast SEO plugin v20.2 - https:\/\/yoast.com\/wordpress\/plugins\/seo\/ -->\n<title>Kontakt &mdash; Rheinring | Rennstrecke im Elsass, Anneau du Rhin<\/title>\n<meta name=\"description\" content=\"ANNEAU DU RHIN F - 68127 BILTZHEIM Trainings und Schulungen f\u00fcr Privatpersonen: Mail : stages@anneau-du-rhin.com T\u00e9l : 00.33.(0)3.89.49.99.00. Dienstag\" \/>\n<meta name=\"robots\" content=\"index, follow, max-snippet:-1, max-image-preview:large, max-video-preview:-1\" \/>\n<link rel=\"canonical\" href=\"https:\/\/www.anneau-du-rhin.com\/moto\/de\/kontakt\/\" \/>\n<meta property=\"og:locale\" content=\"de_DE\" \/>\n<meta property=\"og:type\" content=\"article\" \/>\n<meta property=\"og:title\" content=\"Kontakt &mdash; Rheinring | Rennstrecke im Elsass, Anneau du Rhin\" \/>\n<meta property=\"og:description\" content=\"ANNEAU DU RHIN F - 68127 BILTZHEIM Trainings und Schulungen f\u00fcr Privatpersonen: Mail : stages@anneau-du-rhin.com T\u00e9l : 00.33.(0)3.89.49.99.00. Dienstag\" \/>\n<meta property=\"og:url\" content=\"https:\/\/www.anneau-du-rhin.com\/moto\/de\/kontakt\/\" \/>\n<meta property=\"og:site_name\" content=\"Rheinring | Rennstrecke im Elsass, Anneau du Rhin\" \/>\n<meta property=\"article:modified_time\" content=\"2021-07-04T08:51:22+00:00\" \/>\n<meta property=\"og:image\" content=\"https:\/\/www.rheinring.com\/wp-content\/uploads\/\/2020\/12\/8145bd48b6b0593d01d69d499d2a1f8f-300x300.png\" \/>\n<meta name=\"twitter:card\" content=\"summary_large_image\" \/>\n<script type=\"application\/ld+json\" class=\"yoast-schema-graph\">{\"@context\":\"https:\/\/schema.org\",\"@graph\":[{\"@type\":\"WebPage\",\"@id\":\"https:\/\/www.anneau-du-rhin.com\/moto\/de\/kontakt\/\",\"url\":\"https:\/\/www.anneau-du-rhin.com\/moto\/de\/kontakt\/\",\"name\":\"Kontakt &mdash; Rheinring | Rennstrecke im Elsass, Anneau du Rhin\",\"isPartOf\":{\"@id\":\"https:\/\/www.anneau-du-rhin.com\/moto\/#website\"},\"datePublished\":\"2019-09-12T15:45:49+00:00\",\"dateModified\":\"2021-07-04T08:51:22+00:00\",\"description\":\"ANNEAU DU RHIN F - 68127 BILTZHEIM Trainings und Schulungen f\u00fcr Privatpersonen: Mail : stages@anneau-du-rhin.com T\u00e9l : 00.33.(0)3.89.49.99.00. Dienstag\",\"breadcrumb\":{\"@id\":\"https:\/\/www.anneau-du-rhin.com\/moto\/de\/kontakt\/#breadcrumb\"},\"inLanguage\":\"de\",\"potentialAction\":[{\"@type\":\"ReadAction\",\"target\":[\"https:\/\/www.anneau-du-rhin.com\/moto\/de\/kontakt\/\"]}]},{\"@type\":\"BreadcrumbList\",\"@id\":\"https:\/\/www.anneau-du-rhin.com\/moto\/de\/kontakt\/#breadcrumb\",\"itemListElement\":[{\"@type\":\"ListItem\",\"position\":1,\"name\":\"Accueil\",\"item\":\"https:\/\/www.anneau-du-rhin.com\/moto\/\"},{\"@type\":\"ListItem\",\"position\":2,\"name\":\"Kontakt\"}]},{\"@type\":\"WebSite\",\"@id\":\"https:\/\/www.anneau-du-rhin.com\/moto\/#website\",\"url\":\"https:\/\/www.anneau-du-rhin.com\/moto\/\",\"name\":\"Rheinring | Rennstrecke im Elsass, Anneau du Rhin\",\"description\":\"Rennstrecke\",\"potentialAction\":[{\"@type\":\"SearchAction\",\"target\":{\"@type\":\"EntryPoint\",\"urlTemplate\":\"https:\/\/www.anneau-du-rhin.com\/moto\/?s={search_term_string}\"},\"query-input\":\"required name=search_term_string\"}],\"inLanguage\":\"de\"}]}<\/script>\n<!-- \/ Yoast SEO plugin. -->","yoast_head_json":{"title":"Kontakt &mdash; Rheinring | Rennstrecke im Elsass, Anneau du Rhin","description":"ANNEAU DU RHIN F - 68127 BILTZHEIM Trainings und Schulungen f\u00fcr Privatpersonen: Mail : stages@anneau-du-rhin.com T\u00e9l : 00.33.(0)3.89.49.99.00. Dienstag","robots":{"index":"index","follow":"follow","max-snippet":"max-snippet:-1","max-image-preview":"max-image-preview:large","max-video-preview":"max-video-preview:-1"},"canonical":"https:\/\/www.anneau-du-rhin.com\/moto\/de\/kontakt\/","og_locale":"de_DE","og_type":"article","og_title":"Kontakt &mdash; Rheinring | Rennstrecke im Elsass, Anneau du Rhin","og_description":"ANNEAU DU RHIN F - 68127 BILTZHEIM Trainings und Schulungen f\u00fcr Privatpersonen: Mail : stages@anneau-du-rhin.com T\u00e9l : 00.33.(0)3.89.49.99.00. Dienstag","og_url":"https:\/\/www.anneau-du-rhin.com\/moto\/de\/kontakt\/","og_site_name":"Rheinring | Rennstrecke im Elsass, Anneau du Rhin","article_modified_time":"2021-07-04T08:51:22+00:00","og_image":[{"url":"https:\/\/www.rheinring.com\/wp-content\/uploads\/\/2020\/12\/8145bd48b6b0593d01d69d499d2a1f8f-300x300.png"}],"twitter_card":"summary_large_image","schema":{"@context":"https:\/\/schema.org","@graph":[{"@type":"WebPage","@id":"https:\/\/www.anneau-du-rhin.com\/moto\/de\/kontakt\/","url":"https:\/\/www.anneau-du-rhin.com\/moto\/de\/kontakt\/","name":"Kontakt &mdash; Rheinring | Rennstrecke im Elsass, Anneau du Rhin","isPartOf":{"@id":"https:\/\/www.anneau-du-rhin.com\/moto\/#website"},"datePublished":"2019-09-12T15:45:49+00:00","dateModified":"2021-07-04T08:51:22+00:00","description":"ANNEAU DU RHIN F - 68127 BILTZHEIM Trainings und Schulungen f\u00fcr Privatpersonen: Mail : stages@anneau-du-rhin.com T\u00e9l : 00.33.(0)3.89.49.99.00. Dienstag","breadcrumb":{"@id":"https:\/\/www.anneau-du-rhin.com\/moto\/de\/kontakt\/#breadcrumb"},"inLanguage":"de","potentialAction":[{"@type":"ReadAction","target":["https:\/\/www.anneau-du-rhin.com\/moto\/de\/kontakt\/"]}]},{"@type":"BreadcrumbList","@id":"https:\/\/www.anneau-du-rhin.com\/moto\/de\/kontakt\/#breadcrumb","itemListElement":[{"@type":"ListItem","position":1,"name":"Accueil","item":"https:\/\/www.anneau-du-rhin.com\/moto\/"},{"@type":"ListItem","position":2,"name":"Kontakt"}]},{"@type":"WebSite","@id":"https:\/\/www.anneau-du-rhin.com\/moto\/#website","url":"https:\/\/www.anneau-du-rhin.com\/moto\/","name":"Rheinring | Rennstrecke im Elsass, Anneau du Rhin","description":"Rennstrecke","potentialAction":[{"@type":"SearchAction","target":{"@type":"EntryPoint","urlTemplate":"https:\/\/www.anneau-du-rhin.com\/moto\/?s={search_term_string}"},"query-input":"required name=search_term_string"}],"inLanguage":"de"}]}},"_links":{"self":[{"href":"https:\/\/www.anneau-du-rhin.com\/moto\/de\/wp-json\/wp\/v2\/pages\/15547"}],"collection":[{"href":"https:\/\/www.anneau-du-rhin.com\/moto\/de\/wp-json\/wp\/v2\/pages"}],"about":[{"href":"https:\/\/www.anneau-du-rhin.com\/moto\/de\/wp-json\/wp\/v2\/types\/page"}],"author":[{"embeddable":true,"href":"https:\/\/www.anneau-du-rhin.com\/moto\/de\/wp-json\/wp\/v2\/users\/1"}],"replies":[{"embeddable":true,"href":"https:\/\/www.anneau-du-rhin.com\/moto\/de\/wp-json\/wp\/v2\/comments?post=15547"}],"version-history":[{"count":0,"href":"https:\/\/www.anneau-du-rhin.com\/moto\/de\/wp-json\/wp\/v2\/pages\/15547\/revisions"}],"wp:attachment":[{"href":"https:\/\/www.anneau-du-rhin.com\/moto\/de\/wp-json\/wp\/v2\/media?parent=15547"}],"curies":[{"name":"wp","href":"https:\/\/api.w.org\/{rel}","templated":true}]}}