{"id":115227,"date":"2019-09-23T10:03:53","date_gmt":"2019-09-23T08:03:53","guid":{"rendered":"https:\/\/www.anneau-du-rhin.com\/?page_id=115227"},"modified":"2019-09-23T10:03:53","modified_gmt":"2019-09-23T08:03:53","slug":"datenschutzerklaerung","status":"publish","type":"page","link":"https:\/\/www.anneau-du-rhin.com\/moto\/de\/datenschutzerklaerung\/","title":{"rendered":"Datenschutzerkl\u00e4rung"},"content":{"rendered":"<p>Verwendung der erhobenen personenbezogenen Daten<br \/>\nKommentare<br \/>\nWenn Sie einen Kommentar auf unserer Website hinterlassen, werden die im Kommentarformular eingegebenen Daten, aber auch Ihre IP-Adresse und der Benutzeragent Ihres Browsers erfasst, um unerw\u00fcnschte Kommentare zu erkennen.<\/p>\n<p>Ein anonymisierter Kanal, der aus Ihrer E-Mail-Adresse erstellt wurde (auch als Hash bezeichnet), kann an den Gravatar-Dienst gesendet werden, um zu \u00fcberpr\u00fcfen, ob Sie den Gravatar-Dienst verwenden. Die Datenschutzbestimmungen des Gravatar-Dienstes finden Sie hier: https:\/\/automattic.com\/privacy\/. Nach der Best\u00e4tigung Ihres Kommentars wird Ihr Profilbild \u00f6ffentlich neben Ihrem Kommentar angezeigt.<\/p>\n<p>Medien<br \/>\nWenn Sie ein registrierter Benutzer sind und Bilder auf die Website hochladen, raten wir Ihnen, Bilder mit EXIF-GPS-Koordinaten nicht hochzuladen. Besucher Ihrer Website k\u00f6nnen Standortdaten von diesen Bildern herunterladen und extrahieren.<\/p>\n<p>Kontaktformulare<br \/>\nKekse<br \/>\nWenn Sie einen Kommentar zu unserer Website abgeben, werden Sie aufgefordert, Ihren Namen, Ihre E-Mail-Adresse und Ihre Website in Cookies zu speichern. Es ist nur zu Ihrer Bequemlichkeit, sodass Sie diese Informationen nicht eingeben m\u00fcssen, wenn Sie sp\u00e4ter einen weiteren Kommentar ver\u00f6ffentlichen. Diese Cookies verfallen nach einem Jahr.<\/p>\n<p>Wenn Sie zur Anmeldeseite gehen, wird ein tempor\u00e4res Cookie erstellt, um festzustellen, ob Ihr Browser Cookies akzeptiert. Es enth\u00e4lt keine pers\u00f6nlichen Daten und wird automatisch gel\u00f6scht, wenn Sie Ihren Browser schlie\u00dfen.<\/p>\n<p>Wenn Sie sich anmelden, richten wir eine Reihe von Cookies ein, um Ihre Anmeldeinformationen und Bildschirmeinstellungen zu speichern. Die Lebensdauer eines Anmelde-Cookies betr\u00e4gt zwei Tage, die eines Bildschirmoptions-Cookies ein Jahr. Wenn Sie &#8220;Erinnere dich an mich&#8221; aktivieren, wird Ihr Cookie zwei Wochen lang aufbewahrt. Wenn Sie sich von Ihrem Konto abmelden, wird das Anmelde-Cookie gel\u00f6scht.<\/p>\n<p>Durch \u00c4ndern oder Ver\u00f6ffentlichen einer Ver\u00f6ffentlichung wird ein zus\u00e4tzliches Cookie in Ihrem Browser gespeichert. Dieser Cookie enth\u00e4lt keine personenbezogenen Daten. Es gibt lediglich die ID der Ver\u00f6ffentlichung an, die Sie gerade bearbeitet haben. Es l\u00e4uft nach einem Tag ab.<\/p>\n<p>Eingebettete Inhalte von anderen Websites<br \/>\nArtikel auf dieser Website k\u00f6nnen eingebettete Inhalte enthalten (z. B. Videos, Bilder, Artikel &#8230;). Inhalte, die von anderen Websites eingebettet wurden, verhalten sich genauso, als ob der Besucher diese andere Website besucht h\u00e4tte.<\/p>\n<p>Diese Websites k\u00f6nnen Daten \u00fcber Sie sammeln, Cookies verwenden, Tracking-Tools von Drittanbietern einbetten und Ihre Interaktionen mit diesen eingebetteten Inhalten nachverfolgen, wenn Sie \u00fcber ein Konto verf\u00fcgen, das mit deren Website verbunden ist.<\/p>\n<p>Statistiken und Publikumsmessungen<br \/>\nVerwendung und Weitergabe Ihrer personenbezogenen Daten<br \/>\nSpeicherzeiten Ihrer Daten<br \/>\nWenn Sie einen Kommentar hinterlassen, werden der Kommentar und seine Metadaten auf unbestimmte Zeit gespeichert. Dadurch werden die folgenden Kommentare automatisch erkannt und genehmigt, anstatt sie in der Moderationswarteschlange zu belassen.<\/p>\n<p>F\u00fcr Benutzer, die sich auf unserer Website registrieren (sofern dies m\u00f6glich ist), speichern wir auch die in ihrem Profil angegebenen personenbezogenen Daten. Alle Benutzer k\u00f6nnen ihre pers\u00f6nlichen Informationen jederzeit anzeigen, \u00e4ndern oder l\u00f6schen (mit Ausnahme ihres Benutzernamens). Site-Manager k\u00f6nnen diese Informationen auch anzeigen und bearbeiten.<\/p>\n<p>Die Rechte, die Sie an Ihren Daten haben<br \/>\nWenn Sie ein Konto haben oder Kommentare auf der Website hinterlassen haben, k\u00f6nnen Sie eine Datei anfordern, die alle personenbezogenen Daten enth\u00e4lt, die wir \u00fcber Sie haben, einschlie\u00dflich der von Ihnen angegebenen. Sie k\u00f6nnen auch die L\u00f6schung Ihrer pers\u00f6nlichen Daten verlangen. Hierbei werden die aus administrativen, rechtlichen oder Sicherheitsgr\u00fcnden gespeicherten Daten nicht ber\u00fccksichtigt.<\/p>\n<p>\u00dcbermittlung Ihrer pers\u00f6nlichen Daten<br \/>\nBesucherkommentare k\u00f6nnen mithilfe eines automatisierten Spam-Erkennungsdienstes \u00fcberpr\u00fcft werden.<\/p>\n","protected":false},"excerpt":{"rendered":"<p>Verwendung der erhobenen personenbezogenen Daten Kommentare Wenn Sie einen Kommentar auf unserer Website hinterlassen, werden die im Kommentarformular eingegebenen Daten, aber auch Ihre IP-Adresse und der Benutzeragent Ihres Browsers erfasst, um unerw\u00fcnschte Kommentare zu erkennen. Ein anonymisierter Kanal, der aus Ihrer E-Mail-Adresse erstellt wurde (auch als Hash bezeichnet), kann an den Gravatar-Dienst gesendet werden, um [&hellip;]<\/p>\n","protected":false},"author":1,"featured_media":0,"parent":0,"menu_order":0,"comment_status":"closed","ping_status":"open","template":"","meta":[],"acf":[],"yoast_head":"<!-- This site is optimized with the Yoast SEO plugin v20.2 - https:\/\/yoast.com\/wordpress\/plugins\/seo\/ -->\n<title>Datenschutzerkl\u00e4rung &mdash; Rheinring | Rennstrecke im Elsass, Anneau du Rhin<\/title>\n<meta name=\"description\" content=\"Verwendung der erhobenen personenbezogenen Daten Kommentare Wenn Sie einen Kommentar auf unserer Website hinterlassen, werden die im Kommentarformular\" \/>\n<meta name=\"robots\" content=\"index, follow, max-snippet:-1, max-image-preview:large, max-video-preview:-1\" \/>\n<link rel=\"canonical\" href=\"https:\/\/www.anneau-du-rhin.com\/moto\/de\/datenschutzerklaerung\/\" \/>\n<meta property=\"og:locale\" content=\"de_DE\" \/>\n<meta property=\"og:type\" content=\"article\" \/>\n<meta property=\"og:title\" content=\"Datenschutzerkl\u00e4rung &mdash; Rheinring | Rennstrecke im Elsass, Anneau du Rhin\" \/>\n<meta property=\"og:description\" content=\"Verwendung der erhobenen personenbezogenen Daten Kommentare Wenn Sie einen Kommentar auf unserer Website hinterlassen, werden die im Kommentarformular\" \/>\n<meta property=\"og:url\" content=\"https:\/\/www.anneau-du-rhin.com\/moto\/de\/datenschutzerklaerung\/\" \/>\n<meta property=\"og:site_name\" content=\"Rheinring | Rennstrecke im Elsass, Anneau du Rhin\" \/>\n<meta name=\"twitter:card\" content=\"summary_large_image\" \/>\n<meta name=\"twitter:label1\" content=\"Gesch\u00e4tzte Lesezeit\" \/>\n\t<meta name=\"twitter:data1\" content=\"3\u00a0Minuten\" \/>\n<script type=\"application\/ld+json\" class=\"yoast-schema-graph\">{\"@context\":\"https:\/\/schema.org\",\"@graph\":[{\"@type\":\"WebPage\",\"@id\":\"https:\/\/www.anneau-du-rhin.com\/moto\/de\/datenschutzerklaerung\/\",\"url\":\"https:\/\/www.anneau-du-rhin.com\/moto\/de\/datenschutzerklaerung\/\",\"name\":\"Datenschutzerkl\u00e4rung &mdash; Rheinring | Rennstrecke im Elsass, Anneau du Rhin\",\"isPartOf\":{\"@id\":\"https:\/\/www.anneau-du-rhin.com\/moto\/#website\"},\"datePublished\":\"2019-09-23T08:03:53+00:00\",\"dateModified\":\"2019-09-23T08:03:53+00:00\",\"description\":\"Verwendung der erhobenen personenbezogenen Daten Kommentare Wenn Sie einen Kommentar auf unserer Website hinterlassen, werden die im Kommentarformular\",\"breadcrumb\":{\"@id\":\"https:\/\/www.anneau-du-rhin.com\/moto\/de\/datenschutzerklaerung\/#breadcrumb\"},\"inLanguage\":\"de\",\"potentialAction\":[{\"@type\":\"ReadAction\",\"target\":[\"https:\/\/www.anneau-du-rhin.com\/moto\/de\/datenschutzerklaerung\/\"]}]},{\"@type\":\"BreadcrumbList\",\"@id\":\"https:\/\/www.anneau-du-rhin.com\/moto\/de\/datenschutzerklaerung\/#breadcrumb\",\"itemListElement\":[{\"@type\":\"ListItem\",\"position\":1,\"name\":\"Accueil\",\"item\":\"https:\/\/www.anneau-du-rhin.com\/moto\/\"},{\"@type\":\"ListItem\",\"position\":2,\"name\":\"Datenschutzerkl\u00e4rung\"}]},{\"@type\":\"WebSite\",\"@id\":\"https:\/\/www.anneau-du-rhin.com\/moto\/#website\",\"url\":\"https:\/\/www.anneau-du-rhin.com\/moto\/\",\"name\":\"Rheinring | Rennstrecke im Elsass, Anneau du Rhin\",\"description\":\"Rennstrecke\",\"potentialAction\":[{\"@type\":\"SearchAction\",\"target\":{\"@type\":\"EntryPoint\",\"urlTemplate\":\"https:\/\/www.anneau-du-rhin.com\/moto\/?s={search_term_string}\"},\"query-input\":\"required name=search_term_string\"}],\"inLanguage\":\"de\"}]}<\/script>\n<!-- \/ Yoast SEO plugin. -->","yoast_head_json":{"title":"Datenschutzerkl\u00e4rung &mdash; Rheinring | Rennstrecke im Elsass, Anneau du Rhin","description":"Verwendung der erhobenen personenbezogenen Daten Kommentare Wenn Sie einen Kommentar auf unserer Website hinterlassen, werden die im Kommentarformular","robots":{"index":"index","follow":"follow","max-snippet":"max-snippet:-1","max-image-preview":"max-image-preview:large","max-video-preview":"max-video-preview:-1"},"canonical":"https:\/\/www.anneau-du-rhin.com\/moto\/de\/datenschutzerklaerung\/","og_locale":"de_DE","og_type":"article","og_title":"Datenschutzerkl\u00e4rung &mdash; Rheinring | Rennstrecke im Elsass, Anneau du Rhin","og_description":"Verwendung der erhobenen personenbezogenen Daten Kommentare Wenn Sie einen Kommentar auf unserer Website hinterlassen, werden die im Kommentarformular","og_url":"https:\/\/www.anneau-du-rhin.com\/moto\/de\/datenschutzerklaerung\/","og_site_name":"Rheinring | Rennstrecke im Elsass, Anneau du Rhin","twitter_card":"summary_large_image","twitter_misc":{"Gesch\u00e4tzte Lesezeit":"3\u00a0Minuten"},"schema":{"@context":"https:\/\/schema.org","@graph":[{"@type":"WebPage","@id":"https:\/\/www.anneau-du-rhin.com\/moto\/de\/datenschutzerklaerung\/","url":"https:\/\/www.anneau-du-rhin.com\/moto\/de\/datenschutzerklaerung\/","name":"Datenschutzerkl\u00e4rung &mdash; Rheinring | Rennstrecke im Elsass, Anneau du Rhin","isPartOf":{"@id":"https:\/\/www.anneau-du-rhin.com\/moto\/#website"},"datePublished":"2019-09-23T08:03:53+00:00","dateModified":"2019-09-23T08:03:53+00:00","description":"Verwendung der erhobenen personenbezogenen Daten Kommentare Wenn Sie einen Kommentar auf unserer Website hinterlassen, werden die im Kommentarformular","breadcrumb":{"@id":"https:\/\/www.anneau-du-rhin.com\/moto\/de\/datenschutzerklaerung\/#breadcrumb"},"inLanguage":"de","potentialAction":[{"@type":"ReadAction","target":["https:\/\/www.anneau-du-rhin.com\/moto\/de\/datenschutzerklaerung\/"]}]},{"@type":"BreadcrumbList","@id":"https:\/\/www.anneau-du-rhin.com\/moto\/de\/datenschutzerklaerung\/#breadcrumb","itemListElement":[{"@type":"ListItem","position":1,"name":"Accueil","item":"https:\/\/www.anneau-du-rhin.com\/moto\/"},{"@type":"ListItem","position":2,"name":"Datenschutzerkl\u00e4rung"}]},{"@type":"WebSite","@id":"https:\/\/www.anneau-du-rhin.com\/moto\/#website","url":"https:\/\/www.anneau-du-rhin.com\/moto\/","name":"Rheinring | Rennstrecke im Elsass, Anneau du Rhin","description":"Rennstrecke","potentialAction":[{"@type":"SearchAction","target":{"@type":"EntryPoint","urlTemplate":"https:\/\/www.anneau-du-rhin.com\/moto\/?s={search_term_string}"},"query-input":"required name=search_term_string"}],"inLanguage":"de"}]}},"_links":{"self":[{"href":"https:\/\/www.anneau-du-rhin.com\/moto\/de\/wp-json\/wp\/v2\/pages\/115227"}],"collection":[{"href":"https:\/\/www.anneau-du-rhin.com\/moto\/de\/wp-json\/wp\/v2\/pages"}],"about":[{"href":"https:\/\/www.anneau-du-rhin.com\/moto\/de\/wp-json\/wp\/v2\/types\/page"}],"author":[{"embeddable":true,"href":"https:\/\/www.anneau-du-rhin.com\/moto\/de\/wp-json\/wp\/v2\/users\/1"}],"replies":[{"embeddable":true,"href":"https:\/\/www.anneau-du-rhin.com\/moto\/de\/wp-json\/wp\/v2\/comments?post=115227"}],"version-history":[{"count":0,"href":"https:\/\/www.anneau-du-rhin.com\/moto\/de\/wp-json\/wp\/v2\/pages\/115227\/revisions"}],"wp:attachment":[{"href":"https:\/\/www.anneau-du-rhin.com\/moto\/de\/wp-json\/wp\/v2\/media?parent=115227"}],"curies":[{"name":"wp","href":"https:\/\/api.w.org\/{rel}","templated":true}]}}